{"id":23328,"date":"2023-03-27T18:21:24","date_gmt":"2023-03-27T18:21:24","guid":{"rendered":"https:\/\/chilimag.hu\/webshop\/?post_type=product&#038;p=23328"},"modified":"2026-02-17T10:12:17","modified_gmt":"2026-02-17T10:12:17","slug":"tunderkurt-monarch-z-s-sl","status":"publish","type":"product","link":"https:\/\/chilimag.hu\/webshop\/termek\/tunderkurt-monarch-z-s-sl\/","title":{"rendered":"T\u00fcnd\u00e9rk\u00fcrt (Ny\u00e1ri az\u00e1lea) Monarch Z.S SL"},"content":{"rendered":"","protected":false},"excerpt":{"rendered":"<p><img decoding=\"async\" class=\"active-logo\" src=\"https:\/\/b2b.seklos.lt\/themes\/warehouse\/img\/logo_en.png\" alt=\"Agrofirma S\u0117klos, UAB\" width=\"280\" height=\"95\" \/><\/p>\n<p>Egyny\u00e1ri szabadt\u00e9ri az\u00e1lea, 60-90 napig vir\u00e1gzik. 30 cm magasra n\u0151. Vir\u00e1gz\u00e1sa 5-7 cm \u00e1tm\u00e9r\u0151j\u0171, f\u00e9nyes, dupla vagy f\u00e9lig dupla. Legjobban napos helyen, nehezebb talajban n\u0151 \u00e9s vir\u00e1gzik, asz\u00e1lyos id\u0151szakban \u00f6nt\u00f6z\u00e9s javasolt. K\u00f6nnyen termeszthet\u0151, kev\u00e9s karbantart\u00e1st ig\u00e9nyel. Alkalmas vegyes vir\u00e1gos kertekben, nagyobb csoportokban \u00e1gy\u00e1sban, k\u00fclt\u00e9ri cser\u00e9pben termeszteni. A magasabb vir\u00e1gzatokat csokorba lehet v\u00e1gni. Fagy\u00e1ll\u00f3, a fiatal kihajtott pal\u00e1nt\u00e1k j\u00f3l b\u00edrj\u00e1k a tavaszi fagyokat. \u00d6nmagas vet\u00e9s.<\/p>\n<p>Mennyis\u00e9g kiszerel\u00e9sben 0,5g<br \/>\nMagok sz\u00e1ma grammonk\u00e9nt 16000<br \/>\nTranszplant\u00e1ci\u00f3 V-VI, 20 x 20 cm<br \/>\nVet\u00e9sid\u0151 a talajban IV-V, X, 0,5cm<br \/>\nGy\u00e1rt\u00f3 \u017dalia stotel\u0117<br \/>\nVII\u2013IX. vir\u00e1gz\u00e1si id\u0151szak, 30 cm<\/p>\n","protected":false},"featured_media":23329,"comment_status":"closed","ping_status":"closed","template":"","meta":[],"product_brand":[],"product_cat":[363],"product_tag":[],"class_list":{"0":"post-23328","1":"product","2":"type-product","3":"status-publish","4":"has-post-thumbnail","6":"product_cat-virag-vetomagok-zalia-stotele","8":"first","9":"instock","10":"taxable","11":"shipping-taxable","12":"purchasable","13":"product-type-simple"},"_links":{"self":[{"href":"https:\/\/chilimag.hu\/webshop\/wp-json\/wp\/v2\/product\/23328","targetHints":{"allow":["GET"]}}],"collection":[{"href":"https:\/\/chilimag.hu\/webshop\/wp-json\/wp\/v2\/product"}],"about":[{"href":"https:\/\/chilimag.hu\/webshop\/wp-json\/wp\/v2\/types\/product"}],"replies":[{"embeddable":true,"href":"https:\/\/chilimag.hu\/webshop\/wp-json\/wp\/v2\/comments?post=23328"}],"wp:featuredmedia":[{"embeddable":true,"href":"https:\/\/chilimag.hu\/webshop\/wp-json\/wp\/v2\/media\/23329"}],"wp:attachment":[{"href":"https:\/\/chilimag.hu\/webshop\/wp-json\/wp\/v2\/media?parent=23328"}],"wp:term":[{"taxonomy":"product_brand","embeddable":true,"href":"https:\/\/chilimag.hu\/webshop\/wp-json\/wp\/v2\/product_brand?post=23328"},{"taxonomy":"product_cat","embeddable":true,"href":"https:\/\/chilimag.hu\/webshop\/wp-json\/wp\/v2\/product_cat?post=23328"},{"taxonomy":"product_tag","embeddable":true,"href":"https:\/\/chilimag.hu\/webshop\/wp-json\/wp\/v2\/product_tag?post=23328"}],"curies":[{"name":"wp","href":"https:\/\/api.w.org\/{rel}","templated":true}]}}