{"id":23319,"date":"2023-03-27T18:07:04","date_gmt":"2023-03-27T18:07:04","guid":{"rendered":"https:\/\/chilimag.hu\/webshop\/?post_type=product&#038;p=23319"},"modified":"2026-03-28T14:15:14","modified_gmt":"2026-03-28T14:15:14","slug":"trombitavirag-superbissima-z-s-sl","status":"publish","type":"product","link":"https:\/\/chilimag.hu\/webshop\/termek\/trombitavirag-superbissima-z-s-sl\/","title":{"rendered":"Trombitavir\u00e1g Superbissima Z.S SL"},"content":{"rendered":"","protected":false},"excerpt":{"rendered":"<p><img decoding=\"async\" class=\"active-logo\" src=\"https:\/\/b2b.seklos.lt\/themes\/warehouse\/img\/logo_en.png\" alt=\"Agrofirma S\u0117klos, UAB\" width=\"280\" height=\"95\" \/><\/p>\n<p>Egyny\u00e1ri, ritka, a pet\u00fani\u00e1hoz hasonl\u00f3 d\u00edszes vir\u00e1gok. A vir\u00e1gok szimpla, harang alak\u00faak, 5 cm \u00e1tm\u00e9r\u0151j\u0171ek, f\u00e9nyesek, b\u00e1rsonyszer\u0171 puha, selymesek, t\u00f6bbsz\u00edn\u0171ek, eredeti m\u00e1rv\u00e1nymint\u00e1val. A magokat a vet\u00e9s ut\u00e1n nem takarjuk be talajjal, csak enyh\u00e9n nyomjuk bele a talaj felsz\u00edn\u00e9be. Fontos, hogy a talaj felsz\u00edne a cs\u00edr\u00e1z\u00e1s sor\u00e1n ne sz\u00e1radjon ki, ez\u00e9rt \u00fcveggel vagy f\u00f3li\u00e1val le kell takarni.<br \/>\nMennyis\u00e9g egy csomagban 0,5 g<br \/>\nA magok sz\u00e1ma grammonk\u00e9nt ~ 4000<br \/>\nTranszplant\u00e1ci\u00f3 V\u2013VI, 30 x 30 cm<br \/>\nVir\u00e1gz\u00e1si id\u0151, magass\u00e1g VII\u2013IX, 60 cm<br \/>\nNapos hely Igen<br \/>\nTerm\u0151f\u00f6ld<br \/>\nVet\u00e9sid\u0151 \u00fcvegh\u00e1zban III\u2013IV, 0 cm<br \/>\nGy\u00e1rt\u00f3 \u017dalia stotel\u0117<br \/>\nVII\u2013IX. vir\u00e1gz\u00e1si id\u0151szak, 60 cm<br \/>\nN\u00f6v\u00e9ny magass\u00e1ga, cm 60 cm<\/p>\n","protected":false},"featured_media":23320,"comment_status":"closed","ping_status":"closed","template":"","meta":[],"product_brand":[],"product_cat":[363],"product_tag":[],"class_list":{"0":"post-23319","1":"product","2":"type-product","3":"status-publish","4":"has-post-thumbnail","6":"product_cat-virag-vetomagok-zalia-stotele","8":"first","9":"instock","10":"taxable","11":"shipping-taxable","12":"purchasable","13":"product-type-simple"},"_links":{"self":[{"href":"https:\/\/chilimag.hu\/webshop\/wp-json\/wp\/v2\/product\/23319","targetHints":{"allow":["GET"]}}],"collection":[{"href":"https:\/\/chilimag.hu\/webshop\/wp-json\/wp\/v2\/product"}],"about":[{"href":"https:\/\/chilimag.hu\/webshop\/wp-json\/wp\/v2\/types\/product"}],"replies":[{"embeddable":true,"href":"https:\/\/chilimag.hu\/webshop\/wp-json\/wp\/v2\/comments?post=23319"}],"wp:featuredmedia":[{"embeddable":true,"href":"https:\/\/chilimag.hu\/webshop\/wp-json\/wp\/v2\/media\/23320"}],"wp:attachment":[{"href":"https:\/\/chilimag.hu\/webshop\/wp-json\/wp\/v2\/media?parent=23319"}],"wp:term":[{"taxonomy":"product_brand","embeddable":true,"href":"https:\/\/chilimag.hu\/webshop\/wp-json\/wp\/v2\/product_brand?post=23319"},{"taxonomy":"product_cat","embeddable":true,"href":"https:\/\/chilimag.hu\/webshop\/wp-json\/wp\/v2\/product_cat?post=23319"},{"taxonomy":"product_tag","embeddable":true,"href":"https:\/\/chilimag.hu\/webshop\/wp-json\/wp\/v2\/product_tag?post=23319"}],"curies":[{"name":"wp","href":"https:\/\/api.w.org\/{rel}","templated":true}]}}