{"id":23317,"date":"2023-03-27T18:00:26","date_gmt":"2023-03-27T18:00:26","guid":{"rendered":"https:\/\/chilimag.hu\/webshop\/?post_type=product&#038;p=23317"},"modified":"2025-10-10T18:01:42","modified_gmt":"2025-10-10T18:01:42","slug":"oszi-margitvirag-robinsons-giant-z-s-sl","status":"publish","type":"product","link":"https:\/\/chilimag.hu\/webshop\/termek\/oszi-margitvirag-robinsons-giant-z-s-sl\/","title":{"rendered":"\u0150szi margitvir\u00e1g Robinson&#8217;s Giant Z.S SL"},"content":{"rendered":"","protected":false},"excerpt":{"rendered":"<p><img decoding=\"async\" class=\"active-logo\" src=\"https:\/\/b2b.seklos.lt\/themes\/warehouse\/img\/logo_en.png\" alt=\"Agrofirma S\u0117klos, UAB\" width=\"280\" height=\"95\" \/><\/p>\n<p>\u00c9vel\u0151, 70 cm magas vir\u00e1gok. R\u00f3zsasz\u00edn sz\u00e1zszorsz\u00e9pnek is nevezik \u0151ket. Csokorba szedve, 7-10 napig v\u00edzben maradni. Kedvez\u0151 n\u00f6veked\u00e9si k\u00f6r\u00fclm\u00e9nyek k\u00f6z\u00f6tt ny\u00e1ron k\u00e9tszer is vir\u00e1gozhat. Legink\u00e1bb d\u00edszn\u00f6v\u00e9ny a vet\u00e9s ut\u00e1ni harmadik \u00e9vben. A terveket vir\u00e1g\u00e1gy\u00e1sokban termesztik, cserepesre alkalmas. Napos ter\u00fcleten termesztett, term\u00e9keny talajt vesz\u00edt. T\u00e9len aj\u00e1nlott takarni.<br \/>\nMennyis\u00e9g egy csomagban 0,5 g<br \/>\nA magok sz\u00e1ma grammonk\u00e9nt ~ 400<br \/>\nTranszplant\u00e1ci\u00f3 VI\u2013VIII, 30 x 30 cm<br \/>\nVir\u00e1gz\u00e1si id\u0151, magass\u00e1g VI -VII, IX 70 cm<br \/>\nNapos hely Igen<br \/>\n\u00c9vel\u0151 Igen<br \/>\nTerm\u0151f\u00f6ld<br \/>\nVet\u00e9sid\u0151 a talajban V, IX 1 cm<br \/>\nVet\u00e9sid\u0151 \u00fcvegh\u00e1zban IV, 1 cm<br \/>\nGy\u00e1rt\u00f3 \u017dalia stotel\u0117<br \/>\nVir\u00e1gz\u00e1si id\u0151szak VI -VII, IX 70 cm<br \/>\nN\u00f6v\u00e9ny magass\u00e1ga, cm 70 cm<\/p>\n","protected":false},"featured_media":23318,"comment_status":"closed","ping_status":"closed","template":"","meta":[],"product_brand":[],"product_cat":[363],"product_tag":[],"class_list":{"0":"post-23317","1":"product","2":"type-product","3":"status-publish","4":"has-post-thumbnail","6":"product_cat-virag-vetomagok-zalia-stotele","8":"first","9":"instock","10":"taxable","11":"shipping-taxable","12":"purchasable","13":"product-type-simple"},"_links":{"self":[{"href":"https:\/\/chilimag.hu\/webshop\/wp-json\/wp\/v2\/product\/23317","targetHints":{"allow":["GET"]}}],"collection":[{"href":"https:\/\/chilimag.hu\/webshop\/wp-json\/wp\/v2\/product"}],"about":[{"href":"https:\/\/chilimag.hu\/webshop\/wp-json\/wp\/v2\/types\/product"}],"replies":[{"embeddable":true,"href":"https:\/\/chilimag.hu\/webshop\/wp-json\/wp\/v2\/comments?post=23317"}],"wp:featuredmedia":[{"embeddable":true,"href":"https:\/\/chilimag.hu\/webshop\/wp-json\/wp\/v2\/media\/23318"}],"wp:attachment":[{"href":"https:\/\/chilimag.hu\/webshop\/wp-json\/wp\/v2\/media?parent=23317"}],"wp:term":[{"taxonomy":"product_brand","embeddable":true,"href":"https:\/\/chilimag.hu\/webshop\/wp-json\/wp\/v2\/product_brand?post=23317"},{"taxonomy":"product_cat","embeddable":true,"href":"https:\/\/chilimag.hu\/webshop\/wp-json\/wp\/v2\/product_cat?post=23317"},{"taxonomy":"product_tag","embeddable":true,"href":"https:\/\/chilimag.hu\/webshop\/wp-json\/wp\/v2\/product_tag?post=23317"}],"curies":[{"name":"wp","href":"https:\/\/api.w.org\/{rel}","templated":true}]}}