{"id":23311,"date":"2023-03-27T17:48:30","date_gmt":"2023-03-27T17:48:30","guid":{"rendered":"https:\/\/chilimag.hu\/webshop\/?post_type=product&#038;p=23311"},"modified":"2026-04-04T06:08:48","modified_gmt":"2026-04-04T06:08:48","slug":"budoske-kilimanjaro-z-s-sl","status":"publish","type":"product","link":"https:\/\/chilimag.hu\/webshop\/termek\/budoske-kilimanjaro-z-s-sl\/","title":{"rendered":"B\u00fcd\u00f6ske Kilimanjaro Z.S SL"},"content":{"rendered":"","protected":false},"excerpt":{"rendered":"<p><img decoding=\"async\" class=\"active-logo\" src=\"https:\/\/b2b.seklos.lt\/themes\/warehouse\/img\/logo_en.png\" alt=\"Agrofirma S\u0117klos, UAB\" width=\"280\" height=\"95\" \/><\/p>\n<p>Egyny\u00e1ri 45 cm magas n\u00f6v\u00e9nyek. A vir\u00e1gok \u00e1tm\u00e9r\u0151je 8 cm. J\u00f3l n\u0151 \u00e9s vir\u00e1gzik a napon \u00e9s az \u00e1rny\u00e9kban. Nem ig\u00e9nyes a talajra. A legjobban term\u00e9keny agyagos talajban fejl\u0151dik. \u00dcltet\u0151be, vir\u00e1goskertbe, temet\u0151be, cserepesnek j\u00f3. Vir\u00e1gz\u00e1s ut\u00e1n elpuszt\u00edtjuk, hogy el\u0151seg\u00edts\u00fck \u00e9s meghosszabb\u00edtsuk a vir\u00e1gz\u00e1st. Fitoalexint tartalmaznak, \u00edgy a k\u00f6zelben l\u00e9v\u0151 m\u00e1s n\u00f6v\u00e9nyeket kev\u00e9sb\u00e9 t\u00e1madj\u00e1k meg a k\u00e1rtev\u0151k.<\/p>\n<p>Kiszerel\u00e9s egy csomagban 0,2 g<br \/>\nA magok sz\u00e1ma grammonk\u00e9nt ~ 290-300<br \/>\nTranszplant\u00e1ci\u00f3 V\u2013VI, 20 x 20 cm<br \/>\nVir\u00e1gz\u00e1si id\u0151, magass\u00e1g VII\u2013X, 45 cm<br \/>\nNapos hely Igen<br \/>\nAz OutdoorITerrace termeszt\u00e9si helye<br \/>\nVet\u00e9sid\u0151 a talajban V, 1 cm<br \/>\nVet\u00e9sid\u0151 \u00fcvegh\u00e1zban III\u2013IV, 1 cm<br \/>\nGy\u00e1rt\u00f3 \u017dalia stotel\u0117<br \/>\nVII\u2013X. vir\u00e1gz\u00e1si id\u0151szak, 45 cm<br \/>\nN\u00f6v\u00e9ny magass\u00e1ga, cm 45 cm<\/p>\n","protected":false},"featured_media":23312,"comment_status":"closed","ping_status":"closed","template":"","meta":[],"product_brand":[],"product_cat":[363],"product_tag":[],"class_list":{"0":"post-23311","1":"product","2":"type-product","3":"status-publish","4":"has-post-thumbnail","6":"product_cat-virag-vetomagok-zalia-stotele","8":"first","9":"instock","10":"taxable","11":"shipping-taxable","12":"purchasable","13":"product-type-simple"},"_links":{"self":[{"href":"https:\/\/chilimag.hu\/webshop\/wp-json\/wp\/v2\/product\/23311","targetHints":{"allow":["GET"]}}],"collection":[{"href":"https:\/\/chilimag.hu\/webshop\/wp-json\/wp\/v2\/product"}],"about":[{"href":"https:\/\/chilimag.hu\/webshop\/wp-json\/wp\/v2\/types\/product"}],"replies":[{"embeddable":true,"href":"https:\/\/chilimag.hu\/webshop\/wp-json\/wp\/v2\/comments?post=23311"}],"wp:featuredmedia":[{"embeddable":true,"href":"https:\/\/chilimag.hu\/webshop\/wp-json\/wp\/v2\/media\/23312"}],"wp:attachment":[{"href":"https:\/\/chilimag.hu\/webshop\/wp-json\/wp\/v2\/media?parent=23311"}],"wp:term":[{"taxonomy":"product_brand","embeddable":true,"href":"https:\/\/chilimag.hu\/webshop\/wp-json\/wp\/v2\/product_brand?post=23311"},{"taxonomy":"product_cat","embeddable":true,"href":"https:\/\/chilimag.hu\/webshop\/wp-json\/wp\/v2\/product_cat?post=23311"},{"taxonomy":"product_tag","embeddable":true,"href":"https:\/\/chilimag.hu\/webshop\/wp-json\/wp\/v2\/product_tag?post=23311"}],"curies":[{"name":"wp","href":"https:\/\/api.w.org\/{rel}","templated":true}]}}