{"id":23307,"date":"2023-03-27T17:43:25","date_gmt":"2023-03-27T17:43:25","guid":{"rendered":"https:\/\/chilimag.hu\/webshop\/?post_type=product&#038;p=23307"},"modified":"2026-02-15T15:38:34","modified_gmt":"2026-02-15T15:38:34","slug":"sarkantyuka-moonlight-z-s-sl","status":"publish","type":"product","link":"https:\/\/chilimag.hu\/webshop\/termek\/sarkantyuka-moonlight-z-s-sl\/","title":{"rendered":"Sarkanty\u00faka Moonlight Z.S SL"},"content":{"rendered":"","protected":false},"excerpt":{"rendered":"<p><img decoding=\"async\" class=\"active-logo\" src=\"https:\/\/b2b.seklos.lt\/themes\/warehouse\/img\/logo_en.png\" alt=\"Agrofirma S\u0117klos, UAB\" width=\"280\" height=\"95\" \/><\/p>\n<p>Egyny\u00e1ri vir\u00e1gok. A sz\u00e1rak ak\u00e1r 3 m hossz\u00faak is lehetnek. A vir\u00e1gok \u00e1tm\u00e9r\u0151je 4-5 cm. B\u0151s\u00e9gesen vir\u00e1gzik j\u00fanius v\u00e9g\u00e9t\u0151l k\u00e9s\u0151 \u0151szig. Legjobban napf\u00e9nyben \u00e9s vil\u00e1gos \u00e1rny\u00e9kban fejl\u0151dik, nem ig\u00e9nyes a talajra. Gazdag talajban gyeng\u00e9n vir\u00e1gzik. Alkalmas vir\u00e1gtart\u00f3kra, erk\u00e9lyekre, ker\u00edt\u00e9sekre. Ezek a vir\u00e1gok seg\u00edthetnek megv\u00e9deni a k\u00e1poszt\u00e1t a k\u00e1posztalepk\u00e9t\u0151l. A k\u00e1poszta\u00e1gy\u00e1sba vetve elriasztja a k\u00e1posztalepk\u00e9t.<\/p>\n<p>Kiszerel\u00e9s egy csomagban 3 g<br \/>\nMagok sz\u00e1ma grammonk\u00e9nt ~ 7-9<br \/>\nTranszplant\u00e1ci\u00f3 V-VI, 20 x 30 cm<br \/>\nVir\u00e1gz\u00e1si id\u0151, magass\u00e1g IV-V, 300cm<br \/>\nNapos hely Igen<br \/>\nF\u00e9l\u00e1rny\u00e9k Igen<br \/>\nAz OutdoorITerrace termeszt\u00e9si helye<br \/>\nVet\u00e9sid\u0151 a talajban IV\u2013V, 2 cm<br \/>\nGy\u00e1rt\u00f3 \u017dalia stotel\u0117<br \/>\nVI\u2013IX. vir\u00e1gz\u00e1si id\u0151szak, 300 cm<br \/>\nN\u00f6v\u00e9nymagass\u00e1g, cm 300 cm<\/p>\n","protected":false},"featured_media":23308,"comment_status":"closed","ping_status":"closed","template":"","meta":[],"product_brand":[],"product_cat":[363],"product_tag":[],"class_list":{"0":"post-23307","1":"product","2":"type-product","3":"status-publish","4":"has-post-thumbnail","6":"product_cat-virag-vetomagok-zalia-stotele","8":"first","9":"instock","10":"taxable","11":"shipping-taxable","12":"purchasable","13":"product-type-simple"},"_links":{"self":[{"href":"https:\/\/chilimag.hu\/webshop\/wp-json\/wp\/v2\/product\/23307","targetHints":{"allow":["GET"]}}],"collection":[{"href":"https:\/\/chilimag.hu\/webshop\/wp-json\/wp\/v2\/product"}],"about":[{"href":"https:\/\/chilimag.hu\/webshop\/wp-json\/wp\/v2\/types\/product"}],"replies":[{"embeddable":true,"href":"https:\/\/chilimag.hu\/webshop\/wp-json\/wp\/v2\/comments?post=23307"}],"wp:featuredmedia":[{"embeddable":true,"href":"https:\/\/chilimag.hu\/webshop\/wp-json\/wp\/v2\/media\/23308"}],"wp:attachment":[{"href":"https:\/\/chilimag.hu\/webshop\/wp-json\/wp\/v2\/media?parent=23307"}],"wp:term":[{"taxonomy":"product_brand","embeddable":true,"href":"https:\/\/chilimag.hu\/webshop\/wp-json\/wp\/v2\/product_brand?post=23307"},{"taxonomy":"product_cat","embeddable":true,"href":"https:\/\/chilimag.hu\/webshop\/wp-json\/wp\/v2\/product_cat?post=23307"},{"taxonomy":"product_tag","embeddable":true,"href":"https:\/\/chilimag.hu\/webshop\/wp-json\/wp\/v2\/product_tag?post=23307"}],"curies":[{"name":"wp","href":"https:\/\/api.w.org\/{rel}","templated":true}]}}