{"id":23305,"date":"2023-03-27T17:39:38","date_gmt":"2023-03-27T17:39:38","guid":{"rendered":"https:\/\/chilimag.hu\/webshop\/?post_type=product&#038;p=23305"},"modified":"2026-03-09T10:26:46","modified_gmt":"2026-03-09T10:26:46","slug":"mehbalzsam-purple-z-s-sl","status":"publish","type":"product","link":"https:\/\/chilimag.hu\/webshop\/termek\/mehbalzsam-purple-z-s-sl\/","title":{"rendered":"M\u00e9hbalzsam Purple Z.S SL"},"content":{"rendered":"","protected":false},"excerpt":{"rendered":"<p><img decoding=\"async\" class=\"active-logo\" src=\"https:\/\/b2b.seklos.lt\/themes\/warehouse\/img\/logo_en.png\" alt=\"Agrofirma S\u0117klos, UAB\" width=\"280\" height=\"95\" \/><\/p>\n<p>Eredeti vir\u00e1gz\u00e1s\u00fa \u00e9vel\u0151 vir\u00e1gok, 80 cm magasra n\u0151nek. A vir\u00e1gok egyik legegyszer\u0171bben gondoz\u00e1sa. J\u00f3l n\u00f6vekszik a napon, de j\u00f3l t\u0171ri a r\u00e9szleges \u00e1rny\u00e9kot is. Vir\u00e1goskertben t\u00f6rt\u00e9n\u0151 termeszt\u00e9skor sz\u00e9lt\u0151l v\u00e9dett helyet kell v\u00e1lasztani. A vir\u00e1gokat csokorba v\u00e1gj\u00e1k, a vir\u00e1gok \u00e9s a levelek egyar\u00e1nt alkalmasak \u00e9telek d\u00edsz\u00edt\u00e9s\u00e9re \u00e9s italok \u00edzes\u00edt\u00e9s\u00e9re. Mivel a vir\u00e1gok sok nekt\u00e1rt halmoznak fel, a pillang\u00f3k \u00e9s a m\u00e9hek vonz\u00f3dnak a vir\u00e1goskerthez. Ezek a vir\u00e1gok eg\u00e9sz ny\u00e1ron vir\u00e1goznak, ez\u00e9rt t\u00e9l el\u0151tt aj\u00e1nlott lev\u00e1gni a sz\u00e1rukat. Fedetlen \u00e1llapotban telel \u00e1t.<\/p>\n<p>Mennyis\u00e9g egy csomagban 0,3 g<br \/>\nA magok sz\u00e1ma grammonk\u00e9nt ~ 2400<br \/>\nTranszplant\u00e1ci\u00f3 V-VI, 30 x 40 cm<br \/>\nVir\u00e1gz\u00e1si id\u0151, magass\u00e1g VII\u2013VIII, 80 cm<br \/>\nF\u00e9l\u00e1rny\u00e9k Igen<br \/>\n\u00c9vel\u0151 Igen<br \/>\nTerm\u0151f\u00f6ld<br \/>\nVet\u00e9sid\u0151 a talajban V cm<br \/>\nVet\u00e9sid\u0151 \u00fcvegh\u00e1zban IV, 1 cm<br \/>\nGy\u00e1rt\u00f3 \u017dalia stotel\u0117<br \/>\nVII-VIII vir\u00e1gz\u00e1si id\u0151szak, 80 cm<br \/>\nN\u00f6v\u00e9nymagass\u00e1g, cm 80 cm<\/p>\n","protected":false},"featured_media":23306,"comment_status":"closed","ping_status":"closed","template":"","meta":[],"product_brand":[],"product_cat":[363],"product_tag":[],"class_list":{"0":"post-23305","1":"product","2":"type-product","3":"status-publish","4":"has-post-thumbnail","6":"product_cat-virag-vetomagok-zalia-stotele","8":"first","9":"instock","10":"taxable","11":"shipping-taxable","12":"purchasable","13":"product-type-simple"},"_links":{"self":[{"href":"https:\/\/chilimag.hu\/webshop\/wp-json\/wp\/v2\/product\/23305","targetHints":{"allow":["GET"]}}],"collection":[{"href":"https:\/\/chilimag.hu\/webshop\/wp-json\/wp\/v2\/product"}],"about":[{"href":"https:\/\/chilimag.hu\/webshop\/wp-json\/wp\/v2\/types\/product"}],"replies":[{"embeddable":true,"href":"https:\/\/chilimag.hu\/webshop\/wp-json\/wp\/v2\/comments?post=23305"}],"wp:featuredmedia":[{"embeddable":true,"href":"https:\/\/chilimag.hu\/webshop\/wp-json\/wp\/v2\/media\/23306"}],"wp:attachment":[{"href":"https:\/\/chilimag.hu\/webshop\/wp-json\/wp\/v2\/media?parent=23305"}],"wp:term":[{"taxonomy":"product_brand","embeddable":true,"href":"https:\/\/chilimag.hu\/webshop\/wp-json\/wp\/v2\/product_brand?post=23305"},{"taxonomy":"product_cat","embeddable":true,"href":"https:\/\/chilimag.hu\/webshop\/wp-json\/wp\/v2\/product_cat?post=23305"},{"taxonomy":"product_tag","embeddable":true,"href":"https:\/\/chilimag.hu\/webshop\/wp-json\/wp\/v2\/product_tag?post=23305"}],"curies":[{"name":"wp","href":"https:\/\/api.w.org\/{rel}","templated":true}]}}