{"id":23303,"date":"2023-03-27T17:36:34","date_gmt":"2023-03-27T17:36:34","guid":{"rendered":"https:\/\/chilimag.hu\/webshop\/?post_type=product&#038;p=23303"},"modified":"2025-08-31T17:24:37","modified_gmt":"2025-08-31T17:24:37","slug":"japanfu-early-hybrids-z-s-sl","status":"publish","type":"product","link":"https:\/\/chilimag.hu\/webshop\/termek\/japanfu-early-hybrids-z-s-sl\/","title":{"rendered":"Jap\u00e1nf\u0171 Early Hybrids Z.S SL"},"content":{"rendered":"","protected":false},"excerpt":{"rendered":"<p><img decoding=\"async\" class=\"active-logo\" src=\"https:\/\/b2b.seklos.lt\/themes\/warehouse\/img\/logo_en.png\" alt=\"Agrofirma S\u0117klos, UAB\" width=\"280\" height=\"95\" \/><\/p>\n<p>\u00c9vel\u0151 n\u00f6v\u00e9ny, amelyet gy\u00f6ny\u00f6r\u0171 lombozat\u00e1r\u00f3l m\u00e9lt\u00e1nyolnak. Ezek a kerti sz\u00e9ps\u00e9gek nemcsak ny\u00e1ron \u00e9s \u0151sszel tetszenek a szemnek, hanem t\u00e9len is h\u00f3takar\u00f3val d\u00edsz\u00edtik a kertet. Az els\u0151 \u00e9vben az \u00e1lland\u00f3 helyre \u00fcltetett pal\u00e1nt\u00e1k lassan n\u00f6vekednek, k\u00e9s\u0151bb azonban a n\u00f6veked\u00e9si folyamat felgyorsul. Sok \u00e9vig termeszthet\u0151 ugyanazon a helyen. Ezeket a n\u00f6v\u00e9nyeket egyenk\u00e9nt kell \u00fcltetni, hagyva n\u00e9mi teret a terjeszked\u00e9shez.<br \/>\nMennyis\u00e9g egy csomagban 0,1 g<br \/>\nA magok sz\u00e1ma grammonk\u00e9nt ~ 1100<br \/>\nTranszplant\u00e1ci\u00f3 V-VII, 100 x 150 cm<br \/>\nVir\u00e1gz\u00e1si id\u0151, magass\u00e1g VIII-X, 220 cm<br \/>\nNapos hely Igen<br \/>\n\u00c9vel\u0151 Igen<br \/>\nTerm\u0151f\u00f6ld<br \/>\nVet\u00e9sid\u0151 \u00fcvegh\u00e1zban III-V, 2 cm<br \/>\nGy\u00e1rt\u00f3 \u017dalia stotel\u0117<br \/>\nVIII-X vir\u00e1gz\u00e1si id\u0151szak, 220 cm<br \/>\nN\u00f6v\u00e9nymagass\u00e1g, cm 220 cm<\/p>\n","protected":false},"featured_media":23304,"comment_status":"closed","ping_status":"closed","template":"","meta":[],"product_brand":[],"product_cat":[363],"product_tag":[],"class_list":{"0":"post-23303","1":"product","2":"type-product","3":"status-publish","4":"has-post-thumbnail","6":"product_cat-virag-vetomagok-zalia-stotele","8":"first","9":"instock","10":"taxable","11":"shipping-taxable","12":"purchasable","13":"product-type-simple"},"_links":{"self":[{"href":"https:\/\/chilimag.hu\/webshop\/wp-json\/wp\/v2\/product\/23303","targetHints":{"allow":["GET"]}}],"collection":[{"href":"https:\/\/chilimag.hu\/webshop\/wp-json\/wp\/v2\/product"}],"about":[{"href":"https:\/\/chilimag.hu\/webshop\/wp-json\/wp\/v2\/types\/product"}],"replies":[{"embeddable":true,"href":"https:\/\/chilimag.hu\/webshop\/wp-json\/wp\/v2\/comments?post=23303"}],"wp:featuredmedia":[{"embeddable":true,"href":"https:\/\/chilimag.hu\/webshop\/wp-json\/wp\/v2\/media\/23304"}],"wp:attachment":[{"href":"https:\/\/chilimag.hu\/webshop\/wp-json\/wp\/v2\/media?parent=23303"}],"wp:term":[{"taxonomy":"product_brand","embeddable":true,"href":"https:\/\/chilimag.hu\/webshop\/wp-json\/wp\/v2\/product_brand?post=23303"},{"taxonomy":"product_cat","embeddable":true,"href":"https:\/\/chilimag.hu\/webshop\/wp-json\/wp\/v2\/product_cat?post=23303"},{"taxonomy":"product_tag","embeddable":true,"href":"https:\/\/chilimag.hu\/webshop\/wp-json\/wp\/v2\/product_tag?post=23303"}],"curies":[{"name":"wp","href":"https:\/\/api.w.org\/{rel}","templated":true}]}}