{"id":233,"date":"2014-11-09T12:31:01","date_gmt":"2014-11-09T12:31:01","guid":{"rendered":"https:\/\/chilimag.hu\/webshop\/?post_type=product&#038;p=233"},"modified":"2025-08-11T08:54:23","modified_gmt":"2025-08-11T08:54:23","slug":"joes-long-cayenne","status":"publish","type":"product","link":"https:\/\/chilimag.hu\/webshop\/termek\/joes-long-cayenne\/","title":{"rendered":"Joes long cayenne"},"content":{"rendered":"","protected":false},"excerpt":{"rendered":"<p><img decoding=\"async\" src=\"https:\/\/chilimag.hu\/webshop\/wp-content\/uploads\/2014\/11\/chilimag-logo-2-150x150.jpg\" \/><\/p>\n<p>Le\u00edr\u00e1s<\/p>\n<p>A Joe`s Long Cayenne Chili igaz\u00e1n k\u00fcl\u00f6nleges a paprika m\u00e9ret\u00e9t tekintve. Tesztfajt\u00e1ink bebizony\u00edtott\u00e1k, hogy a paprika k\u00f6nnyen megn\u0151het ak\u00e1r 25 cm hossz\u00fas\u00e1g\u00fara is.<\/p>\n<p>A z\u00f6ldt\u0151l a pirosig \u00e9r\u0151 gy\u00fcm\u00f6lcs\u00f6k \u00edze hasonl\u00f3 a kaliforniai paprik\u00e1hoz, enyh\u00e9n \u00e9des, de viszonylag cs\u00edp\u0151s. A v\u00e9kony fal\u00fa paprika kiv\u00e1l\u00f3an alkalmas sz\u00e1r\u00edt\u00e1sra, \u00f6sszef\u0171z\u00e9sre, ristr\u00e1k k\u00e9sz\u00edt\u00e9s\u00e9re \u00e9s tart\u00f3s\u00edt\u00e1sra. Kezd\u0151knek aj\u00e1nljuk ezt a n\u00f6v\u00e9nyt, mivel nagyon megbocs\u00e1tja a kert\u00e9szeti hib\u00e1kat, \u00e9s m\u00e9g mindig magas paprikaterm\u00e9st hoz.<\/p>\n<p>Gondoz\u00e1sa: A cs\u00edr\u00e1z\u00e1si h\u0151m\u00e9rs\u00e9klet 22\u00b0C \u00e9s 28\u00b0C k\u00f6z\u00f6tt van (cs\u00edr\u00e1z\u00e1si id\u0151: 6-20 nap); ez\u00e9rt \u00fcvegh\u00e1z \u00e9s f\u0171t\u0151sz\u0151nyeg haszn\u00e1lata javasolt. A n\u00f6v\u00e9nyeknek friss, j\u00f3l tr\u00e1gy\u00e1zott v\u00edz\u00e1tereszt\u0151 talajra van sz\u00fcks\u00e9g\u00fck, \u00e9s nem szabad \u00e1ll\u00f3v\u00edzben hagyni. Napos, v\u00e9dett helyre kell helyezni, ahol legal\u00e1bb napi 6 \u00f3ra napf\u00e9ny \u00e9ri, ha nem t\u00f6bb. K\u00f6r\u00fclbel\u00fcl 2-3 h\u00e9ttel az utols\u00f3 fagy ut\u00e1n helyezze ki a n\u00f6v\u00e9nyeket a szabadba. Amikor a pal\u00e1nt\u00e1kat a szabadba \u00fclteti, \u00fcgyeljen arra, hogy az egyes n\u00f6v\u00e9nyek k\u00f6z\u00f6tt legal\u00e1bb 50 cm t\u00e1vols\u00e1g legyen. A f\u0151 betakar\u00edt\u00e1st k\u00f6r\u00fclbel\u00fcl 3 h\u00f3napos \u00e9r\u00e9si id\u0151 ut\u00e1n kell elv\u00e9gezni.<\/p>\n<p>Capsicum annuum t\u00edpus<br \/>\nF\u0171szerszint 8<br \/>\nScoville 20 000 &#8211; 50 000 SHU<br \/>\nOptim\u00e1lis cs\u00edr\u00e1z\u00e1si h\u0151m\u00e9rs\u00e9klet 22 &#8211; 28 \u00b0C<br \/>\nVet\u00e9s jan-\u00e1pr<br \/>\nFeh\u00e9r vir\u00e1gok (m\u00e1jus-augusztus)<br \/>\nN\u00f6veked\u00e9si szok\u00e1sa Laz\u00e1n fel\u00e1ll\u00f3, 90-120 cm magas<br \/>\n\u00c9rlel\u00e9s Z\u00f6ldt\u0151l v\u00f6r\u00f6sig<br \/>\nGy\u00fcm\u00f6lcs megjelen\u00e9se 20-25 cm hossz\u00fa, v\u00e9kony term\u00e9s<br \/>\n\u00c9rlel\u00e9si id\u0151 90 nap<br \/>\nA sz\u00e1rmaz\u00e1si forr\u00e1sok elt\u00e9r\u0151ek, val\u00f3sz\u00edn\u0171leg Olaszorsz\u00e1g (vagy Mexik\u00f3)<\/p>\n<p>A csomag 10 szem \u00a0magot tartalmaz<\/p>\n","protected":false},"featured_media":234,"comment_status":"open","ping_status":"closed","template":"","meta":[],"product_brand":[],"product_cat":[8],"product_tag":[],"class_list":{"0":"post-233","1":"product","2":"type-product","3":"status-publish","4":"has-post-thumbnail","6":"product_cat-paprika","8":"first","9":"instock","10":"taxable","11":"shipping-taxable","12":"purchasable","13":"product-type-simple"},"_links":{"self":[{"href":"https:\/\/chilimag.hu\/webshop\/wp-json\/wp\/v2\/product\/233","targetHints":{"allow":["GET"]}}],"collection":[{"href":"https:\/\/chilimag.hu\/webshop\/wp-json\/wp\/v2\/product"}],"about":[{"href":"https:\/\/chilimag.hu\/webshop\/wp-json\/wp\/v2\/types\/product"}],"replies":[{"embeddable":true,"href":"https:\/\/chilimag.hu\/webshop\/wp-json\/wp\/v2\/comments?post=233"}],"wp:featuredmedia":[{"embeddable":true,"href":"https:\/\/chilimag.hu\/webshop\/wp-json\/wp\/v2\/media\/234"}],"wp:attachment":[{"href":"https:\/\/chilimag.hu\/webshop\/wp-json\/wp\/v2\/media?parent=233"}],"wp:term":[{"taxonomy":"product_brand","embeddable":true,"href":"https:\/\/chilimag.hu\/webshop\/wp-json\/wp\/v2\/product_brand?post=233"},{"taxonomy":"product_cat","embeddable":true,"href":"https:\/\/chilimag.hu\/webshop\/wp-json\/wp\/v2\/product_cat?post=233"},{"taxonomy":"product_tag","embeddable":true,"href":"https:\/\/chilimag.hu\/webshop\/wp-json\/wp\/v2\/product_tag?post=233"}],"curies":[{"name":"wp","href":"https:\/\/api.w.org\/{rel}","templated":true}]}}