{"id":23299,"date":"2023-03-27T17:27:37","date_gmt":"2023-03-27T17:27:37","guid":{"rendered":"https:\/\/chilimag.hu\/webshop\/?post_type=product&#038;p=23299"},"modified":"2026-03-07T16:39:16","modified_gmt":"2026-03-07T16:39:16","slug":"serleglonc-z-s-sl","status":"publish","type":"product","link":"https:\/\/chilimag.hu\/webshop\/termek\/serleglonc-z-s-sl\/","title":{"rendered":"Serleglonc Cathedral Bells Z.S SL"},"content":{"rendered":"","protected":false},"excerpt":{"rendered":"<p><img decoding=\"async\" class=\"active-logo\" src=\"https:\/\/b2b.seklos.lt\/themes\/warehouse\/img\/logo_en.png\" alt=\"Agrofirma S\u0117klos, UAB\" width=\"280\" height=\"95\" \/><\/p>\n<p>\u00c9vel\u0151, egyny\u00e1ri, k\u00fasz\u00f3n\u00f6v\u00e9nyk\u00e9nt termesztik. A vir\u00e1gok harang alak\u00faak, nagyok, a n\u00f6v\u00e9nyek ak\u00e1r 4 m magasra n\u0151nek. Erk\u00e9lyekre, ker\u00edt\u00e9sekn\u00e9l vetve, pergol\u00e1k \u00fcltet\u00e9s\u00e9re alkalmas. J\u00f3l n\u0151 \u00e9s vir\u00e1gzik napos, meleg helyen, term\u00e9keny talajon. A cs\u00edr\u00e1z\u00e1s hossz\u00fa ideig tart, a magvak legal\u00e1bb +18 \u00b0C-on cs\u00edr\u00e1znak, 14-20 napon bel\u00fcl cs\u00edr\u00e1znak. A pal\u00e1nt\u00e1kat a tavaszi fagyok ut\u00e1n szabadba \u00fcltetj\u00fck.<br \/>\nTranszplant\u00e1ci\u00f3 V-VI, 100 x 100cm<br \/>\nVir\u00e1gz\u00e1si id\u0151, magass\u00e1g VII\u2013X, 400 cm<br \/>\nNapos hely Igen<br \/>\nF\u00e9l\u00e1rny\u00e9k Igen<br \/>\nAz OutdoorITerrace termeszt\u00e9si helye<br \/>\nVet\u00e9sid\u0151 \u00fcvegh\u00e1zban II\u2013III, 1 cm<br \/>\nGy\u00e1rt\u00f3 \u017dalia stotel\u0117<br \/>\nVII\u2013X. vir\u00e1gz\u00e1si id\u0151szak, 400 cm<br \/>\nN\u00f6v\u00e9nymagass\u00e1g, cm 400 cm<\/p>\n","protected":false},"featured_media":23300,"comment_status":"closed","ping_status":"closed","template":"","meta":[],"product_brand":[],"product_cat":[363],"product_tag":[],"class_list":{"0":"post-23299","1":"product","2":"type-product","3":"status-publish","4":"has-post-thumbnail","6":"product_cat-virag-vetomagok-zalia-stotele","8":"first","9":"instock","10":"taxable","11":"shipping-taxable","12":"purchasable","13":"product-type-simple"},"_links":{"self":[{"href":"https:\/\/chilimag.hu\/webshop\/wp-json\/wp\/v2\/product\/23299","targetHints":{"allow":["GET"]}}],"collection":[{"href":"https:\/\/chilimag.hu\/webshop\/wp-json\/wp\/v2\/product"}],"about":[{"href":"https:\/\/chilimag.hu\/webshop\/wp-json\/wp\/v2\/types\/product"}],"replies":[{"embeddable":true,"href":"https:\/\/chilimag.hu\/webshop\/wp-json\/wp\/v2\/comments?post=23299"}],"wp:featuredmedia":[{"embeddable":true,"href":"https:\/\/chilimag.hu\/webshop\/wp-json\/wp\/v2\/media\/23300"}],"wp:attachment":[{"href":"https:\/\/chilimag.hu\/webshop\/wp-json\/wp\/v2\/media?parent=23299"}],"wp:term":[{"taxonomy":"product_brand","embeddable":true,"href":"https:\/\/chilimag.hu\/webshop\/wp-json\/wp\/v2\/product_brand?post=23299"},{"taxonomy":"product_cat","embeddable":true,"href":"https:\/\/chilimag.hu\/webshop\/wp-json\/wp\/v2\/product_cat?post=23299"},{"taxonomy":"product_tag","embeddable":true,"href":"https:\/\/chilimag.hu\/webshop\/wp-json\/wp\/v2\/product_tag?post=23299"}],"curies":[{"name":"wp","href":"https:\/\/api.w.org\/{rel}","templated":true}]}}