{"id":23273,"date":"2023-03-26T19:29:12","date_gmt":"2023-03-26T19:29:12","guid":{"rendered":"https:\/\/chilimag.hu\/webshop\/?post_type=product&#038;p=23273"},"modified":"2026-02-10T11:17:41","modified_gmt":"2026-02-10T11:17:41","slug":"kinai-trombitafolyondar-z-s-sl","status":"publish","type":"product","link":"https:\/\/chilimag.hu\/webshop\/termek\/kinai-trombitafolyondar-z-s-sl\/","title":{"rendered":"J\u00fcnanni t\u00f6lcs\u00e9rgy\u00f6k\u00e9r Chinese Trumpet Z.S SL"},"content":{"rendered":"","protected":false},"excerpt":{"rendered":"<p><img decoding=\"async\" class=\"active-logo\" src=\"https:\/\/b2b.seklos.lt\/themes\/warehouse\/img\/logo_en.png\" alt=\"Agrofirma S\u0117klos, UAB\" width=\"280\" height=\"95\" \/><\/p>\n<p>Eredeti harang alak\u00fa vir\u00e1g\u00fa \u00e9vel\u0151 n\u00f6v\u00e9ny, 40-60 cm magasra n\u0151. Alkalmas szeg\u00e9lyek, f\u00fcgg\u0151kosarak, teraszok, kont\u00e9nerek tereprendez\u00e9s\u00e9re. Remek kerti akcentus, sziklakertek d\u00edsze. A pal\u00e1nt\u00e1kat vir\u00e1goskertbe kell \u00fcltetni. A termeszt\u00e9shez \u00e1rny\u00e9kos helyet \u00e9s nedvesebb talajt kell v\u00e1lasztani. 8 \u00e9vig n\u0151het ugyanazon a helyen. T\u00e9len az els\u0151 \u0151szi fagyok el\u0151tt javasolt letakarni vagy ki\u00e1sni.<\/p>\n<p>Mennyis\u00e9g egy csomagban 0,2g<br \/>\nA magok sz\u00e1ma grammonk\u00e9nt ~ 200<br \/>\nTranszplant\u00e1ci\u00f3 V-VI, 20 x 30 cm<br \/>\nNapos hely Igen<br \/>\nF\u00e9l\u00e1rny\u00e9k Igen<br \/>\n\u00c9vel\u0151 Igen<br \/>\nAz OutdoorITerrace termeszt\u00e9si helye<br \/>\nVet\u00e9sid\u0151 \u00fcvegh\u00e1zban II-III, 2 cm<br \/>\nGy\u00e1rt\u00f3 \u017dalia stotel\u0117<br \/>\nVir\u00e1gz\u00e1si id\u0151szak VI-VII, 40 cm<br \/>\nN\u00f6v\u00e9nymagass\u00e1g, cm 40-60 cm<\/p>\n","protected":false},"featured_media":23274,"comment_status":"closed","ping_status":"closed","template":"","meta":[],"product_brand":[],"product_cat":[363],"product_tag":[],"class_list":{"0":"post-23273","1":"product","2":"type-product","3":"status-publish","4":"has-post-thumbnail","6":"product_cat-virag-vetomagok-zalia-stotele","8":"first","9":"instock","10":"taxable","11":"shipping-taxable","12":"purchasable","13":"product-type-simple"},"_links":{"self":[{"href":"https:\/\/chilimag.hu\/webshop\/wp-json\/wp\/v2\/product\/23273","targetHints":{"allow":["GET"]}}],"collection":[{"href":"https:\/\/chilimag.hu\/webshop\/wp-json\/wp\/v2\/product"}],"about":[{"href":"https:\/\/chilimag.hu\/webshop\/wp-json\/wp\/v2\/types\/product"}],"replies":[{"embeddable":true,"href":"https:\/\/chilimag.hu\/webshop\/wp-json\/wp\/v2\/comments?post=23273"}],"wp:featuredmedia":[{"embeddable":true,"href":"https:\/\/chilimag.hu\/webshop\/wp-json\/wp\/v2\/media\/23274"}],"wp:attachment":[{"href":"https:\/\/chilimag.hu\/webshop\/wp-json\/wp\/v2\/media?parent=23273"}],"wp:term":[{"taxonomy":"product_brand","embeddable":true,"href":"https:\/\/chilimag.hu\/webshop\/wp-json\/wp\/v2\/product_brand?post=23273"},{"taxonomy":"product_cat","embeddable":true,"href":"https:\/\/chilimag.hu\/webshop\/wp-json\/wp\/v2\/product_cat?post=23273"},{"taxonomy":"product_tag","embeddable":true,"href":"https:\/\/chilimag.hu\/webshop\/wp-json\/wp\/v2\/product_tag?post=23273"}],"curies":[{"name":"wp","href":"https:\/\/api.w.org\/{rel}","templated":true}]}}