{"id":23271,"date":"2023-03-26T19:26:00","date_gmt":"2023-03-26T19:26:00","guid":{"rendered":"https:\/\/chilimag.hu\/webshop\/?post_type=product&#038;p=23271"},"modified":"2026-03-08T18:50:25","modified_gmt":"2026-03-08T18:50:25","slug":"chabaud-szegfu-chabaud-enfant-de-nice-z-s-sl","status":"publish","type":"product","link":"https:\/\/chilimag.hu\/webshop\/termek\/chabaud-szegfu-chabaud-enfant-de-nice-z-s-sl\/","title":{"rendered":"Kerti szegf\u0171 Chabaud Enfant De Nice Z.S SL"},"content":{"rendered":"","protected":false},"excerpt":{"rendered":"<p><img decoding=\"async\" class=\"active-logo\" src=\"https:\/\/b2b.seklos.lt\/themes\/warehouse\/img\/logo_en.png\" alt=\"Agrofirma S\u0117klos, UAB\" width=\"280\" height=\"95\" \/><\/p>\n<p>Egyny\u00e1ri vagy k\u00e9t\u00e9ves, 45 cm magas vir\u00e1gk\u00e9nt termesztik. A vir\u00e1gok dupla, 4-7 cm \u00e1tm\u00e9r\u0151j\u0171ek, kellemes illat\u00faak, kis csokorba szedve. Ha kora tavasszal vetik &#8211; a ny\u00e1r els\u0151 fel\u00e9ben vir\u00e1gzik. Ha ny\u00e1r v\u00e9g\u00e9n \u00e9s kora tavasszal szeretn\u00e9d ezeket a vir\u00e1gokat, ny\u00e1r k\u00f6zep\u00e9n vesd el \u0151ket. J\u00f3l n\u0151 \u00e9s vir\u00e1gzik nehezebb talajon, napos helyeken. \u00c9vel\u0151 vir\u00e1gos \u00e1gy\u00e1sokba \u00fcltetik.<br \/>\nEgy csomagban l\u00e9v\u0151 mennyis\u00e9g 1 g<br \/>\nA magok sz\u00e1ma grammonk\u00e9nt ~ 500<br \/>\nTranszplant\u00e1ci\u00f3 V, 20 x 25<br \/>\nVir\u00e1gz\u00e1si id\u0151, magass\u00e1g VII\u2013IX, 45 cm<br \/>\nNapos hely Igen<br \/>\nTerm\u0151f\u00f6ld<br \/>\nVet\u00e9sid\u0151 a talajban VI-VII, 1 cm<br \/>\nVet\u00e9sid\u0151 \u00fcvegh\u00e1zban II\u2013 III, 1 cm<br \/>\nGy\u00e1rt\u00f3 \u017dalia stotel\u0117<br \/>\nVII\u2013IX. vir\u00e1gz\u00e1si id\u0151szak, 60 cm<br \/>\nN\u00f6v\u00e9ny magass\u00e1ga, cm 45 cm<\/p>\n","protected":false},"featured_media":23272,"comment_status":"closed","ping_status":"closed","template":"","meta":[],"product_brand":[],"product_cat":[363],"product_tag":[],"class_list":{"0":"post-23271","1":"product","2":"type-product","3":"status-publish","4":"has-post-thumbnail","6":"product_cat-virag-vetomagok-zalia-stotele","8":"first","9":"instock","10":"taxable","11":"shipping-taxable","12":"purchasable","13":"product-type-simple"},"_links":{"self":[{"href":"https:\/\/chilimag.hu\/webshop\/wp-json\/wp\/v2\/product\/23271","targetHints":{"allow":["GET"]}}],"collection":[{"href":"https:\/\/chilimag.hu\/webshop\/wp-json\/wp\/v2\/product"}],"about":[{"href":"https:\/\/chilimag.hu\/webshop\/wp-json\/wp\/v2\/types\/product"}],"replies":[{"embeddable":true,"href":"https:\/\/chilimag.hu\/webshop\/wp-json\/wp\/v2\/comments?post=23271"}],"wp:featuredmedia":[{"embeddable":true,"href":"https:\/\/chilimag.hu\/webshop\/wp-json\/wp\/v2\/media\/23272"}],"wp:attachment":[{"href":"https:\/\/chilimag.hu\/webshop\/wp-json\/wp\/v2\/media?parent=23271"}],"wp:term":[{"taxonomy":"product_brand","embeddable":true,"href":"https:\/\/chilimag.hu\/webshop\/wp-json\/wp\/v2\/product_brand?post=23271"},{"taxonomy":"product_cat","embeddable":true,"href":"https:\/\/chilimag.hu\/webshop\/wp-json\/wp\/v2\/product_cat?post=23271"},{"taxonomy":"product_tag","embeddable":true,"href":"https:\/\/chilimag.hu\/webshop\/wp-json\/wp\/v2\/product_tag?post=23271"}],"curies":[{"name":"wp","href":"https:\/\/api.w.org\/{rel}","templated":true}]}}