{"id":23267,"date":"2023-03-26T19:18:03","date_gmt":"2023-03-26T19:18:03","guid":{"rendered":"https:\/\/chilimag.hu\/webshop\/?post_type=product&#038;p=23267"},"modified":"2026-01-29T17:00:13","modified_gmt":"2026-01-29T17:00:13","slug":"rezvirag-pumila-z-s-sl","status":"publish","type":"product","link":"https:\/\/chilimag.hu\/webshop\/termek\/rezvirag-pumila-z-s-sl\/","title":{"rendered":"R\u00e9zvir\u00e1g Pumila Z.S SL"},"content":{"rendered":"","protected":false},"excerpt":{"rendered":"<p><img decoding=\"async\" class=\"active-logo\" src=\"https:\/\/b2b.seklos.lt\/themes\/warehouse\/img\/logo_en.png\" alt=\"Agrofirma S\u0117klos, UAB\" width=\"280\" height=\"95\" \/><\/p>\n<p>Egyny\u00e1ri, 60 cm magas, gyorsan n\u00f6vekv\u0151 vir\u00e1gok. \u00dcltet\u0151knek, csokroknak. A vir\u00e1gok nagyok, 5-7 cm \u00e1tm\u00e9r\u0151j\u0171ek, f\u00e9lig dupla. J\u00f3l n\u0151 \u00e9s vir\u00e1gzik napos, meleg helyen, k\u00f6nny\u0171 talajon. A pal\u00e1nt\u00e1kat fagy ut\u00e1n \u00fcltetj\u00fck az \u00e1gy\u00e1sokba. \u00d6nt\u00f6z\u00e9s nem sz\u00fcks\u00e9ges, de az \u00f6nt\u00f6z\u00f6tt vir\u00e1gok nagyobbra n\u0151nek \u00e9s tov\u00e1bb vir\u00e1goznak. Vir\u00e1gz\u00e1s ut\u00e1n a vir\u00e1gokat lev\u00e1gj\u00e1k, hogy el\u0151seg\u00edts\u00e9k az \u00fajak kialakul\u00e1s\u00e1t.<\/p>\n<p>Mennyis\u00e9g egy csomagban 1 g<br \/>\nMagok sz\u00e1ma grammonk\u00e9nt ~ 90-110<br \/>\nTranszplant\u00e1ci\u00f3 V\u2013VI, 30 x 30 cm<br \/>\nVir\u00e1gz\u00e1si id\u0151, magass\u00e1g VI-IX, 60 cm<br \/>\nNapos hely Igen<br \/>\nAz Outdoor ITerrace termeszt\u00e9si helye<br \/>\nVet\u00e9sid\u0151 a talajban V, 1 \u0441m<br \/>\nVet\u00e9sid\u0151 \u00fcvegh\u00e1zban IV, 1 cm<br \/>\nGy\u00e1rt\u00f3 \u017dalia stotel\u0117<br \/>\nVI\u2013IX. vir\u00e1gz\u00e1si id\u0151szak, 60 cm<br \/>\nN\u00f6v\u00e9nymagass\u00e1g, cm 60 cm<\/p>\n","protected":false},"featured_media":23268,"comment_status":"closed","ping_status":"closed","template":"","meta":[],"product_brand":[],"product_cat":[363],"product_tag":[],"class_list":{"0":"post-23267","1":"product","2":"type-product","3":"status-publish","4":"has-post-thumbnail","6":"product_cat-virag-vetomagok-zalia-stotele","8":"first","9":"instock","10":"taxable","11":"shipping-taxable","12":"purchasable","13":"product-type-simple"},"_links":{"self":[{"href":"https:\/\/chilimag.hu\/webshop\/wp-json\/wp\/v2\/product\/23267","targetHints":{"allow":["GET"]}}],"collection":[{"href":"https:\/\/chilimag.hu\/webshop\/wp-json\/wp\/v2\/product"}],"about":[{"href":"https:\/\/chilimag.hu\/webshop\/wp-json\/wp\/v2\/types\/product"}],"replies":[{"embeddable":true,"href":"https:\/\/chilimag.hu\/webshop\/wp-json\/wp\/v2\/comments?post=23267"}],"wp:featuredmedia":[{"embeddable":true,"href":"https:\/\/chilimag.hu\/webshop\/wp-json\/wp\/v2\/media\/23268"}],"wp:attachment":[{"href":"https:\/\/chilimag.hu\/webshop\/wp-json\/wp\/v2\/media?parent=23267"}],"wp:term":[{"taxonomy":"product_brand","embeddable":true,"href":"https:\/\/chilimag.hu\/webshop\/wp-json\/wp\/v2\/product_brand?post=23267"},{"taxonomy":"product_cat","embeddable":true,"href":"https:\/\/chilimag.hu\/webshop\/wp-json\/wp\/v2\/product_cat?post=23267"},{"taxonomy":"product_tag","embeddable":true,"href":"https:\/\/chilimag.hu\/webshop\/wp-json\/wp\/v2\/product_tag?post=23267"}],"curies":[{"name":"wp","href":"https:\/\/api.w.org\/{rel}","templated":true}]}}