{"id":23265,"date":"2023-03-26T19:13:26","date_gmt":"2023-03-26T19:13:26","guid":{"rendered":"https:\/\/chilimag.hu\/webshop\/?post_type=product&#038;p=23265"},"modified":"2026-04-01T08:06:07","modified_gmt":"2026-04-01T08:06:07","slug":"buglyos-fatyolvirag-rosea-z-s-sl","status":"publish","type":"product","link":"https:\/\/chilimag.hu\/webshop\/termek\/buglyos-fatyolvirag-rosea-z-s-sl\/","title":{"rendered":"Buglyos F\u00e1tyolvir\u00e1g Rosea Z.S SL"},"content":{"rendered":"","protected":false},"excerpt":{"rendered":"<p><img decoding=\"async\" class=\"active-logo\" src=\"https:\/\/b2b.seklos.lt\/themes\/warehouse\/img\/logo_en.png\" alt=\"Agrofirma S\u0117klos, UAB\" width=\"280\" height=\"95\" \/><\/p>\n<p>Egyny\u00e1ri 50 cm magas n\u00f6v\u00e9nyek. A vir\u00e1gok kicsik. B\u0151s\u00e9gben vir\u00e1gzik. a n\u00f6v\u00e9ny \u00fagy n\u00e9z ki, mint egy felh\u0151. A gallyakat csokrokba lehet v\u00e1gni. Vil\u00e1gos vir\u00e1gokkal kombin\u00e1lva termesztik. J\u00f3l n\u0151 \u00e9s vir\u00e1gzik a m\u00e9sztalajban, t\u0171ri a felesleges nedvess\u00e9get. A hajt\u00e1sok fagy\u00e1ll\u00f3ak, k\u00e9s\u0151 \u0151sszel vethet\u0151k, tavasszal m\u00e1r csak a pal\u00e1nt\u00e1kat kell \u00e1t\u00fcltetni az \u00e1lland\u00f3 helyre. Napos helyen, sz\u00e1raz, k\u00f6nny\u0171 talajon j\u00f3l fejl\u0151dik.<br \/>\nHermetikus csomagol\u00e1s Igen<br \/>\nEgy csomagban l\u00e9v\u0151 mennyis\u00e9g 1 g<br \/>\nMagok sz\u00e1ma grammonk\u00e9nt ~1000\u20131200<br \/>\nVII\u2013X vir\u00e1gz\u00e1si id\u0151szak, 50 cm<br \/>\nVir\u00e1gz\u00e1si id\u0151, magass\u00e1g VII\u2013X, 50 cm<br \/>\nM\u00e1rka \u017dalia stotel\u0117<br \/>\nVir\u00e1g\u00e1gy\u00e1sok termeszt\u00e9s\u00e9re alkalmas<\/p>\n","protected":false},"featured_media":23266,"comment_status":"closed","ping_status":"closed","template":"","meta":[],"product_brand":[],"product_cat":[363],"product_tag":[],"class_list":{"0":"post-23265","1":"product","2":"type-product","3":"status-publish","4":"has-post-thumbnail","6":"product_cat-virag-vetomagok-zalia-stotele","8":"first","9":"instock","10":"taxable","11":"shipping-taxable","12":"purchasable","13":"product-type-simple"},"_links":{"self":[{"href":"https:\/\/chilimag.hu\/webshop\/wp-json\/wp\/v2\/product\/23265","targetHints":{"allow":["GET"]}}],"collection":[{"href":"https:\/\/chilimag.hu\/webshop\/wp-json\/wp\/v2\/product"}],"about":[{"href":"https:\/\/chilimag.hu\/webshop\/wp-json\/wp\/v2\/types\/product"}],"replies":[{"embeddable":true,"href":"https:\/\/chilimag.hu\/webshop\/wp-json\/wp\/v2\/comments?post=23265"}],"wp:featuredmedia":[{"embeddable":true,"href":"https:\/\/chilimag.hu\/webshop\/wp-json\/wp\/v2\/media\/23266"}],"wp:attachment":[{"href":"https:\/\/chilimag.hu\/webshop\/wp-json\/wp\/v2\/media?parent=23265"}],"wp:term":[{"taxonomy":"product_brand","embeddable":true,"href":"https:\/\/chilimag.hu\/webshop\/wp-json\/wp\/v2\/product_brand?post=23265"},{"taxonomy":"product_cat","embeddable":true,"href":"https:\/\/chilimag.hu\/webshop\/wp-json\/wp\/v2\/product_cat?post=23265"},{"taxonomy":"product_tag","embeddable":true,"href":"https:\/\/chilimag.hu\/webshop\/wp-json\/wp\/v2\/product_tag?post=23265"}],"curies":[{"name":"wp","href":"https:\/\/api.w.org\/{rel}","templated":true}]}}