{"id":23258,"date":"2023-03-26T17:57:27","date_gmt":"2023-03-26T17:57:27","guid":{"rendered":"https:\/\/chilimag.hu\/webshop\/?post_type=product&#038;p=23258"},"modified":"2026-03-09T08:19:58","modified_gmt":"2026-03-09T08:19:58","slug":"kaliforniai-pipacs-z-s-sl","status":"publish","type":"product","link":"https:\/\/chilimag.hu\/webshop\/termek\/kaliforniai-pipacs-z-s-sl\/","title":{"rendered":"Kaliforniai kakukkm\u00e1k Ballerina Z.S SL"},"content":{"rendered":"","protected":false},"excerpt":{"rendered":"<p><img decoding=\"async\" class=\"active-logo\" src=\"https:\/\/b2b.seklos.lt\/themes\/warehouse\/img\/logo_en.png\" alt=\"Agrofirma S\u0117klos, UAB\" width=\"280\" height=\"95\" \/><\/p>\n<p>Egyny\u00e1ri, k\u00f6nnyen termeszthet\u0151, b\u0151s\u00e9ges \u00e9s hosszan vir\u00e1gz\u00f3 vir\u00e1gok. Ezeket a vir\u00e1gokat nyitott, napf\u00e9nyes vir\u00e1goskertekben, cserepekben, vir\u00e1gos r\u00e9teken \u00e9s naturalista vir\u00e1goskertekben termesztik. A vir\u00e1gok vonzz\u00e1k a rovarokat. Eg\u00e9sz ny\u00e1ron vir\u00e1gzik. Napos fekv\u00e9st kedveli, term\u00e9keny, k\u00f6nny\u0171 talajban is j\u00f3l terem, de szeg\u00e9ny homoktalajban is megterem. \u00c9rz\u00e9keny a t\u00falzott nedvess\u00e9gre, \u00e9s kell\u0151en ellen\u00e1ll a sz\u00e1razs\u00e1gnak \u00e9s a fagynak. Javasoljuk, hogy a magokat k\u00f6zvetlen\u00fcl a vir\u00e1goskertbe vess\u00fck, \u00e9s cs\u00edr\u00e1z\u00e1s ut\u00e1n ritk\u00edtsuk.<\/p>\n<p>Egy csomagban l\u00e9v\u0151 mennyis\u00e9g 1 g<br \/>\nA magok sz\u00e1ma grammonk\u00e9nt ~ 650<br \/>\nTranszplant\u00e1ci\u00f3 V-VI, 30 x 30 cm<br \/>\nVir\u00e1gz\u00e1si id\u0151, magass\u00e1g VI-VIII, 20 cm<br \/>\nNapos hely Igen<br \/>\nVet\u00e9sid\u0151 a talajban V-VI, 2 cm<br \/>\nVet\u00e9sid\u0151 \u00fcvegh\u00e1zban IV, 2 cm<br \/>\nGy\u00e1rt\u00f3 \u017dalia stotel\u0117<br \/>\nVir\u00e1gz\u00e1si id\u0151szak VI-VIII, 20 cm<br \/>\nN\u00f6v\u00e9ny magass\u00e1ga, cm 20 cm<\/p>\n","protected":false},"featured_media":23259,"comment_status":"closed","ping_status":"closed","template":"","meta":[],"product_brand":[],"product_cat":[363],"product_tag":[],"class_list":{"0":"post-23258","1":"product","2":"type-product","3":"status-publish","4":"has-post-thumbnail","6":"product_cat-virag-vetomagok-zalia-stotele","8":"first","9":"instock","10":"taxable","11":"shipping-taxable","12":"purchasable","13":"product-type-simple"},"_links":{"self":[{"href":"https:\/\/chilimag.hu\/webshop\/wp-json\/wp\/v2\/product\/23258","targetHints":{"allow":["GET"]}}],"collection":[{"href":"https:\/\/chilimag.hu\/webshop\/wp-json\/wp\/v2\/product"}],"about":[{"href":"https:\/\/chilimag.hu\/webshop\/wp-json\/wp\/v2\/types\/product"}],"replies":[{"embeddable":true,"href":"https:\/\/chilimag.hu\/webshop\/wp-json\/wp\/v2\/comments?post=23258"}],"wp:featuredmedia":[{"embeddable":true,"href":"https:\/\/chilimag.hu\/webshop\/wp-json\/wp\/v2\/media\/23259"}],"wp:attachment":[{"href":"https:\/\/chilimag.hu\/webshop\/wp-json\/wp\/v2\/media?parent=23258"}],"wp:term":[{"taxonomy":"product_brand","embeddable":true,"href":"https:\/\/chilimag.hu\/webshop\/wp-json\/wp\/v2\/product_brand?post=23258"},{"taxonomy":"product_cat","embeddable":true,"href":"https:\/\/chilimag.hu\/webshop\/wp-json\/wp\/v2\/product_cat?post=23258"},{"taxonomy":"product_tag","embeddable":true,"href":"https:\/\/chilimag.hu\/webshop\/wp-json\/wp\/v2\/product_tag?post=23258"}],"curies":[{"name":"wp","href":"https:\/\/api.w.org\/{rel}","templated":true}]}}