{"id":23256,"date":"2023-03-26T17:53:45","date_gmt":"2023-03-26T17:53:45","guid":{"rendered":"https:\/\/chilimag.hu\/webshop\/?post_type=product&#038;p=23256"},"modified":"2026-03-06T18:09:28","modified_gmt":"2026-03-06T18:09:28","slug":"chilei-glory-z-s-sl","status":"publish","type":"product","link":"https:\/\/chilimag.hu\/webshop\/termek\/chilei-glory-z-s-sl\/","title":{"rendered":"Chilei Glory Z.S SL"},"content":{"rendered":"","protected":false},"excerpt":{"rendered":"<p><img decoding=\"async\" class=\"active-logo\" src=\"https:\/\/b2b.seklos.lt\/themes\/warehouse\/img\/logo_en.png\" alt=\"Agrofirma S\u0117klos, UAB\" width=\"280\" height=\"95\" \/><\/p>\n<p>\u00c9vel\u0151, gyorsan n\u00f6vekv\u0151, eredeti 2-2,5 m magas n\u00f6v\u00e9nyek. A t\u00e1maszt\u00e9kokon val\u00f3 m\u00e1sz\u00e1s r\u00f6vid id\u0151n bel\u00fcl nagyon magasra emelkedhet, \u00e9s az eg\u00e9sz z\u00f6ld \u00e9s vir\u00e1gz\u00f3 lombkoron\u00e1t megmozgathatja. H\u00e1zfalak, ker\u00edt\u00e9sek, pavilonok, fat\u00f6rzsek d\u00edsz\u00edt\u00e9s\u00e9re, piramisok, oszlopok \u00e9s f\u00fcz\u00e9rek felszerel\u00e9s\u00e9re haszn\u00e1lj\u00e1k. A m\u00e1sodik \u00e9vben szabadba vetve, eg\u00e9sz ny\u00e1ron vir\u00e1gzik. Vil\u00e1gos \u00e9s meleg helyen j\u00f3l n\u00f6vekszik. El\u0151nyben r\u00e9szes\u00edtse a laza, term\u00e9keny \u00e9s nem meszes talajt.<br \/>\nMennyis\u00e9g egy csomagban 0,5 g<br \/>\nA magok sz\u00e1ma grammonk\u00e9nt ~ 70<br \/>\nTranszplant\u00e1ci\u00f3 IV, 30 x 40cm<br \/>\nVir\u00e1gz\u00e1si id\u0151, magass\u00e1g VI-IX, 200-300 cm<br \/>\nNapos hely Igen<br \/>\n\u00c9vel\u0151 Igen<br \/>\nAz OutdoorITerrace termeszt\u00e9si helye<br \/>\nVet\u00e9sid\u0151 a talajban V, 1,5cm<br \/>\nVet\u00e9sid\u0151 \u00fcvegh\u00e1zban III-IV, 1,5cm<br \/>\nGy\u00e1rt\u00f3 \u017dalia stotel\u0117<br \/>\nVir\u00e1gz\u00e1si id\u0151 200-300 cm<br \/>\nN\u00f6v\u00e9nymagass\u00e1g, cm 200-300 cm<\/p>\n","protected":false},"featured_media":23257,"comment_status":"closed","ping_status":"closed","template":"","meta":[],"product_brand":[],"product_cat":[363],"product_tag":[],"class_list":{"0":"post-23256","1":"product","2":"type-product","3":"status-publish","4":"has-post-thumbnail","6":"product_cat-virag-vetomagok-zalia-stotele","8":"first","9":"instock","10":"taxable","11":"shipping-taxable","12":"purchasable","13":"product-type-simple"},"_links":{"self":[{"href":"https:\/\/chilimag.hu\/webshop\/wp-json\/wp\/v2\/product\/23256","targetHints":{"allow":["GET"]}}],"collection":[{"href":"https:\/\/chilimag.hu\/webshop\/wp-json\/wp\/v2\/product"}],"about":[{"href":"https:\/\/chilimag.hu\/webshop\/wp-json\/wp\/v2\/types\/product"}],"replies":[{"embeddable":true,"href":"https:\/\/chilimag.hu\/webshop\/wp-json\/wp\/v2\/comments?post=23256"}],"wp:featuredmedia":[{"embeddable":true,"href":"https:\/\/chilimag.hu\/webshop\/wp-json\/wp\/v2\/media\/23257"}],"wp:attachment":[{"href":"https:\/\/chilimag.hu\/webshop\/wp-json\/wp\/v2\/media?parent=23256"}],"wp:term":[{"taxonomy":"product_brand","embeddable":true,"href":"https:\/\/chilimag.hu\/webshop\/wp-json\/wp\/v2\/product_brand?post=23256"},{"taxonomy":"product_cat","embeddable":true,"href":"https:\/\/chilimag.hu\/webshop\/wp-json\/wp\/v2\/product_cat?post=23256"},{"taxonomy":"product_tag","embeddable":true,"href":"https:\/\/chilimag.hu\/webshop\/wp-json\/wp\/v2\/product_tag?post=23256"}],"curies":[{"name":"wp","href":"https:\/\/api.w.org\/{rel}","templated":true}]}}