{"id":23254,"date":"2023-03-26T17:47:51","date_gmt":"2023-03-26T17:47:51","guid":{"rendered":"https:\/\/chilimag.hu\/webshop\/?post_type=product&#038;p=23254"},"modified":"2025-12-06T16:47:37","modified_gmt":"2025-12-06T16:47:37","slug":"kristalyvirag-pastel-z-s-sl","status":"publish","type":"product","link":"https:\/\/chilimag.hu\/webshop\/termek\/kristalyvirag-pastel-z-s-sl\/","title":{"rendered":"Csillagos Dorottyavir\u00e1g Pastel Z.S SL"},"content":{"rendered":"","protected":false},"excerpt":{"rendered":"<p><img decoding=\"async\" class=\"active-logo\" src=\"https:\/\/b2b.seklos.lt\/themes\/warehouse\/img\/logo_en.png\" alt=\"Agrofirma S\u0117klos, UAB\" width=\"280\" height=\"95\" \/><\/p>\n<p>Egyny\u00e1ri, k\u00f6nnyen termeszthet\u0151, b\u0151s\u00e9ges \u00e9s hosszan vir\u00e1gz\u00f3 vir\u00e1gok. Ezeket a t\u00f6rpesz\u0151nyeg-k\u00e9pz\u0151 vir\u00e1gokat nyitott, napos vir\u00e1goskertekben, cserepekben \u00e9s \u00e1gy\u00e1sokban termesztik. Eg\u00e9sz ny\u00e1ron folyamatosan vir\u00e1gzik. A vir\u00e1gok nem ig\u00e9nyelnek speci\u00e1lis talajt, j\u00f3l viselik a sz\u00e1razs\u00e1got. A pal\u00e1nt\u00e1kat vir\u00e1goskertbe javasolt \u00fcltetni, egy n\u00f6v\u00e9ny 1 n\u00e9gyzetm\u00e9ter ter\u00fcletet fed le. Ezek a vir\u00e1gok t\u00f6k\u00e9letesen kieg\u00e9sz\u00edtik a lassan n\u00f6vekv\u0151 \u00e9vel\u0151 vir\u00e1gokat.<br \/>\nEgy csomagban l\u00e9v\u0151 mennyis\u00e9g 1 g<br \/>\nA magok sz\u00e1ma grammonk\u00e9nt ~ 550<br \/>\nTranszplant\u00e1ci\u00f3 V \u2013 VI, 30 x 30 cm<br \/>\nVir\u00e1gz\u00e1si id\u0151, magass\u00e1g VI \u2013 IX, 10-15 cm<br \/>\nNapos hely Igen<br \/>\nTerm\u0151f\u00f6ld<br \/>\nVet\u00e9sid\u0151 a talajban IV-V, 1 cm<br \/>\nVet\u00e9sid\u0151 \u00fcvegh\u00e1zban IV, 1 cm<br \/>\nGy\u00e1rt\u00f3 \u017dalia stotel\u0117<br \/>\nVI \u2013 IX. vir\u00e1gz\u00e1si id\u0151szak, 10-15 cm<br \/>\nN\u00f6v\u00e9nymagass\u00e1g, cm 10 &#8211; 15 cm<\/p>\n","protected":false},"featured_media":23255,"comment_status":"closed","ping_status":"closed","template":"","meta":[],"product_brand":[],"product_cat":[363],"product_tag":[],"class_list":{"0":"post-23254","1":"product","2":"type-product","3":"status-publish","4":"has-post-thumbnail","6":"product_cat-virag-vetomagok-zalia-stotele","8":"first","9":"instock","10":"taxable","11":"shipping-taxable","12":"purchasable","13":"product-type-simple"},"_links":{"self":[{"href":"https:\/\/chilimag.hu\/webshop\/wp-json\/wp\/v2\/product\/23254","targetHints":{"allow":["GET"]}}],"collection":[{"href":"https:\/\/chilimag.hu\/webshop\/wp-json\/wp\/v2\/product"}],"about":[{"href":"https:\/\/chilimag.hu\/webshop\/wp-json\/wp\/v2\/types\/product"}],"replies":[{"embeddable":true,"href":"https:\/\/chilimag.hu\/webshop\/wp-json\/wp\/v2\/comments?post=23254"}],"wp:featuredmedia":[{"embeddable":true,"href":"https:\/\/chilimag.hu\/webshop\/wp-json\/wp\/v2\/media\/23255"}],"wp:attachment":[{"href":"https:\/\/chilimag.hu\/webshop\/wp-json\/wp\/v2\/media?parent=23254"}],"wp:term":[{"taxonomy":"product_brand","embeddable":true,"href":"https:\/\/chilimag.hu\/webshop\/wp-json\/wp\/v2\/product_brand?post=23254"},{"taxonomy":"product_cat","embeddable":true,"href":"https:\/\/chilimag.hu\/webshop\/wp-json\/wp\/v2\/product_cat?post=23254"},{"taxonomy":"product_tag","embeddable":true,"href":"https:\/\/chilimag.hu\/webshop\/wp-json\/wp\/v2\/product_tag?post=23254"}],"curies":[{"name":"wp","href":"https:\/\/api.w.org\/{rel}","templated":true}]}}