{"id":23252,"date":"2023-03-26T17:44:40","date_gmt":"2023-03-26T17:44:40","guid":{"rendered":"https:\/\/chilimag.hu\/webshop\/?post_type=product&#038;p=23252"},"modified":"2025-11-25T18:10:29","modified_gmt":"2025-11-25T18:10:29","slug":"honeywort-purpurascens-z-s-sl","status":"publish","type":"product","link":"https:\/\/chilimag.hu\/webshop\/termek\/honeywort-purpurascens-z-s-sl\/","title":{"rendered":"M\u00e9zf\u0171 Szepl\u0151lap\u00fa Purpurascens Z.S SL"},"content":{"rendered":"","protected":false},"excerpt":{"rendered":"<p><img decoding=\"async\" class=\"active-logo\" src=\"https:\/\/b2b.seklos.lt\/themes\/warehouse\/img\/logo_en.png\" alt=\"Agrofirma S\u0117klos, UAB\" width=\"280\" height=\"95\" \/><\/p>\n<p>Egyny\u00e1ri, eredeti, gy\u00f6ny\u00f6r\u0171 120 cm magas vir\u00e1gok. A levelek k\u00e9kesz\u00f6ldek, k\u00e9kes-lil\u00e1s foltokkal. A vir\u00e1gok hosszabbak, lil\u00e1s-k\u00e9k harangok b\u00f3logatnak, sok nekt\u00e1rt felhalmozva. Hossz\u00fa ideig vir\u00e1gzik. A vir\u00e1gok f\u00fcrt\u00f6kben koncentr\u00e1l\u00f3dnak a sz\u00e1rak tetej\u00e9n. Legjobban napos helyen fejl\u0151dik. A pal\u00e1nt\u00e1kat vir\u00e1goskertbe kell \u00fcltetni. Javasoljuk, hogy a magvakat vet\u00e9s el\u0151tt 24 \u00f3r\u00e1ra szobah\u0151m\u00e9rs\u00e9klet\u0171 v\u00edzbe \u00e1ztassuk, hogy el\u0151seg\u00edts\u00fck a cs\u00edr\u00e1z\u00e1st. A n\u00f6v\u00e9nyek az els\u0151 fagyokig d\u00edszesek maradnak. A j\u00f6v\u0151re vir\u00e1goskertbe \u00fcltetett n\u00f6v\u00e9nyek kor\u00e1bban vir\u00e1goznak, ha fagy el\u0151tt ki\u00e1ss\u00e1k \u00e9s t\u00e9len 0 \u00b0C-os helyis\u00e9gben t\u00e1rolj\u00e1k.<\/p>\n<p>Egy csomagban l\u00e9v\u0151 mennyis\u00e9g 1 g<br \/>\nMagok sz\u00e1ma grammonk\u00e9nt ~ 18<br \/>\nTranszplant\u00e1ci\u00f3 V\u2013VI, 50 x 60 cm<br \/>\nVir\u00e1gz\u00e1si id\u0151, magass\u00e1g VI-IX, 120 cm<br \/>\nNapos hely Igen<br \/>\nAz OutdoorITerrace termeszt\u00e9si helye<br \/>\nVet\u00e9sid\u0151 \u00fcvegh\u00e1zban II-IV,1,5 cm<br \/>\nGy\u00e1rt\u00f3 \u017dalia stotel\u0117<br \/>\nVir\u00e1gz\u00e1si id\u0151szak VI-IX, 120 cm<br \/>\nN\u00f6v\u00e9nymagass\u00e1g, cm 120 cm<\/p>\n","protected":false},"featured_media":23253,"comment_status":"closed","ping_status":"closed","template":"","meta":[],"product_brand":[],"product_cat":[363],"product_tag":[],"class_list":{"0":"post-23252","1":"product","2":"type-product","3":"status-publish","4":"has-post-thumbnail","6":"product_cat-virag-vetomagok-zalia-stotele","8":"first","9":"instock","10":"taxable","11":"shipping-taxable","12":"purchasable","13":"product-type-simple"},"_links":{"self":[{"href":"https:\/\/chilimag.hu\/webshop\/wp-json\/wp\/v2\/product\/23252","targetHints":{"allow":["GET"]}}],"collection":[{"href":"https:\/\/chilimag.hu\/webshop\/wp-json\/wp\/v2\/product"}],"about":[{"href":"https:\/\/chilimag.hu\/webshop\/wp-json\/wp\/v2\/types\/product"}],"replies":[{"embeddable":true,"href":"https:\/\/chilimag.hu\/webshop\/wp-json\/wp\/v2\/comments?post=23252"}],"wp:featuredmedia":[{"embeddable":true,"href":"https:\/\/chilimag.hu\/webshop\/wp-json\/wp\/v2\/media\/23253"}],"wp:attachment":[{"href":"https:\/\/chilimag.hu\/webshop\/wp-json\/wp\/v2\/media?parent=23252"}],"wp:term":[{"taxonomy":"product_brand","embeddable":true,"href":"https:\/\/chilimag.hu\/webshop\/wp-json\/wp\/v2\/product_brand?post=23252"},{"taxonomy":"product_cat","embeddable":true,"href":"https:\/\/chilimag.hu\/webshop\/wp-json\/wp\/v2\/product_cat?post=23252"},{"taxonomy":"product_tag","embeddable":true,"href":"https:\/\/chilimag.hu\/webshop\/wp-json\/wp\/v2\/product_tag?post=23252"}],"curies":[{"name":"wp","href":"https:\/\/api.w.org\/{rel}","templated":true}]}}