{"id":23250,"date":"2023-03-26T17:38:42","date_gmt":"2023-03-26T17:38:42","guid":{"rendered":"https:\/\/chilimag.hu\/webshop\/?post_type=product&#038;p=23250"},"modified":"2026-03-09T15:43:51","modified_gmt":"2026-03-09T15:43:51","slug":"celozia-flamingo-z-s-sl","status":"publish","type":"product","link":"https:\/\/chilimag.hu\/webshop\/termek\/celozia-flamingo-z-s-sl\/","title":{"rendered":"Cel\u00f3zia Flamingo Z.S SL"},"content":{"rendered":"","protected":false},"excerpt":{"rendered":"<p><img decoding=\"async\" class=\"active-logo\" src=\"https:\/\/b2b.seklos.lt\/themes\/warehouse\/img\/logo_en.png\" alt=\"Agrofirma S\u0117klos, UAB\" width=\"280\" height=\"95\" \/><\/p>\n<p>Egyny\u00e1ri, 90 cm magas vir\u00e1gok. A vir\u00e1gz\u00e1s a vir\u00e1gzatba koncentr\u00e1l\u00f3dik, csokorba v\u00e1gva, florisztikai kompoz\u00edci\u00f3khoz alkalmas. Laza, term\u00e9keny talajban j\u00f3l fejl\u0151dik. Napos \u00e9s meleg helyet kedvel. Vir\u00e1goskertben, \u00e1ll\u00f3 cser\u00e9pben termesztve cser\u00e9pben egy n\u00f6v\u00e9ny \u00fcltet\u00e9s\u00e9vel. Nem ellen\u00e1ll a fagynak. A magok +18-20 \u00b0C h\u0151m\u00e9rs\u00e9kleten 10-14 napon bel\u00fcl cs\u00edr\u00e1znak. A fagyvesz\u00e9ly elm\u00falt\u00e1val a pal\u00e1nt\u00e1kat vir\u00e1goskertbe kell \u00fcltetni.<\/p>\n<p>Mennyis\u00e9g egy csomagban 0,3 g<br \/>\nA magok sz\u00e1ma grammonk\u00e9nt ~ 1200<br \/>\nTranszplant\u00e1ci\u00f3 V \/ 15 x 20cm<br \/>\nVir\u00e1gz\u00e1si id\u0151, magass\u00e1g VI\u2013IX, 90 cm<br \/>\nNapos hely Igen<br \/>\nTerm\u0151f\u00f6ld<br \/>\nVet\u00e9sid\u0151 a talajban V \u2013 VI \/ 0 cm<br \/>\nVet\u00e9sid\u0151 \u00fcvegh\u00e1zban III \u2013 IV \/ 0 cm<br \/>\nGy\u00e1rt\u00f3 \u017dalia stotel\u0117<br \/>\nVII\u2013IX. vir\u00e1gz\u00e1si id\u0151szak, 90 cm<br \/>\nN\u00f6v\u00e9ny magass\u00e1ga, cm 90 cm<\/p>\n","protected":false},"featured_media":23251,"comment_status":"closed","ping_status":"closed","template":"","meta":[],"product_brand":[],"product_cat":[363],"product_tag":[],"class_list":{"0":"post-23250","1":"product","2":"type-product","3":"status-publish","4":"has-post-thumbnail","6":"product_cat-virag-vetomagok-zalia-stotele","8":"first","9":"instock","10":"taxable","11":"shipping-taxable","12":"purchasable","13":"product-type-simple"},"_links":{"self":[{"href":"https:\/\/chilimag.hu\/webshop\/wp-json\/wp\/v2\/product\/23250","targetHints":{"allow":["GET"]}}],"collection":[{"href":"https:\/\/chilimag.hu\/webshop\/wp-json\/wp\/v2\/product"}],"about":[{"href":"https:\/\/chilimag.hu\/webshop\/wp-json\/wp\/v2\/types\/product"}],"replies":[{"embeddable":true,"href":"https:\/\/chilimag.hu\/webshop\/wp-json\/wp\/v2\/comments?post=23250"}],"wp:featuredmedia":[{"embeddable":true,"href":"https:\/\/chilimag.hu\/webshop\/wp-json\/wp\/v2\/media\/23251"}],"wp:attachment":[{"href":"https:\/\/chilimag.hu\/webshop\/wp-json\/wp\/v2\/media?parent=23250"}],"wp:term":[{"taxonomy":"product_brand","embeddable":true,"href":"https:\/\/chilimag.hu\/webshop\/wp-json\/wp\/v2\/product_brand?post=23250"},{"taxonomy":"product_cat","embeddable":true,"href":"https:\/\/chilimag.hu\/webshop\/wp-json\/wp\/v2\/product_cat?post=23250"},{"taxonomy":"product_tag","embeddable":true,"href":"https:\/\/chilimag.hu\/webshop\/wp-json\/wp\/v2\/product_tag?post=23250"}],"curies":[{"name":"wp","href":"https:\/\/api.w.org\/{rel}","templated":true}]}}