{"id":23248,"date":"2023-03-26T17:34:41","date_gmt":"2023-03-26T17:34:41","guid":{"rendered":"https:\/\/chilimag.hu\/webshop\/?post_type=product&#038;p=23248"},"modified":"2026-02-18T23:43:11","modified_gmt":"2026-02-18T23:43:11","slug":"twining-snapdragon-violet-z-s-sl","status":"publish","type":"product","link":"https:\/\/chilimag.hu\/webshop\/termek\/twining-snapdragon-violet-z-s-sl\/","title":{"rendered":"Fut\u00f3 oroszl\u00e1nsz\u00e1j Violet Z.S SL"},"content":{"rendered":"","protected":false},"excerpt":{"rendered":"<p><img decoding=\"async\" class=\"active-logo\" src=\"https:\/\/b2b.seklos.lt\/themes\/warehouse\/img\/logo_en.png\" alt=\"Agrofirma S\u0117klos, UAB\" width=\"280\" height=\"95\" \/><\/p>\n<p>\u00c9vel\u0151 sz\u0151l\u0151 n\u00f6v\u00e9ny. A szabadban vagy az erk\u00e9lyen termeszthet\u0151, mivel egyny\u00e1ri n\u00f6v\u00e9ny t\u00e9len belt\u00e9rre k\u00f6lt\u00f6zhet\u0151. A sz\u00e1rak 3 m hossz\u00fara n\u0151nek. A vir\u00e1gok 4-5 cm \u00e1tm\u00e9r\u0151j\u0171ek, harang alak\u00faak, b\u0151s\u00e9gesen vir\u00e1goznak. Napos helyeken j\u00f3l n\u00f6vekszik \u00e9s vir\u00e1gzik. Erk\u00e9lybe, cser\u00e9pbe, ker\u00edt\u00e9sek mell\u00e9 \u00fcltetve. J\u00f3l n\u0151 f\u00e9l\u00e1rny\u00e9kban vagy napon, de csak akkor, ha a talaj \u00e1lland\u00f3an nedves. A hajt\u00e1sok nagyon ragad\u00f3sak, k\u00f6nnyen felcsavaroznak b\u00e1rmilyen t\u00e1maszra. A termeszt\u00e9shez sz\u00e9lt\u0151l v\u00e9dett helyet kell v\u00e1lasztani. Fagy\u00e9rz\u00e9keny.<br \/>\nTranszplant\u00e1ci\u00f3 V\u2013VI, 40 x 50 cm<br \/>\nVir\u00e1gz\u00e1si id\u0151, magass\u00e1g VII\u2013IX, 300 cm<br \/>\nNapos hely Igen<br \/>\nF\u00e9l\u00e1rny\u00e9k Igen<br \/>\nTerm\u0151f\u00f6ld<br \/>\nVet\u00e9sid\u0151 \u00fcvegh\u00e1zban III-IV, 1 cm<br \/>\nGy\u00e1rt\u00f3 \u017dalia stotel\u0117<br \/>\nVII\u2013IX. vir\u00e1gz\u00e1si id\u0151szak, 300 cm<br \/>\nN\u00f6v\u00e9nymagass\u00e1g, cm 300 cm<\/p>\n","protected":false},"featured_media":23249,"comment_status":"closed","ping_status":"closed","template":"","meta":[],"product_brand":[],"product_cat":[363],"product_tag":[],"class_list":{"0":"post-23248","1":"product","2":"type-product","3":"status-publish","4":"has-post-thumbnail","6":"product_cat-virag-vetomagok-zalia-stotele","8":"first","9":"instock","10":"taxable","11":"shipping-taxable","12":"purchasable","13":"product-type-simple"},"_links":{"self":[{"href":"https:\/\/chilimag.hu\/webshop\/wp-json\/wp\/v2\/product\/23248","targetHints":{"allow":["GET"]}}],"collection":[{"href":"https:\/\/chilimag.hu\/webshop\/wp-json\/wp\/v2\/product"}],"about":[{"href":"https:\/\/chilimag.hu\/webshop\/wp-json\/wp\/v2\/types\/product"}],"replies":[{"embeddable":true,"href":"https:\/\/chilimag.hu\/webshop\/wp-json\/wp\/v2\/comments?post=23248"}],"wp:featuredmedia":[{"embeddable":true,"href":"https:\/\/chilimag.hu\/webshop\/wp-json\/wp\/v2\/media\/23249"}],"wp:attachment":[{"href":"https:\/\/chilimag.hu\/webshop\/wp-json\/wp\/v2\/media?parent=23248"}],"wp:term":[{"taxonomy":"product_brand","embeddable":true,"href":"https:\/\/chilimag.hu\/webshop\/wp-json\/wp\/v2\/product_brand?post=23248"},{"taxonomy":"product_cat","embeddable":true,"href":"https:\/\/chilimag.hu\/webshop\/wp-json\/wp\/v2\/product_cat?post=23248"},{"taxonomy":"product_tag","embeddable":true,"href":"https:\/\/chilimag.hu\/webshop\/wp-json\/wp\/v2\/product_tag?post=23248"}],"curies":[{"name":"wp","href":"https:\/\/api.w.org\/{rel}","templated":true}]}}