{"id":23246,"date":"2023-03-26T17:29:52","date_gmt":"2023-03-26T17:29:52","guid":{"rendered":"https:\/\/chilimag.hu\/webshop\/?post_type=product&#038;p=23246"},"modified":"2026-03-17T13:27:36","modified_gmt":"2026-03-17T13:27:36","slug":"pipacs-red-z-s-sl","status":"publish","type":"product","link":"https:\/\/chilimag.hu\/webshop\/termek\/pipacs-red-z-s-sl\/","title":{"rendered":"Pipacs Red Z.S SL"},"content":{"rendered":"","protected":false},"excerpt":{"rendered":"<p><img decoding=\"async\" class=\"active-logo\" src=\"https:\/\/b2b.seklos.lt\/themes\/warehouse\/img\/logo_en.png\" alt=\"Agrofirma S\u0117klos, UAB\" width=\"280\" height=\"95\" \/><\/p>\n<p>Egyny\u00e1ri, \u00e9l\u00e9nk sz\u00edn\u0171, 50-60 cm magas vir\u00e1gok. Vir\u00e1gos kertekben, vir\u00e1gz\u00f3 r\u00e9teken termesztik. Nagyra \u00e9rt\u00e9kelik a f\u00e9nyes vir\u00e1gokat \u00e9s a b\u0151s\u00e9ges vir\u00e1gz\u00e1st. Nincs sz\u00fcks\u00e9g k\u00fcl\u00f6nleges talajviszonyokra, vir\u00e1gzik m\u00e9g rossz talajon is. Ha hagyjuk, hogy a vir\u00e1gok befejezz\u00e9k a vir\u00e1gz\u00e1st, kisz\u00f3rj\u00e1k a magokat, \u00e9s a k\u00f6vetkez\u0151 \u00e9vben vet\u00e9s n\u00e9lk\u00fcl vir\u00e1goznak. A vir\u00e1gz\u00e1st florisztikai kompoz\u00edci\u00f3kban haszn\u00e1lj\u00e1k, a sz\u00e1r\u00edtott szirmok hossz\u00fa ideig megtartj\u00e1k sz\u00edn\u00fcket. T\u00f6k\u00e9letesen kieg\u00e9sz\u00edti a t\u00f6bbi vir\u00e1got: b\u00fazavir\u00e1g, kamilla, eschscholzia.<\/p>\n<p>Egy csomagban l\u00e9v\u0151 mennyis\u00e9g 1 g<br \/>\nA magok sz\u00e1ma grammonk\u00e9nt ~ 10000<br \/>\n\u00c1t\u00fcltet\u00e9s 10 x 10 cm<br \/>\nVir\u00e1gz\u00e1si id\u0151, magass\u00e1g VI-VII, 50-60 cm<br \/>\nNapos hely Igen<br \/>\nTerm\u0151f\u00f6ld<br \/>\nVet\u00e9sid\u0151 a talajban IV-V, X 0,5 cm<br \/>\nGy\u00e1rt\u00f3 \u017dalia stotel\u0117<br \/>\nVir\u00e1gz\u00e1si id\u0151szak VI-VII, 50-60 cm<br \/>\nN\u00f6v\u00e9nymagass\u00e1g, cm 50-60 cm<\/p>\n","protected":false},"featured_media":23247,"comment_status":"closed","ping_status":"closed","template":"","meta":[],"product_brand":[],"product_cat":[363],"product_tag":[],"class_list":{"0":"post-23246","1":"product","2":"type-product","3":"status-publish","4":"has-post-thumbnail","6":"product_cat-virag-vetomagok-zalia-stotele","8":"first","9":"instock","10":"taxable","11":"shipping-taxable","12":"purchasable","13":"product-type-simple"},"_links":{"self":[{"href":"https:\/\/chilimag.hu\/webshop\/wp-json\/wp\/v2\/product\/23246","targetHints":{"allow":["GET"]}}],"collection":[{"href":"https:\/\/chilimag.hu\/webshop\/wp-json\/wp\/v2\/product"}],"about":[{"href":"https:\/\/chilimag.hu\/webshop\/wp-json\/wp\/v2\/types\/product"}],"replies":[{"embeddable":true,"href":"https:\/\/chilimag.hu\/webshop\/wp-json\/wp\/v2\/comments?post=23246"}],"wp:featuredmedia":[{"embeddable":true,"href":"https:\/\/chilimag.hu\/webshop\/wp-json\/wp\/v2\/media\/23247"}],"wp:attachment":[{"href":"https:\/\/chilimag.hu\/webshop\/wp-json\/wp\/v2\/media?parent=23246"}],"wp:term":[{"taxonomy":"product_brand","embeddable":true,"href":"https:\/\/chilimag.hu\/webshop\/wp-json\/wp\/v2\/product_brand?post=23246"},{"taxonomy":"product_cat","embeddable":true,"href":"https:\/\/chilimag.hu\/webshop\/wp-json\/wp\/v2\/product_cat?post=23246"},{"taxonomy":"product_tag","embeddable":true,"href":"https:\/\/chilimag.hu\/webshop\/wp-json\/wp\/v2\/product_tag?post=23246"}],"curies":[{"name":"wp","href":"https:\/\/api.w.org\/{rel}","templated":true}]}}