{"id":23237,"date":"2023-03-26T13:36:21","date_gmt":"2023-03-26T13:36:21","guid":{"rendered":"https:\/\/chilimag.hu\/webshop\/?post_type=product&#038;p=23237"},"modified":"2026-03-09T10:26:46","modified_gmt":"2026-03-09T10:26:46","slug":"organic-way-kompost-activator-sl","status":"publish","type":"product","link":"https:\/\/chilimag.hu\/webshop\/termek\/organic-way-kompost-activator-sl\/","title":{"rendered":"Organic Way Kompost Activ\u00e1tor  1 L SL"},"content":{"rendered":"","protected":false},"excerpt":{"rendered":"<p>Rendeltet\u00e9s: n\u00f6v\u00e9nyi eredet\u0171 anyagok feldolgoz\u00e1s\u00e1ra, a boml\u00e1si \u00e9s komposzt\u00e1l\u00e1si folyamatok felgyors\u00edt\u00e1s\u00e1ra szolg\u00e1l\u00f3 koncentr\u00e1lt mikrobiol\u00f3giai term\u00e9k. A term\u00e9k ak\u00e1r t\u00edzszeres\u00e9re is felgyors\u00edtja a komposzt\u00e1l\u00e1si folyamatot, megsz\u00fcnteti a komposzthalom rossz szag\u00e1t, \u00e9s el\u0151seg\u00edti a kiv\u00e1l\u00f3 min\u0151s\u00e9g\u0171 szerves tr\u00e1gya el\u0151\u00e1ll\u00edt\u00e1s\u00e1t gazdas\u00e1ga sz\u00e1m\u00e1ra. A term\u00e9k szabadalmaztatott mikroorganizmusokb\u00f3l k\u00e9sz\u00fcl \u00e9s \u00f6kol\u00f3giai tan\u00fas\u00edtv\u00e1nnyal rendelkezik. Haszn\u00e1lata: 1 m3 friss n\u00f6v\u00e9nyi t\u00f6meghez haszn\u00e1ljon 150 ml komposzt aktiv\u00e1tort. Egyenletesen eloszlatjuk \u00e9s meglocsoljuk. Tartsa a komposzthalmot mindig nedvesen. Az \u00faj n\u00f6v\u00e9nyi t\u00f6meg hozz\u00e1ad\u00e1sa ut\u00e1n a folyamatot meg kell ism\u00e9telni. \u00c1ssuk ki vagy ragasszuk fel a komposzthalmot, hogy a leveg\u0151 bejusson. A legjobb komposztmin\u0151s\u00e9get a f\u00e1s \u00e1gak l\u00e1gy z\u00f6ldt\u00f6meg\u0171 1:5 ar\u00e1ny\u00fa kever\u00e9s\u00e9vel \u00e9rj\u00fck el.A v\u00edzp\u00e1rolg\u00e1s megel\u0151z\u00e9se \u00e9s a halom term\u00e9szetes magas h\u0151m\u00e9rs\u00e9klet\u00e9nek meg\u0151rz\u00e9se \u00e9rdek\u00e9ben a komposzthalmot javasolt letakarni.\u00d6sszet\u00e9tel: Pir\u00edtott kukorica , kukoricacsutka, szepiolit, b\u00fazakorpa, pir\u00edtott sz\u00f3ja,Lactobacillus Farciminis CNCM-I-3699 \u00e9s Lactobacillus Rhamnosus CNCM-I-3698 bakt\u00e9riumok.Az \u00e1llati mell\u00e9kterm\u00e9kek nem alkalmasak komposzt el\u0151\u00e1ll\u00edt\u00e1s\u00e1ra!A term\u00e9k \u00f6kol\u00f3giai termel\u00e9sben val\u00f3 felhaszn\u00e1l\u00e1sra alkalmas a 834\/2007\/EK tan\u00e1csi rendelet \u00e9s a 889\/2008\/EK bizotts\u00e1gi rendelet el\u0151\u00edr\u00e1sainak megfelel\u0151en.\u00d3vint\u00e9zked\u00e9sre vonatkoz\u00f3 mondatok: a term\u00e9kkel v\u00e9gzett munka sor\u00e1n be kell tartani az \u00e1ltal\u00e1nos higi\u00e9niai el\u0151\u00edr\u00e1sokat. Tartsa t\u00e1vol gyermekekt\u0151l. +5 \u00e9s +25 \u00b0C k\u00f6z\u00f6tt t\u00e1roland\u00f3. Ha szembe vagy b\u0151rrel \u00e9rintkezik, alaposan \u00f6bl\u00edtse le v\u00edzzel. Lenyel\u00e9s eset\u00e9n \u00f6bl\u00edtse ki a sz\u00e1j\u00e1t, ha rosszul \u00e9rzi mag\u00e1t, forduljon orvoshoz. Az \u00fcres csomagol\u00e1st \u00e9s a term\u00e9kmaradv\u00e1nyokat a helyi el\u0151\u00edr\u00e1soknak megfelel\u0151en semmis\u00edtse meg. T\u00e9telsz\u00e1m \u00e9s gy\u00e1rt\u00e1si d\u00e1tum: l\u00e1sd a csomagol\u00e1son. Fizikai v\u00e1ltoz\u00e1sok eset\u00e9n a kivonat akt\u00edv tulajdons\u00e1gai nem v\u00e1ltoznak. Ha a term\u00e9ket sz\u00e1razon \u00e9s k\u00f6zvetlen napf\u00e9nyt\u0151l v\u00e9dve t\u00e1rolja, a legjobb, ha a term\u00e9ket k\u00e9t \u00e9ven bel\u00fcl felhaszn\u00e1lja.T\u00e9rfogat &#8211; 1 l<\/p>\n<p>Gy\u00e1rt\u00f3 Organic Way<\/p>\n","protected":false},"featured_media":23238,"comment_status":"closed","ping_status":"closed","template":"","meta":[],"product_brand":[],"product_cat":[387],"product_tag":[],"class_list":{"0":"post-23237","1":"product","2":"type-product","3":"status-publish","4":"has-post-thumbnail","6":"product_cat-organic-way-tapoldatok-es-noveny-apolok","8":"first","9":"instock","10":"taxable","11":"shipping-taxable","12":"purchasable","13":"product-type-simple"},"_links":{"self":[{"href":"https:\/\/chilimag.hu\/webshop\/wp-json\/wp\/v2\/product\/23237","targetHints":{"allow":["GET"]}}],"collection":[{"href":"https:\/\/chilimag.hu\/webshop\/wp-json\/wp\/v2\/product"}],"about":[{"href":"https:\/\/chilimag.hu\/webshop\/wp-json\/wp\/v2\/types\/product"}],"replies":[{"embeddable":true,"href":"https:\/\/chilimag.hu\/webshop\/wp-json\/wp\/v2\/comments?post=23237"}],"wp:featuredmedia":[{"embeddable":true,"href":"https:\/\/chilimag.hu\/webshop\/wp-json\/wp\/v2\/media\/23238"}],"wp:attachment":[{"href":"https:\/\/chilimag.hu\/webshop\/wp-json\/wp\/v2\/media?parent=23237"}],"wp:term":[{"taxonomy":"product_brand","embeddable":true,"href":"https:\/\/chilimag.hu\/webshop\/wp-json\/wp\/v2\/product_brand?post=23237"},{"taxonomy":"product_cat","embeddable":true,"href":"https:\/\/chilimag.hu\/webshop\/wp-json\/wp\/v2\/product_cat?post=23237"},{"taxonomy":"product_tag","embeddable":true,"href":"https:\/\/chilimag.hu\/webshop\/wp-json\/wp\/v2\/product_tag?post=23237"}],"curies":[{"name":"wp","href":"https:\/\/api.w.org\/{rel}","templated":true}]}}