{"id":23223,"date":"2023-03-26T12:41:57","date_gmt":"2023-03-26T12:41:57","guid":{"rendered":"https:\/\/chilimag.hu\/webshop\/?post_type=product&#038;p=23223"},"modified":"2026-02-04T12:51:29","modified_gmt":"2026-02-04T12:51:29","slug":"organic-way-univerzalis-tapoldat-granulatum-10-kg","status":"publish","type":"product","link":"https:\/\/chilimag.hu\/webshop\/termek\/organic-way-univerzalis-tapoldat-granulatum-10-kg\/","title":{"rendered":"Organic Way Univerz\u00e1lis T\u00e1p Granul\u00e1tum 10 kg SL"},"content":{"rendered":"","protected":false},"excerpt":{"rendered":"<p>EGYETEMES<br \/>\nAzonos\u00edt\u00e1s. \u00d6mlesztett szerves-\u00e1sv\u00e1nyi m\u0171tr\u00e1gya, A.3.1.1.5 szerves tr\u00e1gya NK m\u0171tr\u00e1gy\u00e1val.<br \/>\nLe\u00edr\u00e1s. Az \u201eOrganic way OM 6-3-4\u201d szerves-\u00e1sv\u00e1nyi m\u0171tr\u00e1gya minden alapvet\u0151 n\u00f6v\u00e9nyi t\u00e1pl\u00e1lkoz\u00e1si ig\u00e9nyt kiel\u00e9g\u00edt, szerves anyagokkal gazdag\u00edtja a talajt \u00e9s serkenti annak mikrobiol\u00f3giai aktivit\u00e1s\u00e1t. A gazd\u00e1lkod\u00f3k r\u00e9g\u00f3ta tudj\u00e1k, hogy csak az eg\u00e9szs\u00e9ges talaj tud eg\u00e9szs\u00e9ges \u00e9s b\u0151s\u00e9ges term\u00e9st hozni. A szerves anyag kiv\u00e1l\u00f3 eredet\u0171 csirketr\u00e1gya komposztb\u00f3l sz\u00e1rmazik. A m\u0171tr\u00e1gya \u00f6sszet\u00e9tele univerz\u00e1lis. \u00cdgy a m\u0171tr\u00e1gya minden olyan n\u00f6v\u00e9nyhez haszn\u00e1lhat\u00f3, amely nem savas talajban n\u0151. A m\u0171tr\u00e1gya j\u00f3l haszn\u00e1lhat\u00f3 z\u00f6lds\u00e9gekhez, gy\u00fcm\u00f6lcsbokrokhoz, bogy\u00f3s bokrokhoz vagy d\u00edszn\u00f6v\u00e9nyekhez.<br \/>\nM\u0171tr\u00e1gy\u00e1z\u00e1si aj\u00e1nl\u00e1sok. Tavasszal sz\u00f3rja ki a m\u0171tr\u00e1gy\u00e1t, \u00e9s 10-15 cm m\u00e9lys\u00e9gben hordja ki a talajba vet\u00e9s vagy \u00fcltet\u00e9s el\u0151tt. Ezt k\u00f6vet\u0151en a m\u0171tr\u00e1gy\u00e1t helyben, 5 cm m\u00e9lys\u00e9gig a n\u00f6v\u00e9ny gy\u00f6k\u00e9rkoron\u00e1j\u00e1ban hordja ki. A n\u00f6v\u00e9ny \u00e9lettani \u00e9retts\u00e9g\u00e9t\u0151l \u00e9s t\u00e1panyagsz\u00fcks\u00e9glet\u00e9t\u0151l f\u00fcgg\u0151en havonta legfeljebb k\u00e9tszer tr\u00e1gy\u00e1zzunk. Helyi tr\u00e1gy\u00e1z\u00e1shoz: 20-50 gramm n\u00f6v\u00e9nyenk\u00e9nt. V\u00e9letlenszer\u0171 tr\u00e1gy\u00e1z\u00e1shoz: 100-300 gramm 1 m\u00b2-enk\u00e9nt. K\u00f6nny\u0171 (homokos) talajokhoz haszn\u00e1ljon nagyobb, neh\u00e9z (agyagos) talajokhoz alacsonyabb m\u0171tr\u00e1gyaadagot. Tr\u00e1gy\u00e1z\u00e1s ut\u00e1n b\u0151s\u00e9gesen \u00f6nt\u00f6zz\u00fck. A legjobb eredm\u00e9ny el\u00e9r\u00e9se \u00e9rdek\u00e9ben talajbiostimul\u00e1nsokkal vagy mikrobiol\u00f3giai m\u0171tr\u00e1gy\u00e1kkal egy\u00fctt aj\u00e1nlott.<br \/>\nGy\u00e1rt\u00f3 Organic Way<\/p>\n","protected":false},"featured_media":23224,"comment_status":"closed","ping_status":"closed","template":"","meta":[],"product_brand":[],"product_cat":[387],"product_tag":[],"class_list":{"0":"post-23223","1":"product","2":"type-product","3":"status-publish","4":"has-post-thumbnail","6":"product_cat-organic-way-tapoldatok-es-noveny-apolok","8":"first","9":"instock","10":"taxable","11":"shipping-taxable","12":"purchasable","13":"product-type-simple"},"_links":{"self":[{"href":"https:\/\/chilimag.hu\/webshop\/wp-json\/wp\/v2\/product\/23223","targetHints":{"allow":["GET"]}}],"collection":[{"href":"https:\/\/chilimag.hu\/webshop\/wp-json\/wp\/v2\/product"}],"about":[{"href":"https:\/\/chilimag.hu\/webshop\/wp-json\/wp\/v2\/types\/product"}],"replies":[{"embeddable":true,"href":"https:\/\/chilimag.hu\/webshop\/wp-json\/wp\/v2\/comments?post=23223"}],"wp:featuredmedia":[{"embeddable":true,"href":"https:\/\/chilimag.hu\/webshop\/wp-json\/wp\/v2\/media\/23224"}],"wp:attachment":[{"href":"https:\/\/chilimag.hu\/webshop\/wp-json\/wp\/v2\/media?parent=23223"}],"wp:term":[{"taxonomy":"product_brand","embeddable":true,"href":"https:\/\/chilimag.hu\/webshop\/wp-json\/wp\/v2\/product_brand?post=23223"},{"taxonomy":"product_cat","embeddable":true,"href":"https:\/\/chilimag.hu\/webshop\/wp-json\/wp\/v2\/product_cat?post=23223"},{"taxonomy":"product_tag","embeddable":true,"href":"https:\/\/chilimag.hu\/webshop\/wp-json\/wp\/v2\/product_tag?post=23223"}],"curies":[{"name":"wp","href":"https:\/\/api.w.org\/{rel}","templated":true}]}}