{"id":23206,"date":"2023-03-25T19:46:22","date_gmt":"2023-03-25T19:46:22","guid":{"rendered":"https:\/\/chilimag.hu\/webshop\/?post_type=product&#038;p=23206"},"modified":"2025-04-03T07:21:33","modified_gmt":"2025-04-03T07:21:33","slug":"organic-way-virag-mutragya-sl","status":"publish","type":"product","link":"https:\/\/chilimag.hu\/webshop\/termek\/organic-way-virag-mutragya-sl\/","title":{"rendered":"Organic Way Vir\u00e1g M\u0171tr\u00e1gya 1 L SL"},"content":{"rendered":"","protected":false},"excerpt":{"rendered":"<p>A szerves-\u00e1sv\u00e1nyi m\u0171tr\u00e1gya a n\u00f6v\u00e9nyek minden alapvet\u0151 t\u00e1panyagsz\u00fcks\u00e9glet\u00e9t kiel\u00e9g\u00edti, szerves anyagokkal eg\u00e9sz\u00edti ki a talajt, serkenti annak mikrobiol\u00f3giai aktivit\u00e1s\u00e1t. A gazd\u00e1lkod\u00f3k r\u00e9g\u00f3ta tudj\u00e1k, hogy csak az eg\u00e9szs\u00e9ges talaj tud eg\u00e9szs\u00e9ges \u00e9s b\u0151s\u00e9ges term\u00e9st hozni. A szerves anyagok a szapropelb\u0151l (term\u00e9szetes tavi \u00fcled\u00e9kekb\u0151l) sz\u00e1rmaznak. A kiegyens\u00falyozott m\u0171tr\u00e1gya minden vir\u00e1gz\u00f3 vir\u00e1ghoz \u00e9s bokorhoz haszn\u00e1lhat\u00f3. A magas k\u00e1liumtartalom biztos\u00edtja, hogy a vir\u00e1gok hossz\u00fa ideig tartanak \u00e9s k\u00fcl\u00f6n\u00f6sen sz\u00ednesek.<\/p>\n<p>Gy\u00e1rt\u00f3 Organic Way<\/p>\n","protected":false},"featured_media":23208,"comment_status":"closed","ping_status":"closed","template":"","meta":[],"product_brand":[],"product_cat":[387],"product_tag":[],"class_list":{"0":"post-23206","1":"product","2":"type-product","3":"status-publish","4":"has-post-thumbnail","6":"product_cat-organic-way-tapoldatok-es-noveny-apolok","8":"first","9":"instock","10":"taxable","11":"shipping-taxable","12":"purchasable","13":"product-type-simple"},"_links":{"self":[{"href":"https:\/\/chilimag.hu\/webshop\/wp-json\/wp\/v2\/product\/23206","targetHints":{"allow":["GET"]}}],"collection":[{"href":"https:\/\/chilimag.hu\/webshop\/wp-json\/wp\/v2\/product"}],"about":[{"href":"https:\/\/chilimag.hu\/webshop\/wp-json\/wp\/v2\/types\/product"}],"replies":[{"embeddable":true,"href":"https:\/\/chilimag.hu\/webshop\/wp-json\/wp\/v2\/comments?post=23206"}],"wp:featuredmedia":[{"embeddable":true,"href":"https:\/\/chilimag.hu\/webshop\/wp-json\/wp\/v2\/media\/23208"}],"wp:attachment":[{"href":"https:\/\/chilimag.hu\/webshop\/wp-json\/wp\/v2\/media?parent=23206"}],"wp:term":[{"taxonomy":"product_brand","embeddable":true,"href":"https:\/\/chilimag.hu\/webshop\/wp-json\/wp\/v2\/product_brand?post=23206"},{"taxonomy":"product_cat","embeddable":true,"href":"https:\/\/chilimag.hu\/webshop\/wp-json\/wp\/v2\/product_cat?post=23206"},{"taxonomy":"product_tag","embeddable":true,"href":"https:\/\/chilimag.hu\/webshop\/wp-json\/wp\/v2\/product_tag?post=23206"}],"curies":[{"name":"wp","href":"https:\/\/api.w.org\/{rel}","templated":true}]}}