{"id":23202,"date":"2023-03-25T19:36:50","date_gmt":"2023-03-25T19:36:50","guid":{"rendered":"https:\/\/chilimag.hu\/webshop\/?post_type=product&#038;p=23202"},"modified":"2026-02-04T12:27:28","modified_gmt":"2026-02-04T12:27:28","slug":"eper-mutragya-agr-sl","status":"publish","type":"product","link":"https:\/\/chilimag.hu\/webshop\/termek\/eper-mutragya-agr-sl\/","title":{"rendered":"Eper m\u0171tr\u00e1gya 1 kg AGR SL"},"content":{"rendered":"","protected":false},"excerpt":{"rendered":"<p>EPER M\u0170TR\u00c1GYA<br \/>\nKl\u00f3r n\u00e9lk\u00fcl Akt\u00edv \u00e9vszak III-VIII. Helyezze be a talajba<br \/>\n1 kg<\/p>\n<p>HU | EPER M\u0170TR\u00c1GYA<br \/>\nGranul\u00e1lt kl\u00f3rmentes komplex m\u0171tr\u00e1gya pal\u00e1nt\u00e1k \u00e9s kerti n\u00f6v\u00e9nyek, szam\u00f3ca \u00e9s frag\u00e1ria, bogy\u00f3s n\u00f6v\u00e9nyek, gy\u00fcm\u00f6lcsbokrok \u00e9s f\u00e1k \u00fcltet\u00e9si \u00e1llom\u00e1ny\u00e1nak tr\u00e1gy\u00e1z\u00e1s\u00e1hoz.<br \/>\nTr\u00e1gy\u00e1z\u00e1si javaslatok: Pr\u00f3b\u00e1ljunk helyben tr\u00e1gy\u00e1zni. A m\u0171tr\u00e1gy\u00e1t \u00fcltet\u00e9s el\u0151tt \u00e9s veget\u00e1ci\u00f3 alatt 2-3 alkalommal juttatjuk ki a talajba: tavasszal a veget\u00e1ci\u00f3 elej\u00e9n, vir\u00e1gz\u00e1s ut\u00e1n a bogy\u00f3- \u00e9s gy\u00fcm\u00f6lcs\u00e9r\u00e9s el\u0151tt, betakar\u00edt\u00e1s ut\u00e1n. A m\u0171tr\u00e1gy\u00e1z\u00e1s befejez\u00e9se ut\u00e1n \u00f6nt\u00f6zze meg a talajt. A bokrok \u00e9s f\u00e1k k\u00f6r\u00fcl az \u00e1gak koron\u00e1j\u00e1nak sz\u00e9less\u00e9g\u0171 szakasz\u00e1t tr\u00e1gy\u00e1zzuk meg. M\u0171tr\u00e1gyaadag: cs\u00edr\u00e1k, pal\u00e1nt\u00e1k, pal\u00e1nta &#8211; 25 g\/m2 szam\u00f3ca, egy\u00e9b bogy\u00f3s n\u00f6v\u00e9nyek \u00e9s fiatal gy\u00fcm\u00f6lcsbokrok &#8211; 30-50 g\/m2 kont\u00e9nerben termesztett bogy\u00f3s n\u00f6v\u00e9nyek &#8211; 3 g\/1 l szubsztr\u00e1tum (talaj) \u00e9rett gy\u00fcm\u00f6lcsbokrok &#8211; 50-80 g\/m2 gy\u00fcm\u00f6lcsf\u00e1k \u2013 100-150 g\/m2.<br \/>\nEK TR\u00c1GYA. M\u0171tr\u00e1gya t\u00edpusa: B.1.1. NPK \u00e1sv\u00e1nyi m\u0171tr\u00e1gya magn\u00e9ziummal, k\u00e9nnel \u00e9s nyomelemekkel (b\u00f3r, cink) NPK (Mg, S) 12-12-17 (+2+35)+(B, Zn).<br \/>\n\u00d6sszet\u00e9tel: nitrog\u00e9n (N) \u2013 12% (amm\u00f3ni\u00e1s nitrog\u00e9n N-NH4 \u2013 12%) foszfor-pentoxid (P2O5) \u2013 12% (ebb\u0151l v\u00edzoldhat\u00f3 \u2013 10,5%) v\u00edzben old\u00f3d\u00f3 k\u00e1lium-oxid (K2O) \u2013 17% magn\u00e9zium-oxid (MgO) \u2013 2% k\u00e9n-trioxid (SO3) \u2013 35% b\u00f3r (B) \u2013 0,02% cink (Zn) \u2013 0,01%.<br \/>\nFizikai v\u00e1ltoz\u00e1sok eset\u00e9n a m\u0171tr\u00e1gya t\u00e1panyag tulajdons\u00e1gai nem v\u00e1ltoznak. Ha a m\u0171tr\u00e1gy\u00e1t sz\u00e1raz helyen, k\u00f6zvetlen napf\u00e9nyt\u0151l v\u00e9dett helyen t\u00e1rolj\u00e1k, az eltarthat\u00f3s\u00e1g korl\u00e1tlan. \u00d3vint\u00e9zked\u00e9sre vonatkoz\u00f3 mondatok: Gyermekek el\u0151l elz\u00e1rva tartand\u00f3 (P102). Ruh\u00e1zatt\u00f3l, vegyszerekt\u0151l \u00e9s \u00e9ghet\u0151 anyagokt\u00f3l t\u00e1vol tartand\u00f3\/t\u00e1rolhat\u00f3 (P220). Nedvess\u00e9gt\u0151l \u00e9s napf\u00e9nyt\u0151l v\u00e9dve (P232+P410). A szappannal val\u00f3 kezel\u00e9s ut\u00e1n alaposan mosson kezet (P264). Ker\u00fclni kell a k\u00f6rnyezetbe jut\u00e1st (P273). Viseljen v\u00e9d\u0151keszty\u0171t\/v\u00e9d\u0151ruh\u00e1zatot\/szemv\u00e9d\u0151t\/arcv\u00e9d\u0151t (P280). SZEMBE KER\u00dcL\u00c9S ESET\u00c9N: t\u00f6bb percig tart\u00f3 \u00f3vatos \u00f6bl\u00edt\u00e9s v\u00edzzel, t\u00e1vol\u00edtsa el a kontaktlencs\u00e9ket, ha van \u00e9s k\u00f6nnyen elv\u00e9gezhet\u0151, folytassa az \u00f6bl\u00edt\u00e9st, ha a szemirrit\u00e1ci\u00f3 nem m\u00falik el: k\u00e9rjen orvosi tan\u00e1csot\/figyelmet (P305+P351+P338+P337+P313). HA B\u0150RRE KER\u00dcL: b\u0151 szappannal \u00e9s v\u00edzzel le kell mosni, ha b\u0151rirrit\u00e1ci\u00f3 l\u00e9p fel: orvoshoz kell fordulni (P302+P352+P332+P313). LENYEL\u00c9S ESET\u00c9N: rosszull\u00e9t eset\u00e9n forduljon TOXIKOL\u00d3GIAI K\u00d6ZPONTHOZ vagy orvoshoz, \u00f6bl\u00edtse ki a sz\u00e1jat, NE v\u00e9gezzen h\u00e1nytat\u00e1st (P301+P312+P330+P331). +5 \u00e9s +25\u00b0C k\u00f6z\u00f6tti h\u0151m\u00e9rs\u00e9kleten t\u00e1roland\u00f3. \u00c9lelmiszert\u0151l, italt\u00f3l \u00e9s takarm\u00e1nyt\u00f3l t\u00e1vol t\u00e1roland\u00f3 (P401). A tartalom\/ed\u00e9ny \u00e1rtalmatlan\u00edt\u00e1sa a helyi el\u0151\u00edr\u00e1soknak megfelel\u0151en (P501).<br \/>\nGy\u00e1rt\u00f3 Agronom<\/p>\n","protected":false},"featured_media":23203,"comment_status":"closed","ping_status":"closed","template":"","meta":[],"product_brand":[],"product_cat":[388],"product_tag":[],"class_list":{"0":"post-23202","1":"product","2":"type-product","3":"status-publish","4":"has-post-thumbnail","6":"product_cat-agronom-tapoldatok-es-noveny-apolok","8":"first","9":"instock","10":"taxable","11":"shipping-taxable","12":"purchasable","13":"product-type-simple"},"_links":{"self":[{"href":"https:\/\/chilimag.hu\/webshop\/wp-json\/wp\/v2\/product\/23202","targetHints":{"allow":["GET"]}}],"collection":[{"href":"https:\/\/chilimag.hu\/webshop\/wp-json\/wp\/v2\/product"}],"about":[{"href":"https:\/\/chilimag.hu\/webshop\/wp-json\/wp\/v2\/types\/product"}],"replies":[{"embeddable":true,"href":"https:\/\/chilimag.hu\/webshop\/wp-json\/wp\/v2\/comments?post=23202"}],"wp:featuredmedia":[{"embeddable":true,"href":"https:\/\/chilimag.hu\/webshop\/wp-json\/wp\/v2\/media\/23203"}],"wp:attachment":[{"href":"https:\/\/chilimag.hu\/webshop\/wp-json\/wp\/v2\/media?parent=23202"}],"wp:term":[{"taxonomy":"product_brand","embeddable":true,"href":"https:\/\/chilimag.hu\/webshop\/wp-json\/wp\/v2\/product_brand?post=23202"},{"taxonomy":"product_cat","embeddable":true,"href":"https:\/\/chilimag.hu\/webshop\/wp-json\/wp\/v2\/product_cat?post=23202"},{"taxonomy":"product_tag","embeddable":true,"href":"https:\/\/chilimag.hu\/webshop\/wp-json\/wp\/v2\/product_tag?post=23202"}],"curies":[{"name":"wp","href":"https:\/\/api.w.org\/{rel}","templated":true}]}}