{"id":23198,"date":"2023-03-25T19:18:35","date_gmt":"2023-03-25T19:18:35","guid":{"rendered":"https:\/\/chilimag.hu\/webshop\/?post_type=product&#038;p=23198"},"modified":"2026-04-29T15:26:14","modified_gmt":"2026-04-29T15:26:14","slug":"afonya-es-hangafelekhez-mutragya-agr-sl","status":"publish","type":"product","link":"https:\/\/chilimag.hu\/webshop\/termek\/afonya-es-hangafelekhez-mutragya-agr-sl\/","title":{"rendered":"\u00c1fonya \u00e9s Hangaf\u00e9l\u00e9khez M\u0171tr\u00e1gya AGR SL"},"content":{"rendered":"","protected":false},"excerpt":{"rendered":"<p><img decoding=\"async\" class=\"\" src=\"https:\/\/b2b.seklos.lt\/img\/m\/79-medium_default.jpg\" alt=\"\" width=\"152\" height=\"152\" \/><\/p>\n<h3>Term\u00e9kle\u00edr\u00e1s<\/h3>\n<p>\u00c1FONYA \u00c9S ERICACEA N\u00d6V\u00c9NYEK M\u0170TR\u00c1GYA<br \/>\nKl\u00f3r n\u00e9lk\u00fcl Akt\u00edv \u00e9vszak III-VIII. Helyezze be a talajba<br \/>\n1 kg<\/p>\n<p>HU | \u00c1FONYA (VACCINIUM) \u00c9S ERICACEA CSAL\u00c1D N\u00d6V\u00c9NYEK M\u0170TR\u00c1GYA<br \/>\nGranul\u00e1lt kl\u00f3rmentes komplex m\u0171tr\u00e1gya savany\u00fa talaj\u00fa n\u00f6v\u00e9nyek, p\u00e9ld\u00e1ul \u00e1fonya (Vaccinium), \u00e1fonya, v\u00f6r\u00f6s\u00e1fonya \u00e9s ericaceae csal\u00e1dba tartoz\u00f3 n\u00f6v\u00e9nyek (rododendron, az\u00e1lea, hortenzia, erika, hanga) tr\u00e1gy\u00e1z\u00e1s\u00e1ra.<br \/>\nTr\u00e1gy\u00e1z\u00e1si javaslatok: Pr\u00f3b\u00e1ljunk helyben tr\u00e1gy\u00e1zni. A m\u0171tr\u00e1gy\u00e1t a tavaszi \u00fcltet\u00e9s el\u0151tt \u00e9s a veget\u00e1ci\u00f3 alatt 3 alkalommal vigye ki a talajba: tavasszal az intenz\u00edv n\u00f6veked\u00e9s kezdet\u00e9n, vir\u00e1gz\u00e1s el\u0151tt \u00e9s bogy\u00f3\u00e9r\u00e9skor. A m\u0171tr\u00e1gy\u00e1z\u00e1s befejez\u00e9se ut\u00e1n \u00f6nt\u00f6zze meg a talajt. A cserj\u00e9k k\u00f6r\u00fcl az \u00e1gak koron\u00e1j\u00e1nak sz\u00e9less\u00e9g\u0171 szakasz\u00e1t tr\u00e1gy\u00e1zzuk meg.<br \/>\nM\u0171tr\u00e1gya ar\u00e1nya: \u00e1fonya (Vaccinium) \u2013 3-szor, 30 g\/m2 alkalmank\u00e9nt (\u00e1prilisban, m\u00e1jusban \u00e9s j\u00faniusban) fiatal rododendronok (az\u00e1le\u00e1k), hortenzia \u00e9s p\u00e1fr\u00e1nyok &#8211; 50 g\/m2, \u00e9rett (f\u00e1s sz\u00e1r\u00fa) n\u00f6v\u00e9nyek &#8211; 80 g\/m2 ericaceae csal\u00e1d n\u00f6v\u00e9nyei \u00e9s hanga &#8211; 30 g\/m2 savany\u00fa talajt t\u0171r\u0151 d\u00edszn\u00f6v\u00e9nyek &#8211; 30-50 m2.<br \/>\nEK TR\u00c1GYA. M\u0171tr\u00e1gya t\u00edpusa: B.1.1. NPK \u00e1sv\u00e1nyi m\u0171tr\u00e1gya magn\u00e9ziummal, k\u00e9nnel \u00e9s nyomelemekkel (b\u00f3r, r\u00e9z, mang\u00e1n) NPK (Mg, S) 8-11-23 (+4,2+29)+(B, Cu, Mn).<br \/>\n\u00d6sszet\u00e9tel: nitrog\u00e9n (N) \u2013 8% (amm\u00f3ni\u00e1s nitrog\u00e9n N-NH4 \u2013 5,4%, nitr\u00e1t nitrog\u00e9n N-NO3 \u2013 2,6%) foszfor-pentoxid (P2O5) \u2013 11,5% (bele\u00e9rtve a v\u00edzben old\u00f3d\u00f3 \u2013 9, 7% v\u00edzoldhat\u00f3 k\u00e1lium-oxid (K2O) \u2013 22,9% magn\u00e9zium-oxid (MgO) \u2013 4,2% k\u00e9n-trioxid (SO3) \u2013 29% b\u00f3r (B) \u2013 0,05% r\u00e9z (Cu) \u2013 0, 05% mang\u00e1n (Mn) \u2013 0,25%.<br \/>\nFizikai v\u00e1ltoz\u00e1sok eset\u00e9n a m\u0171tr\u00e1gya t\u00e1panyag tulajdons\u00e1gai nem v\u00e1ltoznak. Ha a m\u0171tr\u00e1gy\u00e1t sz\u00e1raz helyen, k\u00f6zvetlen napf\u00e9nyt\u0151l v\u00e9dett helyen t\u00e1rolj\u00e1k, az eltarthat\u00f3s\u00e1g korl\u00e1tlan. Figyelmeztet\u0151 mondatok: \u00c1rtalmas a v\u00edzi \u00e9l\u0151vil\u00e1gra, hosszan tart\u00f3 k\u00e1rosod\u00e1st okoz (H412). \u00d3vint\u00e9zked\u00e9sre vonatkoz\u00f3 mondatok: Gyermekek el\u0151l elz\u00e1rva tartand\u00f3 (P102). Ruh\u00e1zatt\u00f3l, vegyszerekt\u0151l \u00e9s \u00e9ghet\u0151 anyagokt\u00f3l t\u00e1vol tartand\u00f3\/t\u00e1rolhat\u00f3 (P220). Nedvess\u00e9gt\u0151l \u00e9s napf\u00e9nyt\u0151l v\u00e9dve (P232+P410). A szappannal val\u00f3 kezel\u00e9s ut\u00e1n alaposan mosson kezet (P264). Viseljen v\u00e9d\u0151keszty\u0171t\/v\u00e9d\u0151ruh\u00e1zatot\/szemv\u00e9d\u0151t\/arcv\u00e9d\u0151t. (P280). SZEMBE KER\u00dcL\u00c9S ESET\u00c9N: t\u00f6bb percig tart\u00f3 \u00f3vatos \u00f6bl\u00edt\u00e9s v\u00edzzel, t\u00e1vol\u00edtsa el a kontaktlencs\u00e9ket, ha van \u00e9s k\u00f6nnyen elv\u00e9gezhet\u0151, folytassa az \u00f6bl\u00edt\u00e9st, ha a szemirrit\u00e1ci\u00f3 nem m\u00falik el: k\u00e9rjen orvosi tan\u00e1csot\/figyelmet (P305+P351+P338+P337+P313). HA B\u0150RRE KER\u00dcL: b\u0151 szappannal \u00e9s v\u00edzzel le kell mosni, ha b\u0151rirrit\u00e1ci\u00f3 l\u00e9p fel: orvoshoz kell fordulni (P302+P352+P332+P313). LENYEL\u00c9S ESET\u00c9N: rosszull\u00e9t eset\u00e9n forduljon TOXIKOL\u00d3GIAI K\u00d6ZPONTHOZ vagy orvoshoz, \u00f6bl\u00edtse ki a sz\u00e1jat, NE v\u00e9gezzen h\u00e1nytat\u00e1st (P301+P312+P330+P331). +5 \u00e9s +25\u00b0C k\u00f6z\u00f6tti h\u0151m\u00e9rs\u00e9kleten t\u00e1roland\u00f3. \u00c9lelmiszert\u0151l, italt\u00f3l \u00e9s takarm\u00e1nyt\u00f3l t\u00e1vol t\u00e1roland\u00f3 (P401). A tartalom\/ed\u00e9ny \u00e1rtalmatlan\u00edt\u00e1sa a helyi el\u0151\u00edr\u00e1soknak megfelel\u0151en (P501).<br \/>\nGy\u00e1rt\u00f3 Agronom<\/p>\n","protected":false},"featured_media":23199,"comment_status":"closed","ping_status":"closed","template":"","meta":[],"product_brand":[],"product_cat":[388],"product_tag":[],"class_list":{"0":"post-23198","1":"product","2":"type-product","3":"status-publish","4":"has-post-thumbnail","6":"product_cat-agronom-tapoldatok-es-noveny-apolok","8":"first","9":"instock","10":"taxable","11":"shipping-taxable","12":"purchasable","13":"product-type-simple"},"_links":{"self":[{"href":"https:\/\/chilimag.hu\/webshop\/wp-json\/wp\/v2\/product\/23198","targetHints":{"allow":["GET"]}}],"collection":[{"href":"https:\/\/chilimag.hu\/webshop\/wp-json\/wp\/v2\/product"}],"about":[{"href":"https:\/\/chilimag.hu\/webshop\/wp-json\/wp\/v2\/types\/product"}],"replies":[{"embeddable":true,"href":"https:\/\/chilimag.hu\/webshop\/wp-json\/wp\/v2\/comments?post=23198"}],"wp:featuredmedia":[{"embeddable":true,"href":"https:\/\/chilimag.hu\/webshop\/wp-json\/wp\/v2\/media\/23199"}],"wp:attachment":[{"href":"https:\/\/chilimag.hu\/webshop\/wp-json\/wp\/v2\/media?parent=23198"}],"wp:term":[{"taxonomy":"product_brand","embeddable":true,"href":"https:\/\/chilimag.hu\/webshop\/wp-json\/wp\/v2\/product_brand?post=23198"},{"taxonomy":"product_cat","embeddable":true,"href":"https:\/\/chilimag.hu\/webshop\/wp-json\/wp\/v2\/product_cat?post=23198"},{"taxonomy":"product_tag","embeddable":true,"href":"https:\/\/chilimag.hu\/webshop\/wp-json\/wp\/v2\/product_tag?post=23198"}],"curies":[{"name":"wp","href":"https:\/\/api.w.org\/{rel}","templated":true}]}}