{"id":23181,"date":"2023-03-25T18:33:46","date_gmt":"2023-03-25T18:33:46","guid":{"rendered":"https:\/\/chilimag.hu\/webshop\/?post_type=product&#038;p=23181"},"modified":"2023-03-26T18:18:43","modified_gmt":"2023-03-26T18:18:43","slug":"organic-way-eagle-cink-sl","status":"publish","type":"product","link":"https:\/\/chilimag.hu\/webshop\/termek\/organic-way-eagle-cink-sl\/","title":{"rendered":"Organic Way Eagle\/Cink SL"},"content":{"rendered":"","protected":false},"excerpt":{"rendered":"<p>Megnevez\u00e9s: Az EAGLE esszenci\u00e1lis elemmel &#8211; cinkkel d\u00fas\u00edtott m\u0171tr\u00e1gya. A cink el\u0151seg\u00edti a fitohormon- \u00e9s feh\u00e9rjeszint\u00e9zist, hogy felgyors\u00edtsa az \u00faj hajt\u00e1sok n\u00f6veked\u00e9s\u00e9t. A citrusf\u00e9l\u00e9k kivonat\u00e1nak jellegzetes illata van, amely bizonyos fajokat tasz\u00edt. A term\u00e9k biztons\u00e1gos a n\u00f6v\u00e9nyek \u00e9s \u00e1llatok sz\u00e1m\u00e1ra.<br \/>\nFelhaszn\u00e1l\u00e1si m\u00f3d: H\u00edg\u00edtson fel 50-100 ml oldatot 10 liter v\u00edzzel. Egy h\u00e9ttel a betakar\u00edt\u00e1s megkezd\u00e9se el\u0151tt \u00f6nt\u00f6zze meg vagy permetezze be a talajt \/ k\u00f6lcs\u00f6n\u00f6zze ki a n\u00f6v\u00e9nyeket. Haszn\u00e1lja hetente egyszer a betakar\u00edt\u00e1sig. Az adag ar\u00e1nk\u00e9nt javasolt.<\/p>\n<p>\u00d6sszetev\u0151k: 2% v\u00edzben old\u00f3d\u00f3 cink, 26% n\u00f6v\u00e9nyi kivonat koncentr\u00e1tum.<br \/>\nHozz\u00e1vet\u0151leges term\u00e9kkibocs\u00e1t\u00e1s 20 l munkaoldat<br \/>\nM\u0171tr\u00e1gya t\u00edpusa Foly\u00e9kony m\u0171tr\u00e1gy\u00e1k<br \/>\nGy\u00e1rt\u00f3 Organic Way<br \/>\nKiszerel\u00e9s 0100L<\/p>\n","protected":false},"featured_media":23182,"comment_status":"closed","ping_status":"closed","template":"","meta":[],"product_brand":[],"product_cat":[387],"product_tag":[],"class_list":{"0":"post-23181","1":"product","2":"type-product","3":"status-publish","4":"has-post-thumbnail","6":"product_cat-organic-way-tapoldatok-es-noveny-apolok","8":"first","9":"instock","10":"taxable","11":"shipping-taxable","12":"purchasable","13":"product-type-simple"},"_links":{"self":[{"href":"https:\/\/chilimag.hu\/webshop\/wp-json\/wp\/v2\/product\/23181","targetHints":{"allow":["GET"]}}],"collection":[{"href":"https:\/\/chilimag.hu\/webshop\/wp-json\/wp\/v2\/product"}],"about":[{"href":"https:\/\/chilimag.hu\/webshop\/wp-json\/wp\/v2\/types\/product"}],"replies":[{"embeddable":true,"href":"https:\/\/chilimag.hu\/webshop\/wp-json\/wp\/v2\/comments?post=23181"}],"wp:featuredmedia":[{"embeddable":true,"href":"https:\/\/chilimag.hu\/webshop\/wp-json\/wp\/v2\/media\/23182"}],"wp:attachment":[{"href":"https:\/\/chilimag.hu\/webshop\/wp-json\/wp\/v2\/media?parent=23181"}],"wp:term":[{"taxonomy":"product_brand","embeddable":true,"href":"https:\/\/chilimag.hu\/webshop\/wp-json\/wp\/v2\/product_brand?post=23181"},{"taxonomy":"product_cat","embeddable":true,"href":"https:\/\/chilimag.hu\/webshop\/wp-json\/wp\/v2\/product_cat?post=23181"},{"taxonomy":"product_tag","embeddable":true,"href":"https:\/\/chilimag.hu\/webshop\/wp-json\/wp\/v2\/product_tag?post=23181"}],"curies":[{"name":"wp","href":"https:\/\/api.w.org\/{rel}","templated":true}]}}