{"id":23179,"date":"2023-03-25T18:30:51","date_gmt":"2023-03-25T18:30:51","guid":{"rendered":"https:\/\/chilimag.hu\/webshop\/?post_type=product&#038;p=23179"},"modified":"2025-09-06T16:52:40","modified_gmt":"2025-09-06T16:52:40","slug":"novekedesi-aktivator-sl-agr","status":"publish","type":"product","link":"https:\/\/chilimag.hu\/webshop\/termek\/novekedesi-aktivator-sl-agr\/","title":{"rendered":"N\u00f6veked\u00e9si aktiv\u00e1tor SL AGR"},"content":{"rendered":"","protected":false},"excerpt":{"rendered":"<p>N\u00d6VEKED\u00c9SI AKTIV\u00c1TOR<br \/>\nRendeltet\u00e9sszer\u0171 haszn\u00e1lat: Az aktiv\u00e1tor serkenti a gy\u00f6keresed\u00e9st, felgyors\u00edtja az \u00e1t\u00fcltetett n\u00f6v\u00e9nyek be\u00e1gyaz\u00f3d\u00e1s\u00e1t, n\u00f6veli a n\u00f6v\u00e9nyek ellen\u00e1ll\u00f3 k\u00e9pess\u00e9g\u00e9t a kedvez\u0151tlen k\u00f6rnyezeti t\u00e9nyez\u0151kkel szemben, felgyors\u00edtja a n\u00f6v\u00e9nyek \u00e9r\u00e9s\u00e9t \u00e9s n\u00f6veli a term\u00e9st. Alkalmaz\u00e1s: A r\u00e9tegek, dugv\u00e1nyok, hajt\u00e1sok vagy eltol\u00f3d\u00e1sok sz\u00e1r\u00e1t v\u00edzzel \u00e1ztatjuk, \u00e9s az aktiv\u00e1torporba mer\u00edtj\u00fck (kb. 2 cm-re) gy\u00f6keresed\u00e9s\u00fck c\u00e9lj\u00e1b\u00f3l, majd az aljzaton l\u00e9v\u0151 el\u0151k\u00e9sz\u00edtett lyukakba sz\u00farjuk. \u00dcltet\u00e9s el\u0151tt a magokat \u00e9s a hagym\u00e1kat 6-12 \u00f3r\u00e1n \u00e1t 2 g\/liter v\u00edzb\u0151l \u00e1ll\u00f3 aktiv\u00e1toroldatba \u00e1ztatjuk. A pal\u00e1nt\u00e1kat \u00e9s a cs\u00edr\u00e1z\u00f3 n\u00f6v\u00e9nyeket 7\u201314 naponta 2 g\/10 liter v\u00edzb\u0151l \u00e1ll\u00f3 aktiv\u00e1toroldattal \u00f6nt\u00f6zz\u00fck.<br \/>\n\u00d6sszetev\u0151k: CaCO3 \u2013 98,1%, MgCO3 \u2013 0,9%, Fe2O3 \u2013 0,08%, Al2O3 \u2013 0,35%, SiO2 \u2013 0,55%, Ca &gt; 38%, HCl &lt; 1%, pH \u2013 9,4.<br \/>\n\u00d3vint\u00e9zked\u00e9sre vonatkoz\u00f3 mondatok: haszn\u00e1lat k\u00f6zben tartsa be az \u00e1ltal\u00e1nos higi\u00e9niai el\u0151\u00edr\u00e1sokat. Gyermekek el\u0151l elz\u00e1rva tartand\u00f3. \u00d3vja a term\u00e9ket nedvess\u00e9gt\u0151l \u00e9s napf\u00e9nyt\u0151l. Haszn\u00e1lat ut\u00e1n alaposan mosson kezet szappannal \u00e9s v\u00edzzel. Ha szembe ker\u00fcl, \u00f3vatosan \u00f6bl\u00edtse ki n\u00e9h\u00e1ny percig foly\u00f3 v\u00edz alatt, \u00e9s ha a szemirrit\u00e1ci\u00f3 tov\u00e1bbra is fenn\u00e1ll, forduljon orvoshoz. Ha a b\u0151rre ker\u00fcl, mossa le szappannal \u00e9s v\u00edzzel, \u00e9s ha b\u0151rirrit\u00e1ci\u00f3 l\u00e9p fel, forduljon orvoshoz. Lenyel\u00e9s eset\u00e9n \u00f6bl\u00edtse ki a sz\u00e1j\u00e1t, \u00e9s ha rosszul \u00e9rzi mag\u00e1t, forduljon toxikol\u00f3giai k\u00f6zponthoz\/orvoshoz. +5 \u00e9s +30\u00b0C k\u00f6z\u00f6tti h\u0151m\u00e9rs\u00e9kleten t\u00e1roland\u00f3. S\u00faly (nett\u00f3): 2 g. Gy\u00e1rt\u00f3: Penergetic International AG, a Sv\u00e1jci \u00c1llamsz\u00f6vets\u00e9g. Forgalmaz\u00f3: Agrofirma \u201cS\u0116KLOS\u201d UAB, Sm\u0117lio str. 8, LT-10324, Vilnius, www.seklos.lt. Gy\u00e1rt\u00e1si sz\u00e1m \u00e9s gy\u00e1rt\u00e1si d\u00e1tum: n\u00e9zze meg a csomagol\u00e1son. Fizikai v\u00e1ltoz\u00e1sok eset\u00e9n a term\u00e9k \u00f6sszetev\u0151inek t\u00e1pl\u00e1lkoz\u00e1si tulajdons\u00e1gai nem v\u00e1ltoznak. A term\u00e9ket sz\u00e1razon \u00e9s k\u00f6zvetlen napf\u00e9nyt\u0151l v\u00e9dve kell tartani, felhaszn\u00e1l\u00e1si ideje korl\u00e1tlan.<\/p>\n<p>C\u00e9l Univerz\u00e1lis stimul\u00e1ns<br \/>\nGy\u00e1rt\u00f3 Agronom<br \/>\nKiszerel\u00e9s 0,002 KG<\/p>\n","protected":false},"featured_media":23180,"comment_status":"closed","ping_status":"closed","template":"","meta":[],"product_brand":[],"product_cat":[388],"product_tag":[],"class_list":{"0":"post-23179","1":"product","2":"type-product","3":"status-publish","4":"has-post-thumbnail","6":"product_cat-agronom-tapoldatok-es-noveny-apolok","8":"first","9":"instock","10":"taxable","11":"shipping-taxable","12":"purchasable","13":"product-type-simple"},"_links":{"self":[{"href":"https:\/\/chilimag.hu\/webshop\/wp-json\/wp\/v2\/product\/23179","targetHints":{"allow":["GET"]}}],"collection":[{"href":"https:\/\/chilimag.hu\/webshop\/wp-json\/wp\/v2\/product"}],"about":[{"href":"https:\/\/chilimag.hu\/webshop\/wp-json\/wp\/v2\/types\/product"}],"replies":[{"embeddable":true,"href":"https:\/\/chilimag.hu\/webshop\/wp-json\/wp\/v2\/comments?post=23179"}],"wp:featuredmedia":[{"embeddable":true,"href":"https:\/\/chilimag.hu\/webshop\/wp-json\/wp\/v2\/media\/23180"}],"wp:attachment":[{"href":"https:\/\/chilimag.hu\/webshop\/wp-json\/wp\/v2\/media?parent=23179"}],"wp:term":[{"taxonomy":"product_brand","embeddable":true,"href":"https:\/\/chilimag.hu\/webshop\/wp-json\/wp\/v2\/product_brand?post=23179"},{"taxonomy":"product_cat","embeddable":true,"href":"https:\/\/chilimag.hu\/webshop\/wp-json\/wp\/v2\/product_cat?post=23179"},{"taxonomy":"product_tag","embeddable":true,"href":"https:\/\/chilimag.hu\/webshop\/wp-json\/wp\/v2\/product_tag?post=23179"}],"curies":[{"name":"wp","href":"https:\/\/api.w.org\/{rel}","templated":true}]}}