{"id":23168,"date":"2023-03-25T18:09:19","date_gmt":"2023-03-25T18:09:19","guid":{"rendered":"https:\/\/chilimag.hu\/webshop\/?post_type=product&#038;p=23168"},"modified":"2024-02-02T19:41:40","modified_gmt":"2024-02-02T19:41:40","slug":"diatomic-ow-sl","status":"publish","type":"product","link":"https:\/\/chilimag.hu\/webshop\/termek\/diatomic-ow-sl\/","title":{"rendered":"Diatomic term\u00e9szetes csigariaszt\u00f3 OW SL"},"content":{"rendered":"","protected":false},"excerpt":{"rendered":"<p style=\"text-align: right;\">Felhaszn\u00e1l\u00e1sra k\u00e9sz term\u00e9szetes eredet\u0171 term\u00e9k &#8211; kovaf\u00f6ld<br \/>\nA term\u00e9k mechanikus rovarirt\u00e1sra, k\u00fclt\u00e9ri \u00e9s belt\u00e9ri haszn\u00e1latra k\u00e9sz\u00fclt<br \/>\nC\u00e9l: a term\u00e9k mikroorganizmus kovaalg-fossz\u00edli\u00e1kb\u00f3l \u00e1ll. A kovaf\u00f6ldet rendk\u00edv\u00fcl \u00e9les mikroszkopikus r\u00e9szecsk\u00e9k \u00e9s nagy mennyis\u00e9g\u0171 nedvess\u00e9g vonz\u00e1s\u00e1nak k\u00e9pess\u00e9ge jellemzi. A z\u00fazott k\u00f6v\u00fcletek \u00e9les sz\u00e9lei k\u00e1ros\u00edthatj\u00e1k a k\u00e1rtev\u0151k b\u0151r\u00e9t, a kisz\u00e1radt k\u00f6rnyezet pedig kisz\u00e1rad\u00e1shoz vezethet. Igyekeznek elker\u00fclni a kovaf\u00f6ldben gazdag k\u00f6rnyezetet, a k\u00e1rtev\u0151k term\u00e9szetesen igyekeznek t\u00e1vol maradni t\u0151le. A term\u00e9k talajjav\u00edt\u00f3k\u00e9nt, vagy a talaj nedvess\u00e9gtartalm\u00e1t seg\u00edt\u0151 anyagk\u00e9nt is haszn\u00e1lhat\u00f3.<br \/>\nFelhaszn\u00e1l\u00e1s: K\u00e1rtev\u0151irt\u00e1s c\u00e9lj\u00e1b\u00f3l a k\u00e1rtev\u0151 \u00fatvonalak, f\u00e9szkek, potenci\u00e1lis od\u00fak fel\u00fclet\u00e9t vagy a k\u00e1rtev\u0151k gy\u00fclekez\u0151 helyeit kezelik a term\u00e9kkel. A term\u00e9k haszn\u00e1lhat\u00f3 lak\u00f3h\u00e1zakban, ipari \u00e9s gazdas\u00e1gi \u00e9p\u00fcletekben, \u00fcvegh\u00e1zakban \u00e9s t\u00e9likertekben, teraszokon \u00e9s erk\u00e9lyeken, k\u00fclt\u00e9ri \u00e9p\u00edtm\u00e9nyeken. Javasoljuk, hogy a port a lehet\u0151 legv\u00e9konyabb r\u00e9tegben ter\u00edtse el sz\u00e1raz fel\u00fcletekre vagy n\u00f6v\u00e9nyek k\u00f6r\u00e9, hogy reped\u00e9sekre, r\u00e9sekbe, r\u00e9sekbe \u00f6ntse. Sz\u00fcks\u00e9ges a k\u00e1rtev\u0151k \u00e9rintkez\u00e9se a term\u00e9k sz\u00e1raz por\u00e1val. A term\u00e9k hat\u00e9konys\u00e1ga nedves ter\u00fcleteken cs\u00f6kken. Amikor a term\u00e9k nedves lesz, ki kell cser\u00e9lni egy \u00faj adagra. Ha talajjav\u00edt\u00f3k\u00e9nt haszn\u00e1ljuk, ezt a term\u00e9ket a talaj (100 g\/m2) vagy egy vir\u00e1gcser\u00e9p (v\u00e1ly\u00fa) fel\u00fclet\u00e9re kell sz\u00f3rni, \u00e9s 5 cm m\u00e9lys\u00e9gig kell behelyezni.<br \/>\n\u00d6sszet\u00e9tel: 100%-ban term\u00e9szetes kovaf\u00f6ld.<br \/>\nT\u00e9telsz\u00e1m \u00e9s gy\u00e1rt\u00e1si d\u00e1tum (csomagol\u00e1s): l\u00e1sd a csomagol\u00e1st. Ha a term\u00e9ket sz\u00e1raz helyen, k\u00f6zvetlen napf\u00e9nyt\u0151l v\u00e9dett helyen t\u00e1rolja, az eltarthat\u00f3s\u00e1g korl\u00e1tlan.<br \/>\n\u00d3vint\u00e9zked\u00e9sre vonatkoz\u00f3 mondatok: A term\u00e9k kezel\u00e9se sor\u00e1n be kell tartani az \u00e1ltal\u00e1nos higi\u00e9niai el\u0151\u00edr\u00e1sokat. Tartsa t\u00e1vol gyermekekt\u0151l. Nedvess\u00e9gt\u0151l \u00e9s napf\u00e9nyt\u0151l v\u00e9deni kell. Ker\u00fclje a por bel\u00e9legz\u00e9s\u00e9t. Ne egyen, igyon vagy doh\u00e1nyozzon a term\u00e9k haszn\u00e1lata k\u00f6zben. Bel\u00e9legz\u00e9s eset\u00e9n: t\u00e1vol\u00edtsa el a szem\u00e9lyt a k\u00e1ros k\u00f6rnyezetb\u0151l. Szembe ker\u00fcl\u00e9s eset\u00e9n: t\u00f6bb percig tart\u00f3 \u00f3vatos \u00f6bl\u00edt\u00e9s v\u00edzzel, ha a szemirrit\u00e1ci\u00f3 nem m\u00falik el, orvoshoz kell fordulni. Ha b\u0151rre ker\u00fcl: b\u0151 szappannal \u00e9s v\u00edzzel le kell mosni. Lenyel\u00e9s eset\u00e9n: \u00f6bl\u00edtse ki a sz\u00e1jat, ne h\u00e1nytasson, ha rosszul \u00e9rzi mag\u00e1t, forduljon orvoshoz. +5 \u00e9s +25\u00b0C k\u00f6z\u00f6tti h\u0151m\u00e9rs\u00e9kleten t\u00e1roland\u00f3.<br \/>\nA tartalmat\/ed\u00e9nyt a helyi el\u0151\u00edr\u00e1soknak megfelel\u0151en \u00e1rtalmatlan\u00edtsa.<br \/>\nGy\u00e1rt\u00f3 Organic Way<br \/>\nKiszerel\u00e9s 0.200KG<\/p>\n","protected":false},"featured_media":23169,"comment_status":"closed","ping_status":"closed","template":"","meta":[],"product_brand":[],"product_cat":[340],"product_tag":[],"class_list":{"0":"post-23168","1":"product","2":"type-product","3":"status-publish","4":"has-post-thumbnail","6":"product_cat-kartevo-csapdak","8":"first","9":"instock","10":"taxable","11":"shipping-taxable","12":"purchasable","13":"product-type-simple"},"_links":{"self":[{"href":"https:\/\/chilimag.hu\/webshop\/wp-json\/wp\/v2\/product\/23168","targetHints":{"allow":["GET"]}}],"collection":[{"href":"https:\/\/chilimag.hu\/webshop\/wp-json\/wp\/v2\/product"}],"about":[{"href":"https:\/\/chilimag.hu\/webshop\/wp-json\/wp\/v2\/types\/product"}],"replies":[{"embeddable":true,"href":"https:\/\/chilimag.hu\/webshop\/wp-json\/wp\/v2\/comments?post=23168"}],"wp:featuredmedia":[{"embeddable":true,"href":"https:\/\/chilimag.hu\/webshop\/wp-json\/wp\/v2\/media\/23169"}],"wp:attachment":[{"href":"https:\/\/chilimag.hu\/webshop\/wp-json\/wp\/v2\/media?parent=23168"}],"wp:term":[{"taxonomy":"product_brand","embeddable":true,"href":"https:\/\/chilimag.hu\/webshop\/wp-json\/wp\/v2\/product_brand?post=23168"},{"taxonomy":"product_cat","embeddable":true,"href":"https:\/\/chilimag.hu\/webshop\/wp-json\/wp\/v2\/product_cat?post=23168"},{"taxonomy":"product_tag","embeddable":true,"href":"https:\/\/chilimag.hu\/webshop\/wp-json\/wp\/v2\/product_tag?post=23168"}],"curies":[{"name":"wp","href":"https:\/\/api.w.org\/{rel}","templated":true}]}}