{"id":23160,"date":"2023-03-25T17:41:00","date_gmt":"2023-03-25T17:41:00","guid":{"rendered":"https:\/\/chilimag.hu\/webshop\/?post_type=product&#038;p=23160"},"modified":"2025-09-07T16:48:45","modified_gmt":"2025-09-07T16:48:45","slug":"fold-keverek-azaleaknak-rozsaknak-pafranyoknak","status":"publish","type":"product","link":"https:\/\/chilimag.hu\/webshop\/termek\/fold-keverek-azaleaknak-rozsaknak-pafranyoknak\/","title":{"rendered":"F\u00f6ld kever\u00e9k Az\u00e1le\u00e1knak, r\u00f3zs\u00e1knak, p\u00e1fr\u00e1nyoknak 4L SL"},"content":{"rendered":"","protected":false},"excerpt":{"rendered":"<p>TALAJ AZ\u00c1LE\u00c1HOZ, R\u00d3ZS\u00c1HOZ \u00c9S P\u00c1FR\u00c1NYOKNAK.<br \/>\nSpeci\u00e1lis, szerves \u00e9s \u00e1sv\u00e1nyi anyagokb\u00f3l szakszer\u0171en elk\u00e9sz\u00edtett, speci\u00e1lis formul\u00e1t k\u00f6vet\u0151 talaj, alkalmas az\u00e1lea, r\u00f3zsa, rododendron, kam\u00e9lia, p\u00e1fr\u00e1ny, valamint egy\u00e9b ericaceae n\u00f6v\u00e9nyek termeszt\u00e9s\u00e9re \u00e9s \u00fajratelep\u00edt\u00e9s\u00e9re, valamint az \u00fcltet\u0151talaj felt\u00f6lt\u00e9s\u00e9re, jav\u00edt\u00e1s\u00e1ra.<br \/>\nT\u00e9rfogat t\u00f6lt\u00e9skor 4 l<\/p>\n<p style=\"font-weight: 400;\">Rendeltet\u00e9s: speci\u00e1lis recept\u00fara alapj\u00e1n szerves \u00e9s \u00e1sv\u00e1nyi anyagokb\u00f3l szakszer\u0171en el\u0151k\u00e9sz\u00edtett speci\u00e1lis talaj, az\u00e1lea, rododendron, kam\u00e9lia, p\u00e1fr\u00e1ny \u00e9s hanga termeszt\u00e9s\u00e9re, \u00e1t\u00fcltet\u00e9s\u00e9re, \u00fcltet\u0151talaj kieg\u00e9sz\u00edt\u00e9s\u00e9re, jav\u00edt\u00e1s\u00e1ra. AS talajban a t\u00e1panyag mennyis\u00e9ge kiegyens\u00falyozott, a talaj por\u00f3zus, j\u00f3l felveszi a vizet, megtartja a nedvess\u00e9get, nincs rajta betegs\u00e9gfert\u0151z\u00e9s.<\/p>\n<p style=\"font-weight: 400;\">\u00d6sszet\u00e9tel: t\u0151zeg, szerves tr\u00e1gy\u00e1k, \u00e1sv\u00e1nyi m\u0171tr\u00e1gy\u00e1k, m\u00e9szk\u0151por, jav\u00edt\u00f3 anyagok.<\/p>\n<p style=\"font-weight: 400;\">Min\u0151s\u00e9hi mutat\u00f3k: pHkg 3,0-4,5, elektromos vezet\u0151k\u00e9pess\u00e9g (EC)-0,7 mS\/cm, szerves anyag-35%, \u00f6sszes nitrog\u00e9n (N) 0,2%,\u00f6sszes foszfor (P203) 0,06%, \u00f6sszes k\u00e1lium (K20) 0,08%,p\u00e1ratartalom-legfejebb 65%<\/p>\n<p style=\"font-weight: 400;\">\n<p style=\"font-weight: 400;\">Haszn\u00e1lata: t\u00f6ltse meg az \u00fcres cserepet f\u00f6lddel, \u00fcltesse el a n\u00f6v\u00e9nyt, t\u00f6m\u00f6r\u00edtse a talajt a n\u00f6v\u00e9nyek k\u00f6r\u00fcl.<\/p>\n<p style=\"font-weight: 400;\">Tippek: Haszn\u00e1lat ell\u0151t a talajt ki kell szell\u0151ztetni. Ez a legjobb az \u00e1t\u00fcltet\u00e9s el\u0151tti est\u00e9t\u0151l v\u00e9gezze el. A vir\u00e1gos n\u00f6v\u00e9nyeket tavaszi vir\u00e1gz\u00e1s ut\u00e1n azonnal \u00e1t\u00fcltetik 2-3 \u00e9vente. H\u0171v\u00f6s id\u0151ben \u00fcltess\u00fck \u00e1t a n\u00f6v\u00e9nyeket. N\u00f6v\u00e9nyek \u00fcltet\u00e9skor vagy \u00e1t\u00fcltet\u00e9skor duzzasztott anyagot vagy kavicsot tegy\u00fcnk az ed\u00e9ny alj\u00e1ra, \u00e9s k\u00e9pezz\u00fcnk 2-3 cm-es v\u00edzelvezet\u0151 r\u00e9teget. \u00d6nt\u00f6zz\u00fck meg az \u00e1t\u00fcltetett n\u00f6v\u00e9nyeket. A felhaszn\u00e1lt talajt kiv\u00e1l\u00f3an alkalmas a kert vagy vetem\u00e9nyeskert talajjav\u00edt\u00e1s\u00e1ra, n\u00f6v\u00e9nyek hullad\u00e9k komposzt\u00e1l\u00e1s\u00e1ra.<\/p>\n<p>&nbsp;<\/p>\n","protected":false},"featured_media":31874,"comment_status":"closed","ping_status":"closed","template":"","meta":[],"product_brand":[],"product_cat":[371],"product_tag":[],"class_list":{"0":"post-23160","1":"product","2":"type-product","3":"status-publish","4":"has-post-thumbnail","6":"product_cat-seklos-lt-tozegek","7":"product_shipping_class-kizarolag-szemelyes-atvetel","9":"first","10":"instock","11":"taxable","12":"shipping-taxable","13":"purchasable","14":"product-type-simple"},"_links":{"self":[{"href":"https:\/\/chilimag.hu\/webshop\/wp-json\/wp\/v2\/product\/23160","targetHints":{"allow":["GET"]}}],"collection":[{"href":"https:\/\/chilimag.hu\/webshop\/wp-json\/wp\/v2\/product"}],"about":[{"href":"https:\/\/chilimag.hu\/webshop\/wp-json\/wp\/v2\/types\/product"}],"replies":[{"embeddable":true,"href":"https:\/\/chilimag.hu\/webshop\/wp-json\/wp\/v2\/comments?post=23160"}],"wp:featuredmedia":[{"embeddable":true,"href":"https:\/\/chilimag.hu\/webshop\/wp-json\/wp\/v2\/media\/31874"}],"wp:attachment":[{"href":"https:\/\/chilimag.hu\/webshop\/wp-json\/wp\/v2\/media?parent=23160"}],"wp:term":[{"taxonomy":"product_brand","embeddable":true,"href":"https:\/\/chilimag.hu\/webshop\/wp-json\/wp\/v2\/product_brand?post=23160"},{"taxonomy":"product_cat","embeddable":true,"href":"https:\/\/chilimag.hu\/webshop\/wp-json\/wp\/v2\/product_cat?post=23160"},{"taxonomy":"product_tag","embeddable":true,"href":"https:\/\/chilimag.hu\/webshop\/wp-json\/wp\/v2\/product_tag?post=23160"}],"curies":[{"name":"wp","href":"https:\/\/api.w.org\/{rel}","templated":true}]}}