{"id":23158,"date":"2023-03-25T17:36:55","date_gmt":"2023-03-25T17:36:55","guid":{"rendered":"https:\/\/chilimag.hu\/webshop\/?post_type=product&#038;p=23158"},"modified":"2025-09-07T16:42:09","modified_gmt":"2025-09-07T16:42:09","slug":"foldkeverek-citrus-fuge-es-krotonnak","status":"publish","type":"product","link":"https:\/\/chilimag.hu\/webshop\/termek\/foldkeverek-citrus-fuge-es-krotonnak\/","title":{"rendered":"F\u00f6ldkever\u00e9k Citrus, F\u00fcge \u00e9s krotonnak 4L SL"},"content":{"rendered":"","protected":false},"excerpt":{"rendered":"<p>F\u00d6LD KEVER\u00c9K CIROMF\u00c1KHOZ, F\u00dcG\u00c9NEK \u00c9S KROTONNAK<br \/>\nSpeci\u00e1lis, szerves \u00e9s \u00e1sv\u00e1nyi anyagokb\u00f3l professzion\u00e1lisan el\u0151k\u00e9sz\u00edtett, speci\u00e1lis formul\u00e1t k\u00f6vet\u0151 talaj, alkalmas f\u00fcge, kroton, citromf\u00e1k, filodendronok, dieffenbachia \u00e9s egy\u00e9b leveles n\u00f6v\u00e9nyek termeszt\u00e9s\u00e9re, \u00fajra\u00fcltet\u00e9s\u00e9re, valamint az \u00fcltet\u0151talaj felt\u00f6lt\u00e9s\u00e9re, jav\u00edt\u00e1s\u00e1ra.<br \/>\nT\u00e9rfogat t\u00f6lt\u00e9skor 4 l<br \/>\nC\u00e9l Szoban\u00f6v\u00e9nyekhez<br \/>\nGy\u00e1rt\u00f3 AGRONOMO PATARIMAS<br \/>\nKiszerel\u00e9s 4 l<\/p>\n<p style=\"font-weight: 400;\">Felhaszn\u00e1l\u00e1s: speci\u00e1lis recept\u00fara alapj\u00e1n szerves anyagokb\u00f3l, szakszer\u0171en elk\u00e9sz\u00edtett speci\u00e1lis alapoz\u00f3, fikuszokhoz, krotonokhoz, citromf\u00e1khoz \u00e9s citrusf\u00e9l\u00e9khez, filodendronhoz. Kiv\u00e1l\u00f3an alkalmas \u00fcltet\u00e9s \u00e9s \u00e1t\u00fcltet\u00e9sre. A talaj por\u00f3zus, j\u00f3l felsz\u00edvja a vizet, megtartja a nedvess\u00e9get.<\/p>\n<p style=\"font-weight: 400;\">\u00d6sszet\u00e9tel: t\u0151zeg, szerves tr\u00e1gy\u00e1k, \u00e1sv\u00e1nyi m\u0171tr\u00e1gy\u00e1k, m\u00e9szp\u00f3r, felsz\u00edv\u00f3d\u00e1s jav\u00edt\u00f3 anyag.<\/p>\n<p style=\"font-weight: 400;\">Deklar\u00e1lt min\u0151s\u00e9gi mutat\u00f3k: pH 5,5-6,5 elektromos vezet\u0151k\u00e9pess\u00e9g (EC)-0,7 mS\/cm, szerves anyag-30%, \u00f6sszes nitrog\u00e9n(N) 0,2%, \u00f6sszes foszfor (P205) 0,05%, \u00f6ssze k\u00e1lium (K20) 0,08%, p\u00e1ratartalom-legfeljebb 65%.<\/p>\n<p>&nbsp;<\/p>\n","protected":false},"featured_media":23159,"comment_status":"closed","ping_status":"closed","template":"","meta":[],"product_brand":[],"product_cat":[371],"product_tag":[],"class_list":{"0":"post-23158","1":"product","2":"type-product","3":"status-publish","4":"has-post-thumbnail","6":"product_cat-seklos-lt-tozegek","8":"first","9":"instock","10":"taxable","11":"shipping-taxable","12":"purchasable","13":"product-type-simple"},"_links":{"self":[{"href":"https:\/\/chilimag.hu\/webshop\/wp-json\/wp\/v2\/product\/23158","targetHints":{"allow":["GET"]}}],"collection":[{"href":"https:\/\/chilimag.hu\/webshop\/wp-json\/wp\/v2\/product"}],"about":[{"href":"https:\/\/chilimag.hu\/webshop\/wp-json\/wp\/v2\/types\/product"}],"replies":[{"embeddable":true,"href":"https:\/\/chilimag.hu\/webshop\/wp-json\/wp\/v2\/comments?post=23158"}],"wp:featuredmedia":[{"embeddable":true,"href":"https:\/\/chilimag.hu\/webshop\/wp-json\/wp\/v2\/media\/23159"}],"wp:attachment":[{"href":"https:\/\/chilimag.hu\/webshop\/wp-json\/wp\/v2\/media?parent=23158"}],"wp:term":[{"taxonomy":"product_brand","embeddable":true,"href":"https:\/\/chilimag.hu\/webshop\/wp-json\/wp\/v2\/product_brand?post=23158"},{"taxonomy":"product_cat","embeddable":true,"href":"https:\/\/chilimag.hu\/webshop\/wp-json\/wp\/v2\/product_cat?post=23158"},{"taxonomy":"product_tag","embeddable":true,"href":"https:\/\/chilimag.hu\/webshop\/wp-json\/wp\/v2\/product_tag?post=23158"}],"curies":[{"name":"wp","href":"https:\/\/api.w.org\/{rel}","templated":true}]}}