{"id":23156,"date":"2023-03-25T17:27:27","date_gmt":"2023-03-25T17:27:27","guid":{"rendered":"https:\/\/chilimag.hu\/webshop\/?post_type=product&#038;p=23156"},"modified":"2026-02-06T19:35:01","modified_gmt":"2026-02-06T19:35:01","slug":"rukkola-sl-agr","status":"publish","type":"product","link":"https:\/\/chilimag.hu\/webshop\/termek\/rukkola-sl-agr\/","title":{"rendered":"Rukkola SL AGR"},"content":{"rendered":"","protected":false},"excerpt":{"rendered":"<p><img decoding=\"async\" class=\"active-logo\" src=\"https:\/\/b2b.seklos.lt\/themes\/warehouse\/img\/logo_en.png\" alt=\"Agrofirma S\u0117klos, UAB\" width=\"280\" height=\"95\" \/><\/p>\n<p>A sal\u00e1t\u00e1hoz hasonl\u00f3an termesztett leveles z\u00f6lds\u00e9g. Friss, illatos, di\u00f3\u00edz\u0171 leveleit \u00e9tkez\u00e9sre haszn\u00e1lj\u00e1k. T\u00f6k\u00e9letesen passzol a sajthoz, sal\u00e1t\u00e1khoz adhat\u00f3, \u00e9teld\u00edsz\u00edt\u00e9sre haszn\u00e1lhat\u00f3. Gyorsan n\u0151.<br \/>\nKiszerel\u00e9s egy csomagban 2 g<br \/>\nMagok sz\u00e1ma grammonk\u00e9nt 350-400<br \/>\nSz\u00fcret V\u2013IX<br \/>\nVet\u00e9sid\u0151 a talajban II\u2013IV, 1 \u0441m<br \/>\nGy\u00e1rt\u00f3 Agronom<\/p>\n","protected":false},"featured_media":23157,"comment_status":"closed","ping_status":"closed","template":"","meta":[],"product_brand":[],"product_cat":[403],"product_tag":[],"class_list":{"0":"post-23156","1":"product","2":"type-product","3":"status-publish","4":"has-post-thumbnail","6":"product_cat-retek-salata-es-leveles-zoldsegek-vetomagok","8":"first","9":"instock","10":"taxable","11":"shipping-taxable","12":"purchasable","13":"product-type-simple"},"_links":{"self":[{"href":"https:\/\/chilimag.hu\/webshop\/wp-json\/wp\/v2\/product\/23156","targetHints":{"allow":["GET"]}}],"collection":[{"href":"https:\/\/chilimag.hu\/webshop\/wp-json\/wp\/v2\/product"}],"about":[{"href":"https:\/\/chilimag.hu\/webshop\/wp-json\/wp\/v2\/types\/product"}],"replies":[{"embeddable":true,"href":"https:\/\/chilimag.hu\/webshop\/wp-json\/wp\/v2\/comments?post=23156"}],"wp:featuredmedia":[{"embeddable":true,"href":"https:\/\/chilimag.hu\/webshop\/wp-json\/wp\/v2\/media\/23157"}],"wp:attachment":[{"href":"https:\/\/chilimag.hu\/webshop\/wp-json\/wp\/v2\/media?parent=23156"}],"wp:term":[{"taxonomy":"product_brand","embeddable":true,"href":"https:\/\/chilimag.hu\/webshop\/wp-json\/wp\/v2\/product_brand?post=23156"},{"taxonomy":"product_cat","embeddable":true,"href":"https:\/\/chilimag.hu\/webshop\/wp-json\/wp\/v2\/product_cat?post=23156"},{"taxonomy":"product_tag","embeddable":true,"href":"https:\/\/chilimag.hu\/webshop\/wp-json\/wp\/v2\/product_tag?post=23156"}],"curies":[{"name":"wp","href":"https:\/\/api.w.org\/{rel}","templated":true}]}}