{"id":23152,"date":"2023-03-25T17:21:46","date_gmt":"2023-03-25T17:21:46","guid":{"rendered":"https:\/\/chilimag.hu\/webshop\/?post_type=product&#038;p=23152"},"modified":"2026-02-24T13:34:16","modified_gmt":"2026-02-24T13:34:16","slug":"bazsalikom-italiano-classico-z-s-sl","status":"publish","type":"product","link":"https:\/\/chilimag.hu\/webshop\/termek\/bazsalikom-italiano-classico-z-s-sl\/","title":{"rendered":"Bazsalikom Italiano Classico  SL AGR"},"content":{"rendered":"","protected":false},"excerpt":{"rendered":"<p><img decoding=\"async\" class=\"active-logo\" src=\"https:\/\/b2b.seklos.lt\/themes\/warehouse\/img\/logo_en.png\" alt=\"Agrofirma S\u0117klos, UAB\" width=\"280\" height=\"95\" \/><\/p>\n<p>Egyny\u00e1ri, illatos, kulin\u00e1ris, gy\u00f3gyn\u00f6v\u00e9nyes, mellifer\u00e1l\u00f3 n\u00f6v\u00e9nyek. A kellemes illat\u00fa, keser\u0171 \u00edz\u0171 friss \u00e9s sz\u00e1r\u00edtott leveleket, vir\u00e1gokat h\u00fas-, hal\u00e9telek \u00edzes\u00edt\u00e9s\u00e9re haszn\u00e1lj\u00e1k. Vir\u00e1g\u00e1gy\u00e1sban, erk\u00e9lyen vagy ablakp\u00e1rk\u00e1nyon termeszthet\u0151.<br \/>\nMennyis\u00e9g egy csomagban 1,5g<br \/>\nMagok sz\u00e1ma grammonk\u00e9nt 600-700<br \/>\nSz\u00fcret VI\u2013IX<br \/>\nVet\u00e9sid\u0151 a talajban III-IV, 1 \u0441m<br \/>\nGy\u00e1rt\u00f3 Agronom<\/p>\n<p>A csomag 1,5 gr magot tartalmaz<\/p>\n","protected":false},"featured_media":23153,"comment_status":"closed","ping_status":"closed","template":"","meta":[],"product_brand":[],"product_cat":[396],"product_tag":[],"class_list":{"0":"post-23152","1":"product","2":"type-product","3":"status-publish","4":"has-post-thumbnail","6":"product_cat-fuszer-es-gyogynovenyek","8":"first","9":"instock","10":"taxable","11":"shipping-taxable","12":"purchasable","13":"product-type-simple"},"_links":{"self":[{"href":"https:\/\/chilimag.hu\/webshop\/wp-json\/wp\/v2\/product\/23152","targetHints":{"allow":["GET"]}}],"collection":[{"href":"https:\/\/chilimag.hu\/webshop\/wp-json\/wp\/v2\/product"}],"about":[{"href":"https:\/\/chilimag.hu\/webshop\/wp-json\/wp\/v2\/types\/product"}],"replies":[{"embeddable":true,"href":"https:\/\/chilimag.hu\/webshop\/wp-json\/wp\/v2\/comments?post=23152"}],"wp:featuredmedia":[{"embeddable":true,"href":"https:\/\/chilimag.hu\/webshop\/wp-json\/wp\/v2\/media\/23153"}],"wp:attachment":[{"href":"https:\/\/chilimag.hu\/webshop\/wp-json\/wp\/v2\/media?parent=23152"}],"wp:term":[{"taxonomy":"product_brand","embeddable":true,"href":"https:\/\/chilimag.hu\/webshop\/wp-json\/wp\/v2\/product_brand?post=23152"},{"taxonomy":"product_cat","embeddable":true,"href":"https:\/\/chilimag.hu\/webshop\/wp-json\/wp\/v2\/product_cat?post=23152"},{"taxonomy":"product_tag","embeddable":true,"href":"https:\/\/chilimag.hu\/webshop\/wp-json\/wp\/v2\/product_tag?post=23152"}],"curies":[{"name":"wp","href":"https:\/\/api.w.org\/{rel}","templated":true}]}}