{"id":23150,"date":"2023-03-25T17:18:16","date_gmt":"2023-03-25T17:18:16","guid":{"rendered":"https:\/\/chilimag.hu\/webshop\/?post_type=product&#038;p=23150"},"modified":"2025-08-31T17:07:17","modified_gmt":"2025-08-31T17:07:17","slug":"dekorativ-totippan-z-s-sl","status":"publish","type":"product","link":"https:\/\/chilimag.hu\/webshop\/termek\/dekorativ-totippan-z-s-sl\/","title":{"rendered":"Dekorat\u00edv t\u0151tippan (Elegant Lovegrass) Z.S SL"},"content":{"rendered":"","protected":false},"excerpt":{"rendered":"<p><img decoding=\"async\" class=\"active-logo\" src=\"https:\/\/b2b.seklos.lt\/themes\/warehouse\/img\/logo_en.png\" alt=\"Agrofirma S\u0117klos, UAB\" width=\"280\" height=\"95\" \/><\/p>\n<p>Egyny\u00e1ri, d\u00edszes, l\u00e1gysz\u00e1r\u00fa, 50 cm magas n\u00f6v\u00e9ny pomp\u00e1s levelekkel \u00e9s vir\u00e1gzattal. A vir\u00e1gos kertben vir\u00e1gz\u00f3 vir\u00e1gzat r\u00f3zsasz\u00edn k\u00f6d benyom\u00e1s\u00e1t kelti. Szeg\u00e9lynek \u00fcltethet\u0151, naturalisztikus vir\u00e1goskertekben haszn\u00e1lhat\u00f3, cser\u00e9pbe \u00fcltetve. T\u00f6k\u00e9letes a vir\u00e1goskertek \u00fcres tereinek kit\u00f6lt\u00e9s\u00e9re. Sz\u00e9pen kieg\u00e9sz\u00edti az \u00e9l\u00e9nk sz\u00edn\u0171 vir\u00e1gokat. A termeszt\u00e9shez napos helyet \u00e9s v\u00edz\u00e1tereszt\u0151 talajt kell v\u00e1lasztani, mivel ezek a n\u00f6v\u00e9nyek nem t\u0171rik az \u00e1t\u00e1zott talajt. A pal\u00e1nt\u00e1kat vir\u00e1g\u00e1gy\u00e1sokba kell \u00fcltetni.<br \/>\nMennyis\u00e9g egy csomagban 0,5 g<br \/>\nA magok sz\u00e1ma grammonk\u00e9nt ~ 2500<br \/>\nVir\u00e1gz\u00e1si id\u0151, magass\u00e1g VII-IX, 50 cm<br \/>\nGy\u00e1rt\u00f3 \u017dalia stotel\u0117<br \/>\nVir\u00e1gz\u00e1si id\u0151szak IV-V<br \/>\nN\u00f6v\u00e9nymagass\u00e1g, cm 50 cm<\/p>\n","protected":false},"featured_media":23151,"comment_status":"closed","ping_status":"closed","template":"","meta":[],"product_brand":[],"product_cat":[363],"product_tag":[],"class_list":{"0":"post-23150","1":"product","2":"type-product","3":"status-publish","4":"has-post-thumbnail","6":"product_cat-virag-vetomagok-zalia-stotele","8":"first","9":"instock","10":"taxable","11":"shipping-taxable","12":"purchasable","13":"product-type-simple"},"_links":{"self":[{"href":"https:\/\/chilimag.hu\/webshop\/wp-json\/wp\/v2\/product\/23150","targetHints":{"allow":["GET"]}}],"collection":[{"href":"https:\/\/chilimag.hu\/webshop\/wp-json\/wp\/v2\/product"}],"about":[{"href":"https:\/\/chilimag.hu\/webshop\/wp-json\/wp\/v2\/types\/product"}],"replies":[{"embeddable":true,"href":"https:\/\/chilimag.hu\/webshop\/wp-json\/wp\/v2\/comments?post=23150"}],"wp:featuredmedia":[{"embeddable":true,"href":"https:\/\/chilimag.hu\/webshop\/wp-json\/wp\/v2\/media\/23151"}],"wp:attachment":[{"href":"https:\/\/chilimag.hu\/webshop\/wp-json\/wp\/v2\/media?parent=23150"}],"wp:term":[{"taxonomy":"product_brand","embeddable":true,"href":"https:\/\/chilimag.hu\/webshop\/wp-json\/wp\/v2\/product_brand?post=23150"},{"taxonomy":"product_cat","embeddable":true,"href":"https:\/\/chilimag.hu\/webshop\/wp-json\/wp\/v2\/product_cat?post=23150"},{"taxonomy":"product_tag","embeddable":true,"href":"https:\/\/chilimag.hu\/webshop\/wp-json\/wp\/v2\/product_tag?post=23150"}],"curies":[{"name":"wp","href":"https:\/\/api.w.org\/{rel}","templated":true}]}}