{"id":23148,"date":"2023-03-25T17:14:28","date_gmt":"2023-03-25T17:14:28","guid":{"rendered":"https:\/\/chilimag.hu\/webshop\/?post_type=product&#038;p=23148"},"modified":"2026-04-01T08:06:07","modified_gmt":"2026-04-01T08:06:07","slug":"balkon-aranya-z-s-sl","status":"publish","type":"product","link":"https:\/\/chilimag.hu\/webshop\/termek\/balkon-aranya-z-s-sl\/","title":{"rendered":"Balkon aranya Auksaspalvian Lakisiai Z.S SL"},"content":{"rendered":"","protected":false},"excerpt":{"rendered":"<p><img decoding=\"async\" class=\"active-logo\" src=\"https:\/\/b2b.seklos.lt\/themes\/warehouse\/img\/logo_en.png\" alt=\"Agrofirma S\u0117klos, UAB\" width=\"280\" height=\"95\" \/><\/p>\n<p>Egyny\u00e1ri vir\u00e1gok, a sz\u00e1r ak\u00e1r 100 cm-ig h\u00faz\u00f3dik. A b\u0151s\u00e9ges vir\u00e1gz\u00e1s miatt ezt a vir\u00e1got &#8222;arany es\u0151nek&#8221; is nevezik. Csillag alak\u00fa vir\u00e1gz\u00e1s s\u00e1rg\u00e1s gy\u0171r\u0171kkel \u00e1prilis v\u00e9g\u00e9t\u0151l az els\u0151 fagyig. Sz\u00e1ra er\u0151sen el\u00e1gaz\u00f3. N\u00f6vekszik a napon, mint a nedvess\u00e9g (napi 2-3-szor \u00f6nt\u00f6zni). Talajig\u00e9nytelen, k\u00f6nnyen termeszthet\u0151. Vir\u00e1g\u00e1gy\u00e1sok sz\u00e9l\u00e9re, f\u00fcgg\u0151kosarakba \u00fcltetve. a lefut\u00f3 pet\u00fani\u00e1val egy\u00fctt.<br \/>\nMennyis\u00e9g egy csomagban 0,5 g<br \/>\nTranszplant\u00e1ci\u00f3 V-VI<br \/>\n\u00dcltet\u00e9si t\u00e1vols\u00e1gok 30 x 45 cm<br \/>\nVir\u00e1gz\u00e1si id\u0151, VI\u2013X magass\u00e1g, 100 cm<br \/>\nNapos hely Igen<br \/>\nSz\u00edn S\u00e1rga<br \/>\nGy\u00e1rt\u00f3 \u017dalia stotel\u0117<br \/>\nVeget\u00e1ci\u00f3 Egyny\u00e1ri<br \/>\nAlkalmas b\u00f6lcs\u0151ben, vir\u00e1goskertben, cser\u00e9pben termeszt\u00e9sre<br \/>\nNapos \u00e9ghajlat<\/p>\n","protected":false},"featured_media":23149,"comment_status":"closed","ping_status":"closed","template":"","meta":[],"product_brand":[],"product_cat":[363],"product_tag":[],"class_list":{"0":"post-23148","1":"product","2":"type-product","3":"status-publish","4":"has-post-thumbnail","6":"product_cat-virag-vetomagok-zalia-stotele","8":"first","9":"instock","10":"taxable","11":"shipping-taxable","12":"purchasable","13":"product-type-simple"},"_links":{"self":[{"href":"https:\/\/chilimag.hu\/webshop\/wp-json\/wp\/v2\/product\/23148","targetHints":{"allow":["GET"]}}],"collection":[{"href":"https:\/\/chilimag.hu\/webshop\/wp-json\/wp\/v2\/product"}],"about":[{"href":"https:\/\/chilimag.hu\/webshop\/wp-json\/wp\/v2\/types\/product"}],"replies":[{"embeddable":true,"href":"https:\/\/chilimag.hu\/webshop\/wp-json\/wp\/v2\/comments?post=23148"}],"wp:featuredmedia":[{"embeddable":true,"href":"https:\/\/chilimag.hu\/webshop\/wp-json\/wp\/v2\/media\/23149"}],"wp:attachment":[{"href":"https:\/\/chilimag.hu\/webshop\/wp-json\/wp\/v2\/media?parent=23148"}],"wp:term":[{"taxonomy":"product_brand","embeddable":true,"href":"https:\/\/chilimag.hu\/webshop\/wp-json\/wp\/v2\/product_brand?post=23148"},{"taxonomy":"product_cat","embeddable":true,"href":"https:\/\/chilimag.hu\/webshop\/wp-json\/wp\/v2\/product_cat?post=23148"},{"taxonomy":"product_tag","embeddable":true,"href":"https:\/\/chilimag.hu\/webshop\/wp-json\/wp\/v2\/product_tag?post=23148"}],"curies":[{"name":"wp","href":"https:\/\/api.w.org\/{rel}","templated":true}]}}