{"id":23144,"date":"2023-03-25T17:05:03","date_gmt":"2023-03-25T17:05:03","guid":{"rendered":"https:\/\/chilimag.hu\/webshop\/?post_type=product&#038;p=23144"},"modified":"2026-03-01T09:16:48","modified_gmt":"2026-03-01T09:16:48","slug":"ligetszepe-feher-z-s-sl","status":"publish","type":"product","link":"https:\/\/chilimag.hu\/webshop\/termek\/ligetszepe-feher-z-s-sl\/","title":{"rendered":"Ligetsz\u00e9pe Feh\u00e9r Evening Primrose Z.S SL"},"content":{"rendered":"","protected":false},"excerpt":{"rendered":"<p><img decoding=\"async\" class=\"active-logo\" src=\"https:\/\/b2b.seklos.lt\/themes\/warehouse\/img\/logo_en.png\" alt=\"Agrofirma S\u0117klos, UAB\" width=\"280\" height=\"95\" \/><\/p>\n<p>\u00c9vel\u0151, vonz\u00f3 \u00e9s nem ig\u00e9nyes kerti d\u00edszek. M\u00e1s vir\u00e1gokkal kombin\u00e1lva j\u00f3l mutat vir\u00e1g\u00e1gy\u00e1sokban, sziklakertekben vagy nagy cserepekben. Sz\u0151nyeg vir\u00e1g\u00e1gy\u00e1sokhoz, v\u00e1g\u00e1sra alkalmas. J\u00f3 p\u00e1ros\u00edt\u00e1s az astilb\u00e1val, harangvir\u00e1ggal, germander speedwell-el. A vir\u00e1gok 4-6 cm \u00e1tm\u00e9r\u0151j\u0171ek, kellemes illat\u00faak. A legjobban term\u00e9keny, v\u00edz- \u00e9s leveg\u0151\u00e1tereszt\u0151 talajon fejl\u0151dik. Fagy\u00e1ll\u00f3. Ugyanazon a helyen 3-4 \u00e9vig n\u0151het.<\/p>\n<p>A magok sz\u00e1ma grammonk\u00e9nt ~ 1500<br \/>\nVir\u00e1gz\u00e1si id\u0151, magass\u00e1g VI\u2013VIII, 30 cm<br \/>\nFeh\u00e9r sz\u00edn<br \/>\nGy\u00e1rt\u00f3 \u017dalia stotel\u0117<br \/>\nVeget\u00e1ci\u00f3 \u00e9vel\u0151<br \/>\nVir\u00e1goskertekben termeszthet\u0151<br \/>\n\u00c9ghajlat R\u00e9szleges \u00e1rny\u00e9k, napos<br \/>\nVir\u00e1gz\u00e1si id\u0151szak V-VI<br \/>\nN\u00f6v\u00e9ny magass\u00e1ga, cm 30 cm<\/p>\n","protected":false},"featured_media":23145,"comment_status":"closed","ping_status":"closed","template":"","meta":[],"product_brand":[],"product_cat":[363],"product_tag":[],"class_list":{"0":"post-23144","1":"product","2":"type-product","3":"status-publish","4":"has-post-thumbnail","6":"product_cat-virag-vetomagok-zalia-stotele","8":"first","9":"instock","10":"taxable","11":"shipping-taxable","12":"purchasable","13":"product-type-simple"},"_links":{"self":[{"href":"https:\/\/chilimag.hu\/webshop\/wp-json\/wp\/v2\/product\/23144","targetHints":{"allow":["GET"]}}],"collection":[{"href":"https:\/\/chilimag.hu\/webshop\/wp-json\/wp\/v2\/product"}],"about":[{"href":"https:\/\/chilimag.hu\/webshop\/wp-json\/wp\/v2\/types\/product"}],"replies":[{"embeddable":true,"href":"https:\/\/chilimag.hu\/webshop\/wp-json\/wp\/v2\/comments?post=23144"}],"wp:featuredmedia":[{"embeddable":true,"href":"https:\/\/chilimag.hu\/webshop\/wp-json\/wp\/v2\/media\/23145"}],"wp:attachment":[{"href":"https:\/\/chilimag.hu\/webshop\/wp-json\/wp\/v2\/media?parent=23144"}],"wp:term":[{"taxonomy":"product_brand","embeddable":true,"href":"https:\/\/chilimag.hu\/webshop\/wp-json\/wp\/v2\/product_brand?post=23144"},{"taxonomy":"product_cat","embeddable":true,"href":"https:\/\/chilimag.hu\/webshop\/wp-json\/wp\/v2\/product_cat?post=23144"},{"taxonomy":"product_tag","embeddable":true,"href":"https:\/\/chilimag.hu\/webshop\/wp-json\/wp\/v2\/product_tag?post=23144"}],"curies":[{"name":"wp","href":"https:\/\/api.w.org\/{rel}","templated":true}]}}