{"id":23138,"date":"2023-03-25T16:55:32","date_gmt":"2023-03-25T16:55:32","guid":{"rendered":"https:\/\/chilimag.hu\/webshop\/?post_type=product&#038;p=23138"},"modified":"2026-02-17T19:32:09","modified_gmt":"2026-02-17T19:32:09","slug":"kleopatra-tuje-cherry-queen-z-s-sl","status":"publish","type":"product","link":"https:\/\/chilimag.hu\/webshop\/termek\/kleopatra-tuje-cherry-queen-z-s-sl\/","title":{"rendered":"Kleop\u00e1tra t\u0171je Cherry Queen Z.S SL"},"content":{"rendered":"","protected":false},"excerpt":{"rendered":"<p><img decoding=\"async\" class=\"sFlh5c FyHeAf\" src=\"https:\/\/encrypted-tbn0.gstatic.com\/images?q=tbn:ANd9GcSe3GiFpNk9Y7iYKvThN0eqSC89fSsWCj3MAw&amp;s\" alt=\"Parduotuv\u0117s | Zaliastotele.lt\" width=\"150\" height=\"51\" data-ilt=\"1771263544238\" \/><\/p>\n<p>Egyny\u00e1ri, 100 cm magas vir\u00e1gok gy\u00f6ny\u00f6r\u0171, kiemelked\u0151 20 cm-es vir\u00e1gokkal. Az egyik legd\u00edszesebb egyny\u00e1ri vir\u00e1g. Csoportosan \u00fcltetve a vir\u00e1g\u00e1gy\u00e1sok sz\u00e9l\u00e9re. Maradjon dekorat\u00edv eg\u00e9sz ny\u00e1ron az els\u0151 fagyokig. Csokorba v\u00e1ghat\u00f3. A leszedett vir\u00e1gok egy h\u00e9tig maradnak. Napos, sz\u00e9lt\u0151l v\u00e9dett ter\u00fcletet v\u00e1lasszunk, v\u00edz- \u00e9s leveg\u0151\u00e1tereszt\u0151 talajt. A vir\u00e1gz\u00e1s el\u0151seg\u00edt\u00e9se \u00e9rdek\u00e9ben tov\u00e1bbi tr\u00e1gy\u00e1z\u00e1s javasolt.<br \/>\nMagass\u00e1ga 80-100 cm<br \/>\nMennyis\u00e9g egy csomagban 0,4 g<br \/>\nA magok sz\u00e1ma grammonk\u00e9nt ~ 420-450<br \/>\nTranszplant\u00e1ci\u00f3 V-VI<br \/>\n\u00dcltet\u00e9si t\u00e1vols\u00e1gok 30 x 40 cm<br \/>\nVir\u00e1gz\u00e1si id\u0151, magass\u00e1g IV-VI, 80-100 cm<br \/>\nNapos hely Igen<br \/>\nSz\u00ednes Rausva<br \/>\nGy\u00e1rt\u00f3 \u017dalia stotel\u0117<br \/>\nVeget\u00e1ci\u00f3 Egyny\u00e1ri<br \/>\nVir\u00e1goskertekben termeszthet\u0151<br \/>\nNapos \u00e9ghajlat<br \/>\nVir\u00e1gz\u00e1si id\u0151szak IV-VI<br \/>\nN\u00f6v\u00e9nymagass\u00e1g, cm 80-100 cm<\/p>\n","protected":false},"featured_media":40158,"comment_status":"closed","ping_status":"closed","template":"","meta":[],"product_brand":[],"product_cat":[363],"product_tag":[],"class_list":{"0":"post-23138","1":"product","2":"type-product","3":"status-publish","4":"has-post-thumbnail","6":"product_cat-virag-vetomagok-zalia-stotele","8":"first","9":"instock","10":"taxable","11":"shipping-taxable","12":"purchasable","13":"product-type-simple"},"_links":{"self":[{"href":"https:\/\/chilimag.hu\/webshop\/wp-json\/wp\/v2\/product\/23138","targetHints":{"allow":["GET"]}}],"collection":[{"href":"https:\/\/chilimag.hu\/webshop\/wp-json\/wp\/v2\/product"}],"about":[{"href":"https:\/\/chilimag.hu\/webshop\/wp-json\/wp\/v2\/types\/product"}],"replies":[{"embeddable":true,"href":"https:\/\/chilimag.hu\/webshop\/wp-json\/wp\/v2\/comments?post=23138"}],"wp:featuredmedia":[{"embeddable":true,"href":"https:\/\/chilimag.hu\/webshop\/wp-json\/wp\/v2\/media\/40158"}],"wp:attachment":[{"href":"https:\/\/chilimag.hu\/webshop\/wp-json\/wp\/v2\/media?parent=23138"}],"wp:term":[{"taxonomy":"product_brand","embeddable":true,"href":"https:\/\/chilimag.hu\/webshop\/wp-json\/wp\/v2\/product_brand?post=23138"},{"taxonomy":"product_cat","embeddable":true,"href":"https:\/\/chilimag.hu\/webshop\/wp-json\/wp\/v2\/product_cat?post=23138"},{"taxonomy":"product_tag","embeddable":true,"href":"https:\/\/chilimag.hu\/webshop\/wp-json\/wp\/v2\/product_tag?post=23138"}],"curies":[{"name":"wp","href":"https:\/\/api.w.org\/{rel}","templated":true}]}}