{"id":23134,"date":"2023-03-25T16:49:40","date_gmt":"2023-03-25T16:49:40","guid":{"rendered":"https:\/\/chilimag.hu\/webshop\/?post_type=product&#038;p=23134"},"modified":"2026-04-01T08:06:07","modified_gmt":"2026-04-01T08:06:07","slug":"szarnya-fekete-szem-z-s-sl","status":"publish","type":"product","link":"https:\/\/chilimag.hu\/webshop\/termek\/szarnya-fekete-szem-z-s-sl\/","title":{"rendered":"Sz\u00e1rnyas fekete szem Black-Eyed Susan Z.S SL"},"content":{"rendered":"","protected":false},"excerpt":{"rendered":"<p><img decoding=\"async\" class=\"active-logo\" src=\"https:\/\/b2b.seklos.lt\/themes\/warehouse\/img\/logo_en.png\" alt=\"Agrofirma S\u0117klos, UAB\" width=\"280\" height=\"95\" \/><\/p>\n<p>Egyny\u00e1ri 2-3 m-es k\u00fasz\u00f3 vir\u00e1gok. Ny\u00e1ri kertekben hegym\u00e1sz\u00f3k\u00e9nt termesztik \u0151ket, alkalmasak az erk\u00e9lyek f\u00fcgg\u0151leges z\u00f6ld\u00edt\u00e9s\u00e9re. J\u00f3l n\u0151 \u00e9s napos, sz\u00e9lt\u0151l v\u00e9dett helyen vir\u00e1gzik. Cserepbe \u00fcltetve. Fontos, hogy megfelel\u0151 nedvess\u00e9get \u00e9s t\u00e1panyagot biztos\u00edtson a n\u00f6v\u00e9ny sz\u00e1m\u00e1ra a n\u00f6veked\u00e9s sor\u00e1n. Fagy\u00e9rz\u00e9keny. A fagy el\u0151tt a n\u00f6v\u00e9nyeket belt\u00e9rbe kell vinni a vir\u00e1gz\u00e1s meghosszabb\u00edt\u00e1sa \u00e9rdek\u00e9ben.<br \/>\nMennyis\u00e9g egy csomagban 0,5 g<br \/>\nA magok sz\u00e1ma grammonk\u00e9nt ~ 35-40<br \/>\nTranszplant\u00e1ci\u00f3 V<br \/>\n\u00dcltet\u00e9si t\u00e1vols\u00e1gok 35 x 40 cm<br \/>\nVir\u00e1gz\u00e1si id\u0151, magass\u00e1g VII\u2013X, 200-300 cm<br \/>\nNapos hely Igen<br \/>\nSz\u00edn S\u00e1rga<br \/>\nTermeszt\u00e9si hely Erk\u00e9ly<br \/>\nGy\u00e1rt\u00f3 \u017dalia stotel\u0117<br \/>\nVeget\u00e1ci\u00f3 Egyny\u00e1ri<br \/>\nVir\u00e1goskertekben termeszthet\u0151, hegym\u00e1sz\u00e1sra<br \/>\nNapos \u00e9ghajlat<br \/>\nVir\u00e1gz\u00e1si id\u0151szak II-III<br \/>\nN\u00f6v\u00e9nymagass\u00e1g, cm 200-300 cm<\/p>\n","protected":false},"featured_media":23135,"comment_status":"closed","ping_status":"closed","template":"","meta":[],"product_brand":[],"product_cat":[363],"product_tag":[],"class_list":{"0":"post-23134","1":"product","2":"type-product","3":"status-publish","4":"has-post-thumbnail","6":"product_cat-virag-vetomagok-zalia-stotele","8":"first","9":"instock","10":"taxable","11":"shipping-taxable","12":"purchasable","13":"product-type-simple"},"_links":{"self":[{"href":"https:\/\/chilimag.hu\/webshop\/wp-json\/wp\/v2\/product\/23134","targetHints":{"allow":["GET"]}}],"collection":[{"href":"https:\/\/chilimag.hu\/webshop\/wp-json\/wp\/v2\/product"}],"about":[{"href":"https:\/\/chilimag.hu\/webshop\/wp-json\/wp\/v2\/types\/product"}],"replies":[{"embeddable":true,"href":"https:\/\/chilimag.hu\/webshop\/wp-json\/wp\/v2\/comments?post=23134"}],"wp:featuredmedia":[{"embeddable":true,"href":"https:\/\/chilimag.hu\/webshop\/wp-json\/wp\/v2\/media\/23135"}],"wp:attachment":[{"href":"https:\/\/chilimag.hu\/webshop\/wp-json\/wp\/v2\/media?parent=23134"}],"wp:term":[{"taxonomy":"product_brand","embeddable":true,"href":"https:\/\/chilimag.hu\/webshop\/wp-json\/wp\/v2\/product_brand?post=23134"},{"taxonomy":"product_cat","embeddable":true,"href":"https:\/\/chilimag.hu\/webshop\/wp-json\/wp\/v2\/product_cat?post=23134"},{"taxonomy":"product_tag","embeddable":true,"href":"https:\/\/chilimag.hu\/webshop\/wp-json\/wp\/v2\/product_tag?post=23134"}],"curies":[{"name":"wp","href":"https:\/\/api.w.org\/{rel}","templated":true}]}}