{"id":23130,"date":"2023-03-25T16:39:26","date_gmt":"2023-03-25T16:39:26","guid":{"rendered":"https:\/\/chilimag.hu\/webshop\/?post_type=product&#038;p=23130"},"modified":"2026-03-09T10:26:46","modified_gmt":"2026-03-09T10:26:46","slug":"buzavirag-blue-diadem-z-s-sl","status":"publish","type":"product","link":"https:\/\/chilimag.hu\/webshop\/termek\/buzavirag-blue-diadem-z-s-sl\/","title":{"rendered":"B\u00fazavir\u00e1g Blue Diadem Z.S SL"},"content":{"rendered":"","protected":false},"excerpt":{"rendered":"<p><img decoding=\"async\" class=\"sFlh5c FyHeAf\" src=\"https:\/\/encrypted-tbn0.gstatic.com\/images?q=tbn:ANd9GcSe3GiFpNk9Y7iYKvThN0eqSC89fSsWCj3MAw&amp;s\" alt=\"Parduotuv\u0117s | Zaliastotele.lt\" width=\"150\" height=\"51\" data-ilt=\"1771263544238\" \/><\/p>\n<p>N\u00e9pszer\u0171 egyny\u00e1ri, k\u00f6nnyen termeszthet\u0151 vir\u00e1gok. A vir\u00e1gok \u00e1tm\u00e9r\u0151je 3-4 cm. Vir\u00e1goskertekben, cser\u00e9pben termesztik, p\u00e1zsitba vetik. A vir\u00e1gokat csokorba v\u00e1gj\u00e1k. K\u00fcl\u00f6n\u00f6sen alkalmas vir\u00e1gos kertekbe, hogy term\u00e9szetes r\u00e9t benyom\u00e1s\u00e1t kelts\u00e9k, vagy az \u00e9vel\u0151k k\u00f6z\u00f6tti kis tereket kit\u00f6lts\u00e9k. Ezek a vir\u00e1gok hosszabb ideig vir\u00e1goznak, ha elegend\u0151 nedvess\u00e9get biztos\u00edtanak, ez\u00e9rt ha a talaj sz\u00e1raz, \u00f6nt\u00f6z\u00e9s javasolt. A b\u00fazavir\u00e1g nem ig\u00e9nyel speci\u00e1lis talajt, m\u00e9g a rossz talaj\u00fa, m\u0171tr\u00e1gya n\u00e9lk\u00fcli vir\u00e1goskertekben is megterem. A n\u00f6v\u00e9nyek sok nekt\u00e1rt tartalmaznak, \u00e9s vonzz\u00e1k a rovarokat \u00e9s a pillang\u00f3kat a kertbe.<\/p>\n<p>Kiszerel\u00e9s egy csomagban 2 g<br \/>\nA magok sz\u00e1ma grammonk\u00e9nt ~ 250<br \/>\nVir\u00e1gz\u00e1si id\u0151, magass\u00e1g VI-VII, 80 cm<br \/>\nGy\u00e1rt\u00f3 \u017dalia stotel\u0117<\/p>\n","protected":false},"featured_media":40155,"comment_status":"closed","ping_status":"closed","template":"","meta":[],"product_brand":[],"product_cat":[363],"product_tag":[],"class_list":{"0":"post-23130","1":"product","2":"type-product","3":"status-publish","4":"has-post-thumbnail","6":"product_cat-virag-vetomagok-zalia-stotele","8":"first","9":"instock","10":"taxable","11":"shipping-taxable","12":"purchasable","13":"product-type-simple"},"_links":{"self":[{"href":"https:\/\/chilimag.hu\/webshop\/wp-json\/wp\/v2\/product\/23130","targetHints":{"allow":["GET"]}}],"collection":[{"href":"https:\/\/chilimag.hu\/webshop\/wp-json\/wp\/v2\/product"}],"about":[{"href":"https:\/\/chilimag.hu\/webshop\/wp-json\/wp\/v2\/types\/product"}],"replies":[{"embeddable":true,"href":"https:\/\/chilimag.hu\/webshop\/wp-json\/wp\/v2\/comments?post=23130"}],"wp:featuredmedia":[{"embeddable":true,"href":"https:\/\/chilimag.hu\/webshop\/wp-json\/wp\/v2\/media\/40155"}],"wp:attachment":[{"href":"https:\/\/chilimag.hu\/webshop\/wp-json\/wp\/v2\/media?parent=23130"}],"wp:term":[{"taxonomy":"product_brand","embeddable":true,"href":"https:\/\/chilimag.hu\/webshop\/wp-json\/wp\/v2\/product_brand?post=23130"},{"taxonomy":"product_cat","embeddable":true,"href":"https:\/\/chilimag.hu\/webshop\/wp-json\/wp\/v2\/product_cat?post=23130"},{"taxonomy":"product_tag","embeddable":true,"href":"https:\/\/chilimag.hu\/webshop\/wp-json\/wp\/v2\/product_tag?post=23130"}],"curies":[{"name":"wp","href":"https:\/\/api.w.org\/{rel}","templated":true}]}}