{"id":23128,"date":"2023-03-25T16:35:53","date_gmt":"2023-03-25T16:35:53","guid":{"rendered":"https:\/\/chilimag.hu\/webshop\/?post_type=product&#038;p=23128"},"modified":"2026-03-08T20:56:41","modified_gmt":"2026-03-08T20:56:41","slug":"buzavirag-red-ball-z-s-sl","status":"publish","type":"product","link":"https:\/\/chilimag.hu\/webshop\/termek\/buzavirag-red-ball-z-s-sl\/","title":{"rendered":"B\u00fazavir\u00e1g Red Ball Z.S SL"},"content":{"rendered":"","protected":false},"excerpt":{"rendered":"<p><img decoding=\"async\" class=\"active-logo\" src=\"https:\/\/b2b.seklos.lt\/themes\/warehouse\/img\/logo_en.png\" alt=\"Agrofirma S\u0117klos, UAB\" width=\"280\" height=\"95\" \/><\/p>\n<p>N\u00e9pszer\u0171 egyny\u00e1ri, k\u00f6nnyen termeszthet\u0151 vir\u00e1gok. A vir\u00e1gok \u00e1tm\u00e9r\u0151je 3-4 cm. Vir\u00e1goskertekben, cser\u00e9pben termesztik, p\u00e1zsitba vetik. A vir\u00e1gokat csokorba v\u00e1gj\u00e1k. K\u00fcl\u00f6n\u00f6sen alkalmas vir\u00e1gos kertekbe, hogy term\u00e9szetes r\u00e9t benyom\u00e1s\u00e1t kelts\u00e9k, vagy az \u00e9vel\u0151k k\u00f6z\u00f6tti kis tereket kit\u00f6lts\u00e9k. Ezek a vir\u00e1gok hosszabb ideig vir\u00e1goznak, ha elegend\u0151 nedvess\u00e9get biztos\u00edtanak, ez\u00e9rt ha a talaj sz\u00e1raz, \u00f6nt\u00f6z\u00e9s javasolt. A b\u00fazavir\u00e1g nem ig\u00e9nyel speci\u00e1lis talajt, m\u00e9g a rossz talaj\u00fa, m\u0171tr\u00e1gya n\u00e9lk\u00fcli vir\u00e1goskertekben is megterem. A n\u00f6v\u00e9nyek sok nekt\u00e1rt tartalmaznak, \u00e9s vonzz\u00e1k a rovarokat \u00e9s a pillang\u00f3kat a kertbe.<\/p>\n<p>A magok sz\u00e1ma grammonk\u00e9nt ~ 250<br \/>\nVir\u00e1gz\u00e1si id\u0151, magass\u00e1g VI-VII, 80 cm<br \/>\nNapos hely Igen<br \/>\nGy\u00e1rt\u00f3 \u017dalia stotel\u0117<br \/>\nT\u00e1vols\u00e1gok, cm 15&#215;15 cm<\/p>\n","protected":false},"featured_media":23129,"comment_status":"closed","ping_status":"closed","template":"","meta":[],"product_brand":[],"product_cat":[363],"product_tag":[],"class_list":{"0":"post-23128","1":"product","2":"type-product","3":"status-publish","4":"has-post-thumbnail","6":"product_cat-virag-vetomagok-zalia-stotele","8":"first","9":"instock","10":"taxable","11":"shipping-taxable","12":"purchasable","13":"product-type-simple"},"_links":{"self":[{"href":"https:\/\/chilimag.hu\/webshop\/wp-json\/wp\/v2\/product\/23128","targetHints":{"allow":["GET"]}}],"collection":[{"href":"https:\/\/chilimag.hu\/webshop\/wp-json\/wp\/v2\/product"}],"about":[{"href":"https:\/\/chilimag.hu\/webshop\/wp-json\/wp\/v2\/types\/product"}],"replies":[{"embeddable":true,"href":"https:\/\/chilimag.hu\/webshop\/wp-json\/wp\/v2\/comments?post=23128"}],"wp:featuredmedia":[{"embeddable":true,"href":"https:\/\/chilimag.hu\/webshop\/wp-json\/wp\/v2\/media\/23129"}],"wp:attachment":[{"href":"https:\/\/chilimag.hu\/webshop\/wp-json\/wp\/v2\/media?parent=23128"}],"wp:term":[{"taxonomy":"product_brand","embeddable":true,"href":"https:\/\/chilimag.hu\/webshop\/wp-json\/wp\/v2\/product_brand?post=23128"},{"taxonomy":"product_cat","embeddable":true,"href":"https:\/\/chilimag.hu\/webshop\/wp-json\/wp\/v2\/product_cat?post=23128"},{"taxonomy":"product_tag","embeddable":true,"href":"https:\/\/chilimag.hu\/webshop\/wp-json\/wp\/v2\/product_tag?post=23128"}],"curies":[{"name":"wp","href":"https:\/\/api.w.org\/{rel}","templated":true}]}}