{"id":23124,"date":"2023-03-25T16:29:35","date_gmt":"2023-03-25T16:29:35","guid":{"rendered":"https:\/\/chilimag.hu\/webshop\/?post_type=product&#038;p=23124"},"modified":"2026-03-06T18:09:28","modified_gmt":"2026-03-06T18:09:28","slug":"dohanyvirag-sensation-z-s-sl","status":"publish","type":"product","link":"https:\/\/chilimag.hu\/webshop\/termek\/dohanyvirag-sensation-z-s-sl\/","title":{"rendered":"Doh\u00e1nyvir\u00e1g Sensation Z.S SL"},"content":{"rendered":"","protected":false},"excerpt":{"rendered":"<p><img decoding=\"async\" class=\"active-logo\" src=\"https:\/\/b2b.seklos.lt\/themes\/warehouse\/img\/logo_en.png\" alt=\"Agrofirma S\u0117klos, UAB\" width=\"280\" height=\"95\" \/><\/p>\n<p>Egyny\u00e1ri, 40-80 cm magas vir\u00e1gok. Vir\u00e1gai 5-7 cm \u00e1tm\u00e9r\u0151j\u0171ek, soksz\u00edn\u0171ek, illatosak. K\u00f6z\u00e9pr\u0151l sz\u00e1r\u00e1gak. Csokrok k\u00e9sz\u00edt\u00e9s\u00e9re alkalmas. Er\u0151teljes h\u0151t\u0151l v\u00e9dett, vil\u00e1gos helyen \u00e9s f\u00e9l\u00e1rny\u00e9kban, m\u00e9rs\u00e9kelten nedves laza term\u0151talajban fejl\u0151dik a legjobban. Alkalmas csoportos \u00fcltet\u00e9sre rekre\u00e1ci\u00f3s helyeken, vir\u00e1goskertek k\u00f6zep\u00e9n. T\u00f6k\u00e9letesen kieg\u00e9sz\u00edti az egyny\u00e1ri vir\u00e1gokat. A fagyvesz\u00e9ly elm\u00falt\u00e1val vir\u00e1goskertbe \u00fcltetj\u00fck. 2 \u00e9ves n\u00f6v\u00e9nyv\u00e1lt\u00e1st kell gyakorolni.<br \/>\nB \u00e1rcsoport<br \/>\nMennyis\u00e9g egy csomagban 0,1 g<br \/>\n\u00dcltet\u00e9si t\u00e1vols\u00e1gok V-VI, 40&#215;45 cm<br \/>\nVir\u00e1gz\u00e1si id\u0151, magass\u00e1g VII\u2013X, 40-80 cm<br \/>\nNapos hely Igen<br \/>\nSz\u00edn Sz\u00ednek kever\u00e9ke<br \/>\nGy\u00e1rt\u00f3 \u017dalia stotel\u0117<br \/>\nVeget\u00e1ci\u00f3 Egyny\u00e1ri<br \/>\nVir\u00e1goskertekben termeszthet\u0151<br \/>\nNapos \u00e9ghajlat<\/p>\n","protected":false},"featured_media":23125,"comment_status":"closed","ping_status":"closed","template":"","meta":[],"product_brand":[],"product_cat":[363],"product_tag":[],"class_list":{"0":"post-23124","1":"product","2":"type-product","3":"status-publish","4":"has-post-thumbnail","6":"product_cat-virag-vetomagok-zalia-stotele","8":"first","9":"instock","10":"taxable","11":"shipping-taxable","12":"purchasable","13":"product-type-simple"},"_links":{"self":[{"href":"https:\/\/chilimag.hu\/webshop\/wp-json\/wp\/v2\/product\/23124","targetHints":{"allow":["GET"]}}],"collection":[{"href":"https:\/\/chilimag.hu\/webshop\/wp-json\/wp\/v2\/product"}],"about":[{"href":"https:\/\/chilimag.hu\/webshop\/wp-json\/wp\/v2\/types\/product"}],"replies":[{"embeddable":true,"href":"https:\/\/chilimag.hu\/webshop\/wp-json\/wp\/v2\/comments?post=23124"}],"wp:featuredmedia":[{"embeddable":true,"href":"https:\/\/chilimag.hu\/webshop\/wp-json\/wp\/v2\/media\/23125"}],"wp:attachment":[{"href":"https:\/\/chilimag.hu\/webshop\/wp-json\/wp\/v2\/media?parent=23124"}],"wp:term":[{"taxonomy":"product_brand","embeddable":true,"href":"https:\/\/chilimag.hu\/webshop\/wp-json\/wp\/v2\/product_brand?post=23124"},{"taxonomy":"product_cat","embeddable":true,"href":"https:\/\/chilimag.hu\/webshop\/wp-json\/wp\/v2\/product_cat?post=23124"},{"taxonomy":"product_tag","embeddable":true,"href":"https:\/\/chilimag.hu\/webshop\/wp-json\/wp\/v2\/product_tag?post=23124"}],"curies":[{"name":"wp","href":"https:\/\/api.w.org\/{rel}","templated":true}]}}