{"id":23119,"date":"2023-03-25T16:20:35","date_gmt":"2023-03-25T16:20:35","guid":{"rendered":"https:\/\/chilimag.hu\/webshop\/?post_type=product&#038;p=23119"},"modified":"2026-01-29T17:00:13","modified_gmt":"2026-01-29T17:00:13","slug":"kerti-madarmalyva-z-s-sl","status":"publish","type":"product","link":"https:\/\/chilimag.hu\/webshop\/termek\/kerti-madarmalyva-z-s-sl\/","title":{"rendered":"Kerti mad\u00e1rm\u00e1lyva Silver cup  Z.S SL"},"content":{"rendered":"","protected":false},"excerpt":{"rendered":"<p><img decoding=\"async\" class=\"active-logo\" src=\"https:\/\/b2b.seklos.lt\/themes\/warehouse\/img\/logo_en.png\" alt=\"Agrofirma S\u0117klos, UAB\" width=\"280\" height=\"95\" \/><\/p>\n<p>Egyny\u00e1ri, pomp\u00e1s, k\u00f6nnyen termeszthet\u0151, b\u0151s\u00e9ges \u00e9s hosszan vir\u00e1gz\u00f3 vir\u00e1gok. Vir\u00e1gz\u00e1sa nagy, a n\u00f6v\u00e9ny bokor alak\u00fa. Ezeket a vir\u00e1gokat kerti r\u00f3zs\u00e1knak is nevezik. Csoportosan \u00fcltetve n\u00e9z ki a legszebben. Kertbe \u00fcltetve h\u00e1tt\u00e9rn\u00f6v\u00e9nyk\u00e9nt, sz\u00e9lv\u00e9dett, meleg, napos helyek kiv\u00e1laszt\u00e1s\u00e1val. A vir\u00e1gokat kis csokorba v\u00e1gj\u00e1k. Ezek a vir\u00e1gok k\u00fcl\u00f6n\u00f6sen n\u00e9pszer\u0171ek a vid\u00e9ki tany\u00e1kon. Eg\u00e9sz ny\u00e1ron vir\u00e1gzik k\u00e9s\u0151 \u0151szig.<br \/>\nC \u00e1rcsoport<br \/>\nEgy csomagban l\u00e9v\u0151 mennyis\u00e9g 1 g<br \/>\nA magok sz\u00e1ma grammonk\u00e9nt ~ 150<br \/>\n\u00dcltet\u00e9si t\u00e1vols\u00e1gok V-VI, 40x40cm<br \/>\nVir\u00e1gz\u00e1si id\u0151, magass\u00e1g VI\u2013VIII, 60 cm<br \/>\nNapos hely Igen<br \/>\nSz\u00ednes Rausva<br \/>\nGy\u00e1rt\u00f3 \u017dalia stotel\u0117<br \/>\nVeget\u00e1ci\u00f3 Egyny\u00e1ri<br \/>\nVir\u00e1goskertekben termeszthet\u0151<br \/>\nNapos \u00e9ghajlat<br \/>\nVir\u00e1gz\u00e1si id\u0151szak III-V<br \/>\nN\u00f6v\u00e9ny magass\u00e1ga, cm 60 cm<\/p>\n","protected":false},"featured_media":23120,"comment_status":"closed","ping_status":"closed","template":"","meta":[],"product_brand":[],"product_cat":[363],"product_tag":[],"class_list":{"0":"post-23119","1":"product","2":"type-product","3":"status-publish","4":"has-post-thumbnail","6":"product_cat-virag-vetomagok-zalia-stotele","8":"first","9":"instock","10":"taxable","11":"shipping-taxable","12":"purchasable","13":"product-type-simple"},"_links":{"self":[{"href":"https:\/\/chilimag.hu\/webshop\/wp-json\/wp\/v2\/product\/23119","targetHints":{"allow":["GET"]}}],"collection":[{"href":"https:\/\/chilimag.hu\/webshop\/wp-json\/wp\/v2\/product"}],"about":[{"href":"https:\/\/chilimag.hu\/webshop\/wp-json\/wp\/v2\/types\/product"}],"replies":[{"embeddable":true,"href":"https:\/\/chilimag.hu\/webshop\/wp-json\/wp\/v2\/comments?post=23119"}],"wp:featuredmedia":[{"embeddable":true,"href":"https:\/\/chilimag.hu\/webshop\/wp-json\/wp\/v2\/media\/23120"}],"wp:attachment":[{"href":"https:\/\/chilimag.hu\/webshop\/wp-json\/wp\/v2\/media?parent=23119"}],"wp:term":[{"taxonomy":"product_brand","embeddable":true,"href":"https:\/\/chilimag.hu\/webshop\/wp-json\/wp\/v2\/product_brand?post=23119"},{"taxonomy":"product_cat","embeddable":true,"href":"https:\/\/chilimag.hu\/webshop\/wp-json\/wp\/v2\/product_cat?post=23119"},{"taxonomy":"product_tag","embeddable":true,"href":"https:\/\/chilimag.hu\/webshop\/wp-json\/wp\/v2\/product_tag?post=23119"}],"curies":[{"name":"wp","href":"https:\/\/api.w.org\/{rel}","templated":true}]}}