{"id":23115,"date":"2023-03-25T16:15:21","date_gmt":"2023-03-25T16:15:21","guid":{"rendered":"https:\/\/chilimag.hu\/webshop\/?post_type=product&#038;p=23115"},"modified":"2025-08-21T09:52:42","modified_gmt":"2025-08-21T09:52:42","slug":"nyari-virag-mag-keverek-sl-agr","status":"publish","type":"product","link":"https:\/\/chilimag.hu\/webshop\/termek\/nyari-virag-mag-keverek-sl-agr\/","title":{"rendered":"Ny\u00e1ri vir\u00e1g mag kever\u00e9k Dream Mix SL AGR"},"content":{"rendered":"","protected":false},"excerpt":{"rendered":"<p><img decoding=\"async\" class=\"active-logo\" src=\"https:\/\/b2b.seklos.lt\/themes\/warehouse\/img\/logo_en.png\" alt=\"Agrofirma S\u0117klos, UAB\" width=\"280\" height=\"95\" \/><\/p>\n<p>Egyny\u00e1ri vir\u00e1gok sz\u00ednes kever\u00e9ke ny\u00e1ri vir\u00e1g\u00e1gy\u00e1sokba. A kever\u00e9k 23 vir\u00e1gfajt tartalmaz, amelyek eg\u00e9sz ny\u00e1ron vir\u00e1goznak. Alkalmas vir\u00e1gos kertekbe \u00e9s cserepekbe. A kor\u00e1bbi vir\u00e1gz\u00e1s \u00e9rdek\u00e9ben nevelje ki a pal\u00e1nt\u00e1kat. A kever\u00e9kben l\u00e9v\u0151 vir\u00e1gok pillang\u00f3kat, m\u00e9heket \u00e9s madarakat vonzanak a vir\u00e1g\u00e1gy\u00e1sokba.<\/p>\n<p>Kiszerel\u00e9s egy csomagban 2 g<br \/>\nMagok sz\u00e1ma grammonk\u00e9nt 150 -300<br \/>\nVir\u00e1gz\u00e1si id\u0151, magass\u00e1g VII-VIII, 90 cm<br \/>\nGy\u00e1rt\u00f3 Agronom<\/p>\n","protected":false},"featured_media":23116,"comment_status":"closed","ping_status":"closed","template":"","meta":[],"product_brand":[],"product_cat":[405],"product_tag":[],"class_list":{"0":"post-23115","1":"product","2":"type-product","3":"status-publish","4":"has-post-thumbnail","6":"product_cat-virag-vetomagok-agronom","8":"first","9":"outofstock","10":"taxable","11":"shipping-taxable","12":"purchasable","13":"product-type-simple"},"_links":{"self":[{"href":"https:\/\/chilimag.hu\/webshop\/wp-json\/wp\/v2\/product\/23115","targetHints":{"allow":["GET"]}}],"collection":[{"href":"https:\/\/chilimag.hu\/webshop\/wp-json\/wp\/v2\/product"}],"about":[{"href":"https:\/\/chilimag.hu\/webshop\/wp-json\/wp\/v2\/types\/product"}],"replies":[{"embeddable":true,"href":"https:\/\/chilimag.hu\/webshop\/wp-json\/wp\/v2\/comments?post=23115"}],"wp:featuredmedia":[{"embeddable":true,"href":"https:\/\/chilimag.hu\/webshop\/wp-json\/wp\/v2\/media\/23116"}],"wp:attachment":[{"href":"https:\/\/chilimag.hu\/webshop\/wp-json\/wp\/v2\/media?parent=23115"}],"wp:term":[{"taxonomy":"product_brand","embeddable":true,"href":"https:\/\/chilimag.hu\/webshop\/wp-json\/wp\/v2\/product_brand?post=23115"},{"taxonomy":"product_cat","embeddable":true,"href":"https:\/\/chilimag.hu\/webshop\/wp-json\/wp\/v2\/product_cat?post=23115"},{"taxonomy":"product_tag","embeddable":true,"href":"https:\/\/chilimag.hu\/webshop\/wp-json\/wp\/v2\/product_tag?post=23115"}],"curies":[{"name":"wp","href":"https:\/\/api.w.org\/{rel}","templated":true}]}}