{"id":23111,"date":"2023-03-25T16:09:24","date_gmt":"2023-03-25T16:09:24","guid":{"rendered":"https:\/\/chilimag.hu\/webshop\/?post_type=product&#038;p=23111"},"modified":"2026-02-17T10:15:34","modified_gmt":"2026-02-17T10:15:34","slug":"szaritani-valo-viragfix-keverek-everlasting-z-s-sl","status":"publish","type":"product","link":"https:\/\/chilimag.hu\/webshop\/termek\/szaritani-valo-viragfix-keverek-everlasting-z-s-sl\/","title":{"rendered":"Sz\u00e1r\u00edtani val\u00f3 vir\u00e1gmix kever\u00e9k Everlasting Z.S SL"},"content":{"rendered":"","protected":false},"excerpt":{"rendered":"<p><img decoding=\"async\" class=\"active-logo\" src=\"https:\/\/b2b.seklos.lt\/themes\/warehouse\/img\/logo_en.png\" alt=\"Agrofirma S\u0117klos, UAB\" width=\"280\" height=\"95\" \/><\/p>\n<p>A kever\u00e9k 22 vir\u00e1gfajta magj\u00e1t tartalmazza. A vir\u00e1gok t\u00f6k\u00e9letesen kieg\u00e9sz\u00edtik egym\u00e1st, \u00e9s alkalmasak ny\u00e1ri vir\u00e1goskertekben, cser\u00e9pben t\u00f6rt\u00e9n\u0151 termeszt\u00e9sre. A vir\u00e1gokat csokrok k\u00e9sz\u00edt\u00e9s\u00e9re lehet v\u00e1gni vagy sz\u00e1r\u00edtani, \u00e9s vir\u00e1gkompoz\u00edci\u00f3kban felhaszn\u00e1lni. A vir\u00e1gokat v\u00edz- \u00e9s leveg\u0151\u00e1tereszt\u0151 talajba kell \u00fcltetni. A korai vir\u00e1gz\u00e1s \u00e9rdek\u00e9ben a pal\u00e1nt\u00e1kat vir\u00e1goskertbe kell \u00fcltetni.<br \/>\nC \u00e1rcsoport<br \/>\nEgy csomagban l\u00e9v\u0151 mennyis\u00e9g 1 g<br \/>\nMagok sz\u00e1ma grammonk\u00e9nt K\u00f6r\u00fclbel\u00fcl 1000<br \/>\n\u00dcltet\u00e9si t\u00e1vols\u00e1gok V, 15&#215;10 cm<br \/>\nVir\u00e1gz\u00e1si id\u0151, magass\u00e1g VI-IX, 50-60 cm<br \/>\nNapos hely Igen<br \/>\nSz\u00edn Sz\u00ednek kever\u00e9ke<br \/>\nGy\u00e1rt\u00f3 \u017dalia stotel\u0117<br \/>\nVeget\u00e1ci\u00f3 Egyny\u00e1ri<br \/>\nVir\u00e1goskertekben termeszthet\u0151<br \/>\n\u00c9ghajlat Napos, R\u00e9szleges \u00e1rny\u00e9k<\/p>\n","protected":false},"featured_media":23112,"comment_status":"closed","ping_status":"closed","template":"","meta":[],"product_brand":[],"product_cat":[363],"product_tag":[],"class_list":{"0":"post-23111","1":"product","2":"type-product","3":"status-publish","4":"has-post-thumbnail","6":"product_cat-virag-vetomagok-zalia-stotele","8":"first","9":"instock","10":"taxable","11":"shipping-taxable","12":"purchasable","13":"product-type-simple"},"_links":{"self":[{"href":"https:\/\/chilimag.hu\/webshop\/wp-json\/wp\/v2\/product\/23111","targetHints":{"allow":["GET"]}}],"collection":[{"href":"https:\/\/chilimag.hu\/webshop\/wp-json\/wp\/v2\/product"}],"about":[{"href":"https:\/\/chilimag.hu\/webshop\/wp-json\/wp\/v2\/types\/product"}],"replies":[{"embeddable":true,"href":"https:\/\/chilimag.hu\/webshop\/wp-json\/wp\/v2\/comments?post=23111"}],"wp:featuredmedia":[{"embeddable":true,"href":"https:\/\/chilimag.hu\/webshop\/wp-json\/wp\/v2\/media\/23112"}],"wp:attachment":[{"href":"https:\/\/chilimag.hu\/webshop\/wp-json\/wp\/v2\/media?parent=23111"}],"wp:term":[{"taxonomy":"product_brand","embeddable":true,"href":"https:\/\/chilimag.hu\/webshop\/wp-json\/wp\/v2\/product_brand?post=23111"},{"taxonomy":"product_cat","embeddable":true,"href":"https:\/\/chilimag.hu\/webshop\/wp-json\/wp\/v2\/product_cat?post=23111"},{"taxonomy":"product_tag","embeddable":true,"href":"https:\/\/chilimag.hu\/webshop\/wp-json\/wp\/v2\/product_tag?post=23111"}],"curies":[{"name":"wp","href":"https:\/\/api.w.org\/{rel}","templated":true}]}}