{"id":23102,"date":"2023-03-25T09:18:48","date_gmt":"2023-03-25T09:18:48","guid":{"rendered":"https:\/\/chilimag.hu\/webshop\/?post_type=product&#038;p=23102"},"modified":"2026-03-10T18:59:54","modified_gmt":"2026-03-10T18:59:54","slug":"makvirag-victory-giant-z-s-sl","status":"publish","type":"product","link":"https:\/\/chilimag.hu\/webshop\/termek\/makvirag-victory-giant-z-s-sl\/","title":{"rendered":"M\u00e1kvir\u00e1g Izlandi Victory Giant Z.S SL"},"content":{"rendered":"","protected":false},"excerpt":{"rendered":"<p><img decoding=\"async\" class=\"active-logo\" src=\"https:\/\/b2b.seklos.lt\/themes\/warehouse\/img\/logo_en.png\" alt=\"Agrofirma S\u0117klos, UAB\" width=\"280\" height=\"95\" \/><\/p>\n<p>\u00c9vel\u0151 vir\u00e1gok sz\u00ednes vir\u00e1gokkal. L\u00e1tv\u00e1nyosnak t\u0171nnek, ha vir\u00e1goskertben termesztik m\u00e1s vir\u00e1gos n\u00f6v\u00e9nyek k\u00f6z\u00f6tt, \u00e9s ha k\u00fcl\u00f6n ter\u00fcletet kapnak. A sz\u00ednes m\u00e1kvir\u00e1gok egyediek a vir\u00e1gz\u00f3 r\u00e9teken. Ha hagyjuk \u00e9rlelni a magokat, akkor \u00f6nmagukat vetik. J\u00f3l n\u00f6vekszik term\u00e9keny, v\u00edz\u00e1tereszt\u0151 talajban, napos helyen. Ugyanazon a helyen t\u00f6bb mint egy \u00e9vig termeszthet\u0151.<br \/>\nMennyis\u00e9g egy csomagban 0,5 g<br \/>\nVir\u00e1gz\u00e1si id\u0151, magass\u00e1g VI-VII, 45 cm<br \/>\nGy\u00e1rt\u00f3 \u017dalia stotel\u0117<\/p>\n","protected":false},"featured_media":23103,"comment_status":"closed","ping_status":"closed","template":"","meta":[],"product_brand":[],"product_cat":[363],"product_tag":[],"class_list":{"0":"post-23102","1":"product","2":"type-product","3":"status-publish","4":"has-post-thumbnail","6":"product_cat-virag-vetomagok-zalia-stotele","8":"first","9":"instock","10":"taxable","11":"shipping-taxable","12":"purchasable","13":"product-type-simple"},"_links":{"self":[{"href":"https:\/\/chilimag.hu\/webshop\/wp-json\/wp\/v2\/product\/23102","targetHints":{"allow":["GET"]}}],"collection":[{"href":"https:\/\/chilimag.hu\/webshop\/wp-json\/wp\/v2\/product"}],"about":[{"href":"https:\/\/chilimag.hu\/webshop\/wp-json\/wp\/v2\/types\/product"}],"replies":[{"embeddable":true,"href":"https:\/\/chilimag.hu\/webshop\/wp-json\/wp\/v2\/comments?post=23102"}],"wp:featuredmedia":[{"embeddable":true,"href":"https:\/\/chilimag.hu\/webshop\/wp-json\/wp\/v2\/media\/23103"}],"wp:attachment":[{"href":"https:\/\/chilimag.hu\/webshop\/wp-json\/wp\/v2\/media?parent=23102"}],"wp:term":[{"taxonomy":"product_brand","embeddable":true,"href":"https:\/\/chilimag.hu\/webshop\/wp-json\/wp\/v2\/product_brand?post=23102"},{"taxonomy":"product_cat","embeddable":true,"href":"https:\/\/chilimag.hu\/webshop\/wp-json\/wp\/v2\/product_cat?post=23102"},{"taxonomy":"product_tag","embeddable":true,"href":"https:\/\/chilimag.hu\/webshop\/wp-json\/wp\/v2\/product_tag?post=23102"}],"curies":[{"name":"wp","href":"https:\/\/api.w.org\/{rel}","templated":true}]}}