{"id":23094,"date":"2023-03-25T07:10:14","date_gmt":"2023-03-25T07:10:14","guid":{"rendered":"https:\/\/chilimag.hu\/webshop\/?post_type=product&#038;p=23094"},"modified":"2026-03-16T17:51:47","modified_gmt":"2026-03-16T17:51:47","slug":"bojtocska-blue-ball-z-s-sl","status":"publish","type":"product","link":"https:\/\/chilimag.hu\/webshop\/termek\/bojtocska-blue-ball-z-s-sl\/","title":{"rendered":"Bojtocska Blue Ball Z.S SL"},"content":{"rendered":"","protected":false},"excerpt":{"rendered":"<p><img decoding=\"async\" class=\"active-logo\" src=\"https:\/\/b2b.seklos.lt\/themes\/warehouse\/img\/logo_en.png\" alt=\"Agrofirma S\u0117klos, UAB\" width=\"280\" height=\"95\" \/><\/p>\n<p>Egyny\u00e1ri 30 cm-es vir\u00e1gok. B\u0151s\u00e9gesen \u00e9s hossz\u00fa ideig vir\u00e1gzik. Vir\u00e1goskertekben, erk\u00e9lyeken, temet\u0151kben termesztik, j\u00f3l mutatnak f\u00e9nyes vir\u00e1gokkal kombin\u00e1lva. A vir\u00e1gokat kis csokorba szedik. A magok +20 \u00b0C-on 8-14 napon bel\u00fcl cs\u00edr\u00e1znak. A pal\u00e1nt\u00e1kat cs\u00e9sz\u00e9kbe sz\u00farj\u00e1k ki. Az Ageratum szereti a f\u00e9nyt, a meleget, ez\u00e9rt napos, k\u00f6nny\u0171, laza, term\u00e9keny, v\u00edz\u00e1tereszt\u0151 talajba kell \u00fcltetni. Fagy\u00e9rz\u00e9keny.<br \/>\nMennyis\u00e9g egy csomagban 0,1 g<br \/>\nVet\u00e9sid\u0151, m\u00e9lys\u00e9g II-IV<br \/>\n\u00dcltet\u00e9si t\u00e1vols\u00e1gok 15 x 20 cm<br \/>\nVir\u00e1gz\u00e1si id\u0151, magass\u00e1g VI\u2013IX, 30 cm<br \/>\nNapos hely Igen<br \/>\nSz\u00edn K\u00e9k<br \/>\nGy\u00e1rt\u00f3 \u017dalia stotel\u0117<br \/>\nVeget\u00e1ci\u00f3 Egyny\u00e1ri<br \/>\nVir\u00e1goskertekben termeszthet\u0151<br \/>\nNapos \u00e9ghajlat<\/p>\n","protected":false},"featured_media":23095,"comment_status":"closed","ping_status":"closed","template":"","meta":[],"product_brand":[],"product_cat":[363],"product_tag":[],"class_list":{"0":"post-23094","1":"product","2":"type-product","3":"status-publish","4":"has-post-thumbnail","6":"product_cat-virag-vetomagok-zalia-stotele","8":"first","9":"instock","10":"taxable","11":"shipping-taxable","12":"purchasable","13":"product-type-simple"},"_links":{"self":[{"href":"https:\/\/chilimag.hu\/webshop\/wp-json\/wp\/v2\/product\/23094","targetHints":{"allow":["GET"]}}],"collection":[{"href":"https:\/\/chilimag.hu\/webshop\/wp-json\/wp\/v2\/product"}],"about":[{"href":"https:\/\/chilimag.hu\/webshop\/wp-json\/wp\/v2\/types\/product"}],"replies":[{"embeddable":true,"href":"https:\/\/chilimag.hu\/webshop\/wp-json\/wp\/v2\/comments?post=23094"}],"wp:featuredmedia":[{"embeddable":true,"href":"https:\/\/chilimag.hu\/webshop\/wp-json\/wp\/v2\/media\/23095"}],"wp:attachment":[{"href":"https:\/\/chilimag.hu\/webshop\/wp-json\/wp\/v2\/media?parent=23094"}],"wp:term":[{"taxonomy":"product_brand","embeddable":true,"href":"https:\/\/chilimag.hu\/webshop\/wp-json\/wp\/v2\/product_brand?post=23094"},{"taxonomy":"product_cat","embeddable":true,"href":"https:\/\/chilimag.hu\/webshop\/wp-json\/wp\/v2\/product_cat?post=23094"},{"taxonomy":"product_tag","embeddable":true,"href":"https:\/\/chilimag.hu\/webshop\/wp-json\/wp\/v2\/product_tag?post=23094"}],"curies":[{"name":"wp","href":"https:\/\/api.w.org\/{rel}","templated":true}]}}