{"id":23092,"date":"2023-03-25T07:05:51","date_gmt":"2023-03-25T07:05:51","guid":{"rendered":"https:\/\/chilimag.hu\/webshop\/?post_type=product&#038;p=23092"},"modified":"2026-02-15T17:32:35","modified_gmt":"2026-02-15T17:32:35","slug":"tatika-brighton-rock-z-s-sl","status":"publish","type":"product","link":"https:\/\/chilimag.hu\/webshop\/termek\/tatika-brighton-rock-z-s-sl\/","title":{"rendered":"T\u00e1tika Brighton Rock Z.S SL"},"content":{"rendered":"","protected":false},"excerpt":{"rendered":"<p><img decoding=\"async\" class=\"active-logo\" src=\"https:\/\/b2b.seklos.lt\/themes\/warehouse\/img\/logo_en.png\" alt=\"Agrofirma S\u0117klos, UAB\" width=\"280\" height=\"95\" \/><\/p>\n<p>Egyny\u00e1ri, 45 cm magas vir\u00e1gok eredeti vir\u00e1gz\u00e1ssal. A vir\u00e1gok szab\u00e1lytalan alak\u00faak, sepr\u0171 alak\u00faak. A vir\u00e1gok alulr\u00f3l kezdenek vir\u00e1gozni, mindegyik r\u00f3zsa k\u00f6r\u00fclbel\u00fcl 12 napig vir\u00e1gzik, az eg\u00e9sz n\u00f6v\u00e9ny k\u00f6r\u00fclbel\u00fcl 3-3,5 h\u00f3napig vir\u00e1gzik. N\u00f6vekszik \u00e9s vir\u00e1gzik napon \u00e9s vil\u00e1gos \u00e1rny\u00e9kban, laza talajon egyar\u00e1nt. \u00dcltet\u0151knek, padl\u00f3cserepeknek, vir\u00e1gokat szednek csokorba. Ellen\u00e1ll a r\u00f6vid t\u00e1v\u00fa fagynak.<br \/>\nC \u00e1rcsoport<br \/>\nMennyis\u00e9g egy csomagban 0,5 g<br \/>\nA magok sz\u00e1ma grammonk\u00e9nt ~ 7500<br \/>\n\u00dcltet\u00e9si t\u00e1vols\u00e1gok V\u2013VI, 15&#215;20 cm<br \/>\nVir\u00e1gz\u00e1si id\u0151, magass\u00e1g VII\u2013IX, 45 cm<br \/>\nNapos hely Igen<br \/>\nSz\u00edn Sz\u00ednek kever\u00e9ke<br \/>\nGy\u00e1rt\u00f3 \u017dalia stotel\u0117<br \/>\nVeget\u00e1ci\u00f3 Egyny\u00e1ri<br \/>\nVir\u00e1goskertekben termeszthet\u0151<br \/>\nNapos \u00e9ghajlat<br \/>\nVir\u00e1gz\u00e1si id\u0151szak III-V<br \/>\nN\u00f6v\u00e9ny magass\u00e1ga, cm 45 cm<\/p>\n","protected":false},"featured_media":23093,"comment_status":"closed","ping_status":"closed","template":"","meta":[],"product_brand":[],"product_cat":[363],"product_tag":[],"class_list":{"0":"post-23092","1":"product","2":"type-product","3":"status-publish","4":"has-post-thumbnail","6":"product_cat-virag-vetomagok-zalia-stotele","8":"first","9":"instock","10":"taxable","11":"shipping-taxable","12":"purchasable","13":"product-type-simple"},"_links":{"self":[{"href":"https:\/\/chilimag.hu\/webshop\/wp-json\/wp\/v2\/product\/23092","targetHints":{"allow":["GET"]}}],"collection":[{"href":"https:\/\/chilimag.hu\/webshop\/wp-json\/wp\/v2\/product"}],"about":[{"href":"https:\/\/chilimag.hu\/webshop\/wp-json\/wp\/v2\/types\/product"}],"replies":[{"embeddable":true,"href":"https:\/\/chilimag.hu\/webshop\/wp-json\/wp\/v2\/comments?post=23092"}],"wp:featuredmedia":[{"embeddable":true,"href":"https:\/\/chilimag.hu\/webshop\/wp-json\/wp\/v2\/media\/23093"}],"wp:attachment":[{"href":"https:\/\/chilimag.hu\/webshop\/wp-json\/wp\/v2\/media?parent=23092"}],"wp:term":[{"taxonomy":"product_brand","embeddable":true,"href":"https:\/\/chilimag.hu\/webshop\/wp-json\/wp\/v2\/product_brand?post=23092"},{"taxonomy":"product_cat","embeddable":true,"href":"https:\/\/chilimag.hu\/webshop\/wp-json\/wp\/v2\/product_cat?post=23092"},{"taxonomy":"product_tag","embeddable":true,"href":"https:\/\/chilimag.hu\/webshop\/wp-json\/wp\/v2\/product_tag?post=23092"}],"curies":[{"name":"wp","href":"https:\/\/api.w.org\/{rel}","templated":true}]}}