{"id":23088,"date":"2023-03-25T07:00:51","date_gmt":"2023-03-25T07:00:51","guid":{"rendered":"https:\/\/chilimag.hu\/webshop\/?post_type=product&#038;p=23088"},"modified":"2026-03-09T15:43:51","modified_gmt":"2026-03-09T15:43:51","slug":"hamvaska-silverdust-z-s-sl","status":"publish","type":"product","link":"https:\/\/chilimag.hu\/webshop\/termek\/hamvaska-silverdust-z-s-sl\/","title":{"rendered":"Hamvaska Silverdust Z.S SL"},"content":{"rendered":"","protected":false},"excerpt":{"rendered":"<p><img decoding=\"async\" class=\"active-logo\" src=\"https:\/\/b2b.seklos.lt\/themes\/warehouse\/img\/logo_en.png\" alt=\"Agrofirma S\u0117klos, UAB\" width=\"280\" height=\"95\" \/><\/p>\n<p>K\u00e9t\u00e9venk\u00e9nti 20-25 cm-es vir\u00e1gok, az egyik legn\u00e9pszer\u0171bb h\u00e1tt\u00e9rn\u00f6v\u00e9ny. D\u00edsz\u00edt\u0151 sz\u00fcrke levelei nagyon j\u00f3k, f\u00e9nyes vir\u00e1gokkal kombin\u00e1lva. Alkalmas \u00fcltetv\u00e9nyesnek, cser\u00e9pben termeszthet\u0151, erk\u00e9lyes \u00fcltet\u0151g\u00e9pben, vir\u00e1g\u00e1gy\u00e1sok hely\u00e9nek kit\u00f6lt\u00e9s\u00e9re, sziklakertben. Nem ig\u00e9nyes a talajra. A magvakat kor\u00e1n vetik, a pal\u00e1nt\u00e1kat egyenk\u00e9nt sz\u00farj\u00e1k ki cser\u00e9pben. M\u00e1just\u00f3l szabadf\u00f6ldre \u00fcltetj\u00fck. Az els\u0151 fagy ut\u00e1n is d\u00edszes marad.<br \/>\nKiszerel\u00e9s egy csomagban 0,2 g<br \/>\nA magok sz\u00e1ma grammonk\u00e9nt ~ 1750-1900<br \/>\nVet\u00e9sid\u0151, m\u00e9lys\u00e9g III-IV<br \/>\n\u00dcltet\u00e9si t\u00e1vols\u00e1gok 20 x 25 cm<br \/>\nVir\u00e1gz\u00e1si id\u0151, magass\u00e1g VI\u2013XI., 20-25 cm<br \/>\nNapos hely Igen<br \/>\nF\u00e9l\u00e1rny\u00e9k Igen<br \/>\nBienn\u00e1l\u00e9 Igen<br \/>\nA legkelend\u0151bbek k\u00f6z\u00f6tt Igen<br \/>\nSz\u00edn Sz\u00fcrke<br \/>\nTermeszt\u00e9si hely Erk\u00e9ly<br \/>\nGy\u00e1rt\u00f3 \u017dalia stotel\u0117<br \/>\nVeget\u00e1ci\u00f3 Egyny\u00e1ri<br \/>\nAlkalmas vir\u00e1gos kertekben, cser\u00e9pben, b\u00f6lcs\u0151ben termeszthet\u0151<br \/>\n\u00c9ghajlat R\u00e9szleges \u00e1rny\u00e9k, napos<br \/>\nVir\u00e1gz\u00e1si id\u0151szak III-VI<br \/>\nN\u00f6v\u00e9nymagass\u00e1g, cm 20-25 cm<\/p>\n","protected":false},"featured_media":23089,"comment_status":"closed","ping_status":"closed","template":"","meta":[],"product_brand":[],"product_cat":[363],"product_tag":[],"class_list":{"0":"post-23088","1":"product","2":"type-product","3":"status-publish","4":"has-post-thumbnail","6":"product_cat-virag-vetomagok-zalia-stotele","8":"first","9":"instock","10":"taxable","11":"shipping-taxable","12":"purchasable","13":"product-type-simple"},"_links":{"self":[{"href":"https:\/\/chilimag.hu\/webshop\/wp-json\/wp\/v2\/product\/23088","targetHints":{"allow":["GET"]}}],"collection":[{"href":"https:\/\/chilimag.hu\/webshop\/wp-json\/wp\/v2\/product"}],"about":[{"href":"https:\/\/chilimag.hu\/webshop\/wp-json\/wp\/v2\/types\/product"}],"replies":[{"embeddable":true,"href":"https:\/\/chilimag.hu\/webshop\/wp-json\/wp\/v2\/comments?post=23088"}],"wp:featuredmedia":[{"embeddable":true,"href":"https:\/\/chilimag.hu\/webshop\/wp-json\/wp\/v2\/media\/23089"}],"wp:attachment":[{"href":"https:\/\/chilimag.hu\/webshop\/wp-json\/wp\/v2\/media?parent=23088"}],"wp:term":[{"taxonomy":"product_brand","embeddable":true,"href":"https:\/\/chilimag.hu\/webshop\/wp-json\/wp\/v2\/product_brand?post=23088"},{"taxonomy":"product_cat","embeddable":true,"href":"https:\/\/chilimag.hu\/webshop\/wp-json\/wp\/v2\/product_cat?post=23088"},{"taxonomy":"product_tag","embeddable":true,"href":"https:\/\/chilimag.hu\/webshop\/wp-json\/wp\/v2\/product_tag?post=23088"}],"curies":[{"name":"wp","href":"https:\/\/api.w.org\/{rel}","templated":true}]}}