{"id":23083,"date":"2023-03-25T06:55:01","date_gmt":"2023-03-25T06:55:01","guid":{"rendered":"https:\/\/chilimag.hu\/webshop\/?post_type=product&#038;p=23083"},"modified":"2026-02-17T10:15:34","modified_gmt":"2026-02-17T10:15:34","slug":"verbena-quartz-red-z-s-sl","status":"publish","type":"product","link":"https:\/\/chilimag.hu\/webshop\/termek\/verbena-quartz-red-z-s-sl\/","title":{"rendered":"Verbena Quartz Red Z.S SL"},"content":{"rendered":"","protected":false},"excerpt":{"rendered":"<p><img decoding=\"async\" class=\"active-logo\" src=\"https:\/\/b2b.seklos.lt\/themes\/warehouse\/img\/logo_en.png\" alt=\"Agrofirma S\u0117klos, UAB\" width=\"280\" height=\"95\" \/><\/p>\n<p>HIBRID VERBENA QUARTZ H REDA Egyny\u00e1ri, \u00e9l\u00e9nk \u00e9s d\u00fas vir\u00e1gokat hoz. ellen\u00e1ll a kedvez\u0151tlen n\u00f6veked\u00e9si k\u00f6r\u00fclm\u00e9nyeknek. A vir\u00e1gok kicsik, f\u00e9nyes f\u00fcrt\u00f6kben, 30-35 vir\u00e1ggal. A magok kicsik, vet\u00e9s ut\u00e1n nem takarj\u00e1k be a talajt. A pal\u00e1nt\u00e1kat cs\u00edr\u00e1z\u00e1s el\u0151tt le kell takarni. Az \u00e9l\u00e9nk sz\u00edn\u0171 verb\u00e9na vir\u00e1g\u00e1gy\u00e1sban, cser\u00e9pben \u00e9s vir\u00e1gkertben termeszthet\u0151. T\u00f6k\u00e9letesen t withhelichrysum, dychondra, ipomea. Vil\u00e1gos ter\u00fcleteken n\u0151 a legjobban, ellen\u00e1ll a sz\u00e1razs\u00e1gnak.<\/p>\n<p>Piros sz\u00edn<br \/>\nGy\u00e1rt\u00f3 \u017dalia stotel\u0117<br \/>\nVeget\u00e1ci\u00f3 Egyny\u00e1ri<br \/>\nAlkalmas vir\u00e1gos kertekben, b\u00f6lcs\u0151ben, cser\u00e9pben termeszt\u00e9sre<br \/>\nNapos \u00e9ghajlat<br \/>\nMagok sz\u00e1ma a csomagban, db. 15<\/p>\n","protected":false},"featured_media":23084,"comment_status":"closed","ping_status":"closed","template":"","meta":[],"product_brand":[],"product_cat":[363],"product_tag":[],"class_list":{"0":"post-23083","1":"product","2":"type-product","3":"status-publish","4":"has-post-thumbnail","6":"product_cat-virag-vetomagok-zalia-stotele","8":"first","9":"instock","10":"taxable","11":"shipping-taxable","12":"purchasable","13":"product-type-simple"},"_links":{"self":[{"href":"https:\/\/chilimag.hu\/webshop\/wp-json\/wp\/v2\/product\/23083","targetHints":{"allow":["GET"]}}],"collection":[{"href":"https:\/\/chilimag.hu\/webshop\/wp-json\/wp\/v2\/product"}],"about":[{"href":"https:\/\/chilimag.hu\/webshop\/wp-json\/wp\/v2\/types\/product"}],"replies":[{"embeddable":true,"href":"https:\/\/chilimag.hu\/webshop\/wp-json\/wp\/v2\/comments?post=23083"}],"wp:featuredmedia":[{"embeddable":true,"href":"https:\/\/chilimag.hu\/webshop\/wp-json\/wp\/v2\/media\/23084"}],"wp:attachment":[{"href":"https:\/\/chilimag.hu\/webshop\/wp-json\/wp\/v2\/media?parent=23083"}],"wp:term":[{"taxonomy":"product_brand","embeddable":true,"href":"https:\/\/chilimag.hu\/webshop\/wp-json\/wp\/v2\/product_brand?post=23083"},{"taxonomy":"product_cat","embeddable":true,"href":"https:\/\/chilimag.hu\/webshop\/wp-json\/wp\/v2\/product_cat?post=23083"},{"taxonomy":"product_tag","embeddable":true,"href":"https:\/\/chilimag.hu\/webshop\/wp-json\/wp\/v2\/product_tag?post=23083"}],"curies":[{"name":"wp","href":"https:\/\/api.w.org\/{rel}","templated":true}]}}