{"id":23081,"date":"2023-03-25T06:52:38","date_gmt":"2023-03-25T06:52:38","guid":{"rendered":"https:\/\/chilimag.hu\/webshop\/?post_type=product&#038;p=23081"},"modified":"2026-01-31T20:01:36","modified_gmt":"2026-01-31T20:01:36","slug":"verbena-quartz-h-burgundy-z-s-sl","status":"publish","type":"product","link":"https:\/\/chilimag.hu\/webshop\/termek\/verbena-quartz-h-burgundy-z-s-sl\/","title":{"rendered":"Verbena Quartz H Burgundy Z.S SL"},"content":{"rendered":"","protected":false},"excerpt":{"rendered":"<p><img decoding=\"async\" class=\"active-logo\" src=\"https:\/\/b2b.seklos.lt\/themes\/warehouse\/img\/logo_en.png\" alt=\"Agrofirma S\u0117klos, UAB\" width=\"280\" height=\"95\" \/><\/p>\n<p>Egyny\u00e1ri, \u00e9l\u00e9nk \u00e9s b\u0151s\u00e9ges vir\u00e1gokat hoz. ellen\u00e1ll a kedvez\u0151tlen termeszt\u00e9si k\u00f6r\u00fclm\u00e9nyeknek. A vir\u00e1gok kicsik, f\u00e9nyes f\u00fcrt\u00f6kben, 30-35 vir\u00e1ggal. A magok kicsik, vet\u00e9s ut\u00e1n nem takarj\u00e1k be a talajt. A pal\u00e1nt\u00e1kat cs\u00edr\u00e1z\u00e1s el\u0151tt le kell takarni. Az \u00e9l\u00e9nk sz\u00edn\u0171 verb\u00e9n\u00e1t vir\u00e1g\u00e1gy\u00e1sokban, padl\u00f3cserepekben \u00e9s vir\u00e1goskertekben termesztik. T\u00f6k\u00e9letesen illeszkedik helichrysum, dychondra, ipomea. Vil\u00e1gos ter\u00fcleteken n\u0151 a legjobban, ellen\u00e1ll a sz\u00e1razs\u00e1gnak.<br \/>\nMagok sz\u00e1ma grammonk\u00e9nt Kb. 400-500 mag<br \/>\n\u00dcltet\u00e9si t\u00e1vols\u00e1gok 20 X 30 CM<br \/>\nVir\u00e1gz\u00e1si id\u0151, magass\u00e1g VI\u2013IX, 20 cm<br \/>\nNapos hely Igen<br \/>\nSz\u00edne lila, lila<br \/>\nA pal\u00e1nt\u00e1k vet\u00e9sideje III\u2013IV<br \/>\nGy\u00e1rt\u00f3 \u017dalia stotel\u0117<br \/>\nVeget\u00e1ci\u00f3 Egyny\u00e1ri<br \/>\nVir\u00e1goskertekben, Alpinariumokban termeszthet\u0151<br \/>\nNapos \u00e9ghajlat<br \/>\nMagok sz\u00e1ma a csomagban, db. 15<\/p>\n","protected":false},"featured_media":23082,"comment_status":"closed","ping_status":"closed","template":"","meta":[],"product_brand":[],"product_cat":[363],"product_tag":[],"class_list":{"0":"post-23081","1":"product","2":"type-product","3":"status-publish","4":"has-post-thumbnail","6":"product_cat-virag-vetomagok-zalia-stotele","8":"first","9":"instock","10":"taxable","11":"shipping-taxable","12":"purchasable","13":"product-type-simple"},"_links":{"self":[{"href":"https:\/\/chilimag.hu\/webshop\/wp-json\/wp\/v2\/product\/23081","targetHints":{"allow":["GET"]}}],"collection":[{"href":"https:\/\/chilimag.hu\/webshop\/wp-json\/wp\/v2\/product"}],"about":[{"href":"https:\/\/chilimag.hu\/webshop\/wp-json\/wp\/v2\/types\/product"}],"replies":[{"embeddable":true,"href":"https:\/\/chilimag.hu\/webshop\/wp-json\/wp\/v2\/comments?post=23081"}],"wp:featuredmedia":[{"embeddable":true,"href":"https:\/\/chilimag.hu\/webshop\/wp-json\/wp\/v2\/media\/23082"}],"wp:attachment":[{"href":"https:\/\/chilimag.hu\/webshop\/wp-json\/wp\/v2\/media?parent=23081"}],"wp:term":[{"taxonomy":"product_brand","embeddable":true,"href":"https:\/\/chilimag.hu\/webshop\/wp-json\/wp\/v2\/product_brand?post=23081"},{"taxonomy":"product_cat","embeddable":true,"href":"https:\/\/chilimag.hu\/webshop\/wp-json\/wp\/v2\/product_cat?post=23081"},{"taxonomy":"product_tag","embeddable":true,"href":"https:\/\/chilimag.hu\/webshop\/wp-json\/wp\/v2\/product_tag?post=23081"}],"curies":[{"name":"wp","href":"https:\/\/api.w.org\/{rel}","templated":true}]}}