{"id":23079,"date":"2023-03-25T06:48:01","date_gmt":"2023-03-25T06:48:01","guid":{"rendered":"https:\/\/chilimag.hu\/webshop\/?post_type=product&#038;p=23079"},"modified":"2026-03-06T18:09:28","modified_gmt":"2026-03-06T18:09:28","slug":"kagylovirag-z-s-sl","status":"publish","type":"product","link":"https:\/\/chilimag.hu\/webshop\/termek\/kagylovirag-z-s-sl\/","title":{"rendered":"Kagyl\u00f3vir\u00e1g Z.S SL"},"content":{"rendered":"","protected":false},"excerpt":{"rendered":"<p><img decoding=\"async\" class=\"active-logo\" src=\"https:\/\/b2b.seklos.lt\/themes\/warehouse\/img\/logo_en.png\" alt=\"Agrofirma S\u0117klos, UAB\" width=\"280\" height=\"95\" \/><\/p>\n<p>Egyny\u00e1ri, 60 cm magas vir\u00e1gok, eredeti vir\u00e1gzattal. Alkalmas vir\u00e1gcsokor kompoz\u00edci\u00f3khoz haszn\u00e1lt sz\u00e1r\u00edtott vir\u00e1gok. A sz\u00e1r\u00edtott vir\u00e1gzat vil\u00e1goss\u00e1rga sz\u00edn\u0171. V\u00e1g\u00e1sra kiv\u00e1l\u00f3, sok\u00e1ig szil\u00e1rd marad. A termeszt\u00e9shez term\u00e9keny, nedves talajt kell v\u00e1lasztani. A pal\u00e1nt\u00e1kat vir\u00e1goskertbe kell \u00fcltetni. A magvak 18 \u00b0C-on 10-14 nap alatt cs\u00edr\u00e1znak. T\u00f6k\u00e9letesen kieg\u00e9sz\u00edti a vir\u00e1goskertek \u00e9l\u00e9nk sz\u00edn\u0171 vir\u00e1gait.<br \/>\nMagass\u00e1g 60 cm<br \/>\nMennyis\u00e9g egy csomagban 0,5 g<br \/>\nA magok sz\u00e1ma grammonk\u00e9nt ~ 140-160<br \/>\n\u00dcltet\u00e9si t\u00e1vols\u00e1gok 30 x 30 cm<br \/>\nVir\u00e1gz\u00e1si id\u0151, magass\u00e1g VII-VIII, 60 cm<br \/>\nSz\u00edn Z\u00f6ld<br \/>\nGy\u00e1rt\u00f3 \u017dalia stotel\u0117<br \/>\nVeget\u00e1ci\u00f3 Egyny\u00e1ri<br \/>\nVir\u00e1goskertekben termeszthet\u0151<br \/>\n\u00c9ghajlat R\u00e9szleges \u00e1rny\u00e9k, napos<br \/>\nVir\u00e1gz\u00e1si id\u0151szak III-IV<br \/>\nN\u00f6v\u00e9ny magass\u00e1ga, cm 60 cm<\/p>\n","protected":false},"featured_media":23080,"comment_status":"closed","ping_status":"closed","template":"","meta":[],"product_brand":[],"product_cat":[363],"product_tag":[],"class_list":{"0":"post-23079","1":"product","2":"type-product","3":"status-publish","4":"has-post-thumbnail","6":"product_cat-virag-vetomagok-zalia-stotele","8":"first","9":"instock","10":"taxable","11":"shipping-taxable","12":"purchasable","13":"product-type-simple"},"_links":{"self":[{"href":"https:\/\/chilimag.hu\/webshop\/wp-json\/wp\/v2\/product\/23079","targetHints":{"allow":["GET"]}}],"collection":[{"href":"https:\/\/chilimag.hu\/webshop\/wp-json\/wp\/v2\/product"}],"about":[{"href":"https:\/\/chilimag.hu\/webshop\/wp-json\/wp\/v2\/types\/product"}],"replies":[{"embeddable":true,"href":"https:\/\/chilimag.hu\/webshop\/wp-json\/wp\/v2\/comments?post=23079"}],"wp:featuredmedia":[{"embeddable":true,"href":"https:\/\/chilimag.hu\/webshop\/wp-json\/wp\/v2\/media\/23080"}],"wp:attachment":[{"href":"https:\/\/chilimag.hu\/webshop\/wp-json\/wp\/v2\/media?parent=23079"}],"wp:term":[{"taxonomy":"product_brand","embeddable":true,"href":"https:\/\/chilimag.hu\/webshop\/wp-json\/wp\/v2\/product_brand?post=23079"},{"taxonomy":"product_cat","embeddable":true,"href":"https:\/\/chilimag.hu\/webshop\/wp-json\/wp\/v2\/product_cat?post=23079"},{"taxonomy":"product_tag","embeddable":true,"href":"https:\/\/chilimag.hu\/webshop\/wp-json\/wp\/v2\/product_tag?post=23079"}],"curies":[{"name":"wp","href":"https:\/\/api.w.org\/{rel}","templated":true}]}}